{"id":150927,"date":"2021-01-15T11:03:41","date_gmt":"2021-01-15T11:03:41","guid":{"rendered":"https:\/\/codengine3.ch\/?product=import-placeholder-for-205697"},"modified":"2024-10-10T09:37:01","modified_gmt":"2024-10-10T07:37:01","slug":"auf-alten-kriegspfaden-durch-die-dolomiten","status":"publish","type":"product","link":"https:\/\/pizbube.ch\/en\/shop\/auf-alten-kriegspfaden-durch-die-dolomiten\/","title":{"rendered":"Auf alten Kriegspfaden und -steigen durch die Dolomiten"},"content":{"rendered":"<p>30 spektakul\u00e4re Wanderungen zwischen Drei Zinnen und Gardasee<\/p>\n<p>Wandern auf historischen und spektakul\u00e4ren Pfaden &#8211; die alten Kriegspfade in den Dolomiten verbinden beides.<\/p>\n<p>Zwischen Stilfser Joch, n\u00f6rdlichem Gardasee und \u00f6stlich der Etsch verlief im ersten Weltkrieg die Front. Entlang der alten Kriegspfade in den Ampezzaner und Sextener Dolomiten l\u00e4sst sich S\u00fcdtirols Geschichte heute noch hautnah erleben.<\/p>\n<p>Dieser au\u00dfergew\u00f6hnliche Wanderf\u00fchrer beschreibt 30 landschaftlich reizvolle Wanderungen auf alten Milit\u00e4rpfaden, zeigt die Spuren des Krieges im Gel\u00e4nde und erl\u00e4utert die geschichtlichen Hintergr\u00fcnde ausf\u00fchrlich. Mit ausf\u00fchrlichen Wegbeschreibungen, wissenswerten Infos, Detailkarten und GPS-Tracks zum Download<\/p>\n<p>160 Seiten; ca. 160 Abbildungen<br \/>\nFormat 16,5 x 23,5 cm; Klappenbroschur mit Fadenheftung<\/p>\n<p><span class=\"value\">Komplett \u00fcberarbeitete Auflage<\/span> 2021<\/p>","protected":false},"excerpt":{"rendered":"<p>30 spektakul\u00e4re Wanderungen zwischen Drei Zinnen und Gardasee Wandern auf historischen und spektakul\u00e4ren Pfaden &#8211; die alten Kriegspfade in den Dolomiten verbinden beides. Zwischen Stilfser Joch, n\u00f6rdlichem Gardasee und \u00f6stlich der Etsch verlief im ersten Weltkrieg die Front. Entlang der alten Kriegspfade in den Ampezzaner und Sextener Dolomiten l\u00e4sst sich S\u00fcdtirols Geschichte heute noch hautnah [&#8230;]\n","protected":false},"featured_media":157681,"template":"","meta":[],"product_brand":[],"product_cat":[21605],"product_tag":[26892],"class_list":{"0":"post-150927","1":"product","2":"type-product","3":"status-publish","4":"has-post-thumbnail","6":"product_cat-wanderfuehrer-trekking","7":"product_tag-auf-alten-kriegspfaden-durch-die-dolomiten","8":"pa_autor-huesler","9":"pa_erscheinungsjahr-25440","10":"pa_region-italien","11":"pa_sprache-de","13":"first","14":"instock","15":"taxable","16":"shipping-taxable","17":"purchasable","18":"product-type-simple"},"_links":{"self":[{"href":"https:\/\/pizbube.ch\/en\/wp-json\/wp\/v2\/product\/150927","targetHints":{"allow":["GET"]}}],"collection":[{"href":"https:\/\/pizbube.ch\/en\/wp-json\/wp\/v2\/product"}],"about":[{"href":"https:\/\/pizbube.ch\/en\/wp-json\/wp\/v2\/types\/product"}],"wp:featuredmedia":[{"embeddable":true,"href":"https:\/\/pizbube.ch\/en\/wp-json\/wp\/v2\/media\/157681"}],"wp:attachment":[{"href":"https:\/\/pizbube.ch\/en\/wp-json\/wp\/v2\/media?parent=150927"}],"wp:term":[{"taxonomy":"product_brand","embeddable":true,"href":"https:\/\/pizbube.ch\/en\/wp-json\/wp\/v2\/product_brand?post=150927"},{"taxonomy":"product_cat","embeddable":true,"href":"https:\/\/pizbube.ch\/en\/wp-json\/wp\/v2\/product_cat?post=150927"},{"taxonomy":"product_tag","embeddable":true,"href":"https:\/\/pizbube.ch\/en\/wp-json\/wp\/v2\/product_tag?post=150927"}],"curies":[{"name":"wp","href":"https:\/\/api.w.org\/{rel}","templated":true}]}}