{"id":150932,"date":"2021-01-15T11:03:41","date_gmt":"2021-01-15T11:03:41","guid":{"rendered":"https:\/\/codengine3.ch\/?product=import-placeholder-for-208132"},"modified":"2021-01-15T17:50:33","modified_gmt":"2021-01-15T17:50:33","slug":"escursionismo-consapevole-in-valle-daosta","status":"publish","type":"product","link":"https:\/\/pizbube.ch\/en\/shop\/escursionismo-consapevole-in-valle-daosta\/","title":{"rendered":"Escursionismo consapevole in Valle d&#8217;Aosta"},"content":{"rendered":"<p>44 escursioni a tema complete di mappe, profili altimetrici, tempi parziali,<br \/>\ntempi totali, scala difficolt\u00e0, cime da salire, cose da vedere<\/p>\n<p>La Valle d\u2019Aosta \u00e8 una delle regioni alpine per eccellenza, un nome che<br \/>\nimmediatamente evoca grandi montagne, le cime dei 4000, imponenti ghiacciai e<br \/>\nsevere pareti. In realt\u00e0, questa piccola regione, delimitata dai grandi gruppi<br \/>\ndel Gran Paradiso, del Monte Bianco, del Cervino e del Monte Rosa, non \u00e8<br \/>\nsoltanto un susseguirsi di vette e vallate ma \u00e8 molto di pi\u00f9: \u00e8 un prezioso<br \/>\nscrigno di biodiversit\u00e0, un avvincente libro che racconta di una storia<br \/>\nmillenaria e di altrettanto secolari tradizioni, una regione dove si parlano<br \/>\nsia il francese che l\u2019italiano, ma anche il patois che affonda le radici<br \/>\nnell\u2019antico franco-provenzale e dialetti medievali germanici nelle valli di<br \/>\nAyas e Gressoney, un luogo dove si pu\u00f2 ancora camminare su selciati Romani ed<br \/>\nentrare nelle miniere dei Salassi.<\/p>\n<p>Questo libro vuole essere un invito, in 11 capitoli e 44 escursioni, a<br \/>\nscoprire con occhi nuovi, attenti e consapevoli, questo microcosmo solo<br \/>\napparentemente facile da comprendere e in realt\u00e0 sfaccettato e ricco di<br \/>\ncoinvolgenti sorprese. Questa guida non vuole essere un compendio<br \/>\nenciclopedico in miniatura n\u00e9 si propone come pubblicazione di alcun valore<br \/>\nscientifico, ma vuole soltanto proporre una diversa chiave di lettura della<br \/>\nValle d\u2019Aosta e soprattutto fornire interessanti spunti per camminare sui<br \/>\nsentieri della regione con una consapevolezza inedita, per spingere piedi e<br \/>\npensieri verso un escursionismo che si possa tramutare in un\u2019emozionante<br \/>\ncammino di stupore e conoscenza.  <\/p>","protected":false},"excerpt":{"rendered":"<p>44 escursioni a tema complete di mappe, profili altimetrici, tempi parziali, tempi totali, scala difficolt\u00e0, cime da salire, cose da vedere La Valle d\u2019Aosta \u00e8 una delle regioni alpine per eccellenza, un nome che immediatamente evoca grandi montagne, le cime dei 4000, imponenti ghiacciai e severe pareti. In realt\u00e0, questa piccola regione, delimitata dai grandi [&#8230;]\n","protected":false},"featured_media":39443,"template":"","meta":[],"product_brand":[],"product_cat":[21605],"product_tag":[],"class_list":{"0":"post-150932","1":"product","2":"type-product","3":"status-publish","4":"has-post-thumbnail","6":"product_cat-wanderfuehrer-trekking","7":"pa_autor-greci","8":"pa_erscheinungsjahr-21546","9":"pa_region-italien","10":"pa_sprache-it","12":"first","13":"instock","14":"taxable","15":"shipping-taxable","16":"purchasable","17":"product-type-simple"},"_links":{"self":[{"href":"https:\/\/pizbube.ch\/en\/wp-json\/wp\/v2\/product\/150932","targetHints":{"allow":["GET"]}}],"collection":[{"href":"https:\/\/pizbube.ch\/en\/wp-json\/wp\/v2\/product"}],"about":[{"href":"https:\/\/pizbube.ch\/en\/wp-json\/wp\/v2\/types\/product"}],"wp:featuredmedia":[{"embeddable":true,"href":"https:\/\/pizbube.ch\/en\/wp-json\/wp\/v2\/media\/39443"}],"wp:attachment":[{"href":"https:\/\/pizbube.ch\/en\/wp-json\/wp\/v2\/media?parent=150932"}],"wp:term":[{"taxonomy":"product_brand","embeddable":true,"href":"https:\/\/pizbube.ch\/en\/wp-json\/wp\/v2\/product_brand?post=150932"},{"taxonomy":"product_cat","embeddable":true,"href":"https:\/\/pizbube.ch\/en\/wp-json\/wp\/v2\/product_cat?post=150932"},{"taxonomy":"product_tag","embeddable":true,"href":"https:\/\/pizbube.ch\/en\/wp-json\/wp\/v2\/product_tag?post=150932"}],"curies":[{"name":"wp","href":"https:\/\/api.w.org\/{rel}","templated":true}]}}