{"id":150939,"date":"2021-01-15T11:03:46","date_gmt":"2021-01-15T11:03:46","guid":{"rendered":"https:\/\/codengine3.ch\/?product=import-placeholder-for-202832"},"modified":"2021-01-15T12:39:42","modified_gmt":"2021-01-15T12:39:42","slug":"evolution-revolution-2-dvd","status":"publish","type":"product","link":"https:\/\/pizbube.ch\/en\/shop\/evolution-revolution-2-dvd\/","title":{"rendered":"EVOLUTION REVOLUTION 2 (DVD)"},"content":{"rendered":"<p>TONI LAMPRECHT nimmt uns in die verschneiten und bitterkalten Boulder- und<br \/>\nKlettergebiete rund um den Tegernsee und bouldert unglaubliche Z\u00fcge, w\u00e4hrend<br \/>\nder Kameramann tiefgefroren wird. Zum Ausgleich gehts danach auf eine<br \/>\nBoulderexpedition in den S\u00fcdpazifik, wo udini sein Traumland gefunden hat. Die<br \/>\nKrankheit, die im beginnenden 21ten Jahrhundert immer mehr Jugendliche<br \/>\nbef\u00e4llt, beleuchtet der n\u00e4chste Beitrag PLASTIKFIEBER. Danach bekommt der<br \/>\nZuschauer nicht nur die ganze Geschichte der ersten Wiederholung von<br \/>\nDREAMTIME, 8c bloc, sondern quasi eine komplette Bedienungsanleitung des<br \/>\nProblems von Superkletterer BERND ZANGERL. Mal was anderes? Eisklettern zum<br \/>\nBeispiel? Die elegante INES PAPERT zeigt uns, wie sie ihre Ger\u00e4te sch\u00e4rft und<br \/>\ndas Gletschereis hochtanzt. Und dann der H\u00f6hepunkt: In atemberaubenden Bildern<br \/>\nbeobachten wir KLEM LOSKOT beim Deep Water Soloing auf Mallorca. DVD; 90 min.  <\/p>","protected":false},"excerpt":{"rendered":"<p>TONI LAMPRECHT nimmt uns in die verschneiten und bitterkalten Boulder- und Klettergebiete rund um den Tegernsee und bouldert unglaubliche Z\u00fcge, w\u00e4hrend der Kameramann tiefgefroren wird. Zum Ausgleich gehts danach auf eine Boulderexpedition in den S\u00fcdpazifik, wo udini sein Traumland gefunden hat. Die Krankheit, die im beginnenden 21ten Jahrhundert immer mehr Jugendliche bef\u00e4llt, beleuchtet der n\u00e4chste [&#8230;]\n","protected":false},"featured_media":30283,"template":"","meta":[],"product_brand":[],"product_cat":[21628],"product_tag":[],"class_list":{"0":"post-150939","1":"product","2":"type-product","3":"status-publish","4":"has-post-thumbnail","6":"product_cat-video-dvd-multimedia","7":"pa_autor-neumann","8":"pa_erscheinungsjahr-22292","9":"pa_region-deutschland","10":"pa_sprache-de","12":"first","13":"outofstock","14":"taxable","15":"shipping-taxable","16":"purchasable","17":"product-type-simple"},"_links":{"self":[{"href":"https:\/\/pizbube.ch\/en\/wp-json\/wp\/v2\/product\/150939","targetHints":{"allow":["GET"]}}],"collection":[{"href":"https:\/\/pizbube.ch\/en\/wp-json\/wp\/v2\/product"}],"about":[{"href":"https:\/\/pizbube.ch\/en\/wp-json\/wp\/v2\/types\/product"}],"wp:featuredmedia":[{"embeddable":true,"href":"https:\/\/pizbube.ch\/en\/wp-json\/wp\/v2\/media\/30283"}],"wp:attachment":[{"href":"https:\/\/pizbube.ch\/en\/wp-json\/wp\/v2\/media?parent=150939"}],"wp:term":[{"taxonomy":"product_brand","embeddable":true,"href":"https:\/\/pizbube.ch\/en\/wp-json\/wp\/v2\/product_brand?post=150939"},{"taxonomy":"product_cat","embeddable":true,"href":"https:\/\/pizbube.ch\/en\/wp-json\/wp\/v2\/product_cat?post=150939"},{"taxonomy":"product_tag","embeddable":true,"href":"https:\/\/pizbube.ch\/en\/wp-json\/wp\/v2\/product_tag?post=150939"}],"curies":[{"name":"wp","href":"https:\/\/api.w.org\/{rel}","templated":true}]}}