{"id":150940,"date":"2021-01-15T11:03:47","date_gmt":"2021-01-15T11:03:47","guid":{"rendered":"https:\/\/codengine3.ch\/?product=import-placeholder-for-207824"},"modified":"2021-04-23T15:20:38","modified_gmt":"2021-04-23T13:20:38","slug":"bouldern","status":"publish","type":"product","link":"https:\/\/pizbube.ch\/en\/shop\/bouldern\/","title":{"rendered":"BOULDERN"},"content":{"rendered":"<p>Bouldern &#8211; Leistungssport oder Lebensphilosophie?<\/p>\n<p>Die einfache Antwort: Bouldern ist ein Klettersport, bei dem ohne Seil oder<br \/>\nSicherung an Felsvorspr\u00fcngen (auf englisch: &#171;Boulder&#187;) oder auf abgesteckten<br \/>\nRouten in der Kletterhalle geklettert wird. Doch f\u00fcr Bernd Zangerl ist<br \/>\nBouldern viel mehr als das: Es ist das vollst\u00e4ndige Vertrauen auf das K\u00f6nnen<br \/>\ndes eigenen K\u00f6rpers und das Eins-werden mit der Natur. Dabei gilt es, die<br \/>\neigenen \u00c4ngste zu \u00fcberwinden und auf das befreiende Gef\u00fchl hinzuarbeiten, die<br \/>\nschwierigste Passage zu meistern.<\/p>\n<p>Mit seinem Buch zeigt er Sportlern und faszinierten Zuschauern die trendige<br \/>\nWelt des Boulderns:- Wegbereiter und Stars der Boulder-Szene: spannende<br \/>\nStories und atemberaubende Fotos- Die Geschichte des Boulderns: von den<br \/>\nAnf\u00e4ngen an der Steilwand, hin zum Traverse-Klettern und dem modernen Bouldern<br \/>\nindoor und outdoor &#8211; Bouldern f\u00fcr Anf\u00e4nger: Die Grundlagen des Klettersports,<br \/>\nTechniken f\u00fcr Krafttraining und Ausdauertraining sowie Motivation und<br \/>\nWettkampfvorbereitung- Tipps zur Kletterausr\u00fcstung: Wann passen mir meine<br \/>\nBoulderschuhe richtig und wozu brauche ich Kletterzubeh\u00f6r wie chalk bag oder<br \/>\ncrash pad? &#8211; Bouldern mit Kindern sowie bekannte Bouldergebiete mit Routen f\u00fcr<br \/>\nEinsteiger und Fortgeschrittene Klettern lernen mit Bernd Zangerl, dem<br \/>\n&#171;Natural Born Free Climber&#187;.<\/p>\n<p>Aufgewachsen in Tirol ist Profikletterer Bernd Zangerl in der ganzen Welt zu<br \/>\nHause. Als Bergsteiger erkletterte er in jungen Jahren das Montblanc-Gebirge<br \/>\nund die Dolomiten, heute z\u00e4hlt er zu den besten Boulderern der Welt. Ob als<br \/>\nOutdoor-Sportart oder in der Boulderhalle: F\u00fcr ihn geht nichts \u00fcber das<br \/>\neuphorische Gef\u00fchl, neue Boulder zu erlernen, die schwierigsten Boulder in<br \/>\nTop-Zeit zu meistern und durch den Erfolg neues Selbstvertrauen zu sch\u00f6pfen.<\/p>\n<p>Dieses Buch l\u00e4sst Fans die Faszination, die von diesem Sport ausgeht,<br \/>\nmiterleben!<\/p>\n<p>&#171;PIZ-Bube&#187; Richi Signer ist Mitautor dieser grossartigen Dokumentation \u00fcber<br \/>\ndie &#171;kleinen Bl\u00f6cke&#187;!<\/p>\n<p>232 Seiten \/ 21 cm x 26 cm<\/p>","protected":false},"excerpt":{"rendered":"<p>Bouldern &#8211; Leistungssport oder Lebensphilosophie? Die einfache Antwort: Bouldern ist ein Klettersport, bei dem ohne Seil oder Sicherung an Felsvorspr\u00fcngen (auf englisch: &#171;Boulder&#187;) oder auf abgesteckten Routen in der Kletterhalle geklettert wird. Doch f\u00fcr Bernd Zangerl ist Bouldern viel mehr als das: Es ist das vollst\u00e4ndige Vertrauen auf das K\u00f6nnen des eigenen K\u00f6rpers und das [&#8230;]\n","protected":false},"featured_media":157031,"template":"","meta":[],"product_brand":[],"product_cat":[21542],"product_tag":[],"class_list":{"0":"post-150940","1":"product","2":"type-product","3":"status-publish","4":"has-post-thumbnail","6":"product_cat-sachbuecher-dokumentationen","7":"pa_autor-zangerl","8":"pa_erscheinungsjahr-21586","9":"pa_region-oesterreich","10":"pa_sprache-de","12":"first","13":"instock","14":"taxable","15":"shipping-taxable","16":"purchasable","17":"product-type-simple"},"_links":{"self":[{"href":"https:\/\/pizbube.ch\/en\/wp-json\/wp\/v2\/product\/150940","targetHints":{"allow":["GET"]}}],"collection":[{"href":"https:\/\/pizbube.ch\/en\/wp-json\/wp\/v2\/product"}],"about":[{"href":"https:\/\/pizbube.ch\/en\/wp-json\/wp\/v2\/types\/product"}],"wp:featuredmedia":[{"embeddable":true,"href":"https:\/\/pizbube.ch\/en\/wp-json\/wp\/v2\/media\/157031"}],"wp:attachment":[{"href":"https:\/\/pizbube.ch\/en\/wp-json\/wp\/v2\/media?parent=150940"}],"wp:term":[{"taxonomy":"product_brand","embeddable":true,"href":"https:\/\/pizbube.ch\/en\/wp-json\/wp\/v2\/product_brand?post=150940"},{"taxonomy":"product_cat","embeddable":true,"href":"https:\/\/pizbube.ch\/en\/wp-json\/wp\/v2\/product_cat?post=150940"},{"taxonomy":"product_tag","embeddable":true,"href":"https:\/\/pizbube.ch\/en\/wp-json\/wp\/v2\/product_tag?post=150940"}],"curies":[{"name":"wp","href":"https:\/\/api.w.org\/{rel}","templated":true}]}}