{"id":150941,"date":"2021-01-15T11:03:47","date_gmt":"2021-01-15T11:03:47","guid":{"rendered":"https:\/\/codengine3.ch\/?product=import-placeholder-for-201130"},"modified":"2026-04-11T13:29:14","modified_gmt":"2026-04-11T11:29:14","slug":"vogesen","status":"publish","type":"product","link":"https:\/\/pizbube.ch\/en\/shop\/vogesen\/","title":{"rendered":"Vogesen &#8211; Die sch\u00f6nsten Tal- und H\u00f6henwanderungen"},"content":{"rendered":"<p><span class=\"value\">Die sonnigen Vogesen zwischen Elsass und Lothringen sind eines der sch\u00f6nsten und naturbelassensten Mittelgebirge im Herzen Europas. Wasserdurchbrauste Schluchten, hochgebirgsartige Felsszenerien und Gipfel mit weiter Aussicht begeistern ebenso wie malerische Fachwerkorte, \u201eWunderquellen\u201c und geheimnisvolle Grotten. Die Vogesen sind bis heute ein Gebirge der Stille und des nat\u00fcrlichen Zaubers geblieben \u2013 was vor allem Wanderer, die zu Fu\u00df unterwegs sind, erfahren werden. Der Rother Wanderf\u00fchrer \u00bbVogesen\u00ab stellt die 50 sch\u00f6nsten Tal- und H\u00f6henwanderungen vor.<\/span><\/p>\n<p>Abwechslungsreiche Pfade f\u00fchren durch die Berglandschaften der Vogesen. Es geht zu bunten Sandsteinfelsen, auf hohe Aussichtsberge, durch Weing\u00e4rten und in stille Vogesen-T\u00e4ler. Die Ruine Fleckenstein, die wohl bekannteste Felsburg in den Vogesen, ist eine Hauptattraktion f\u00fcr Wanderer. Auch an der legend\u00e4ren Route des Vins d\u2019Alsace, der Weinstra\u00dfe, l\u00e4sst es sich herrlich wandern. Und der Ausblick vom Odilienberg auf die Rheinebene ist schlicht ph\u00e4nomenal. Insbesondere die Wanderungen durch die artenreichen Mischw\u00e4lder mit ihren \u00fcppigen Blumen- und Beerenbest\u00e4nden z\u00e4hlen zu den sch\u00f6nsten Erlebnissen in den Vogesen.<\/p>\n<p>9. Auflage 2023<br \/>\n50 H\u00f6henprofile, 50 Wanderk\u00e4rtchen im Ma\u00dfstab 1:50.000 und 1:75.000, zwei \u00dcbersichtsk\u00e4rtchen im Ma\u00dfstab 1:1.000.000 und 1:1.200.000<br \/>\n200 Seiten<\/p>","protected":false},"excerpt":{"rendered":"<p><strong>NEUAUFLAGE LAUT VERLAG MAI 2026<\/strong><\/p>","protected":false},"featured_media":173677,"template":"","meta":[],"product_brand":[],"product_cat":[21605],"product_tag":[],"class_list":{"0":"post-150941","1":"product","2":"type-product","3":"status-publish","4":"has-post-thumbnail","6":"product_cat-wanderfuehrer-trekking","7":"pa_autor-pollmann","8":"pa_erscheinungsjahr-27129","9":"pa_region-frankreich","10":"pa_sprache-de","12":"first","13":"outofstock","14":"taxable","15":"shipping-taxable","16":"purchasable","17":"product-type-simple"},"_links":{"self":[{"href":"https:\/\/pizbube.ch\/en\/wp-json\/wp\/v2\/product\/150941","targetHints":{"allow":["GET"]}}],"collection":[{"href":"https:\/\/pizbube.ch\/en\/wp-json\/wp\/v2\/product"}],"about":[{"href":"https:\/\/pizbube.ch\/en\/wp-json\/wp\/v2\/types\/product"}],"wp:featuredmedia":[{"embeddable":true,"href":"https:\/\/pizbube.ch\/en\/wp-json\/wp\/v2\/media\/173677"}],"wp:attachment":[{"href":"https:\/\/pizbube.ch\/en\/wp-json\/wp\/v2\/media?parent=150941"}],"wp:term":[{"taxonomy":"product_brand","embeddable":true,"href":"https:\/\/pizbube.ch\/en\/wp-json\/wp\/v2\/product_brand?post=150941"},{"taxonomy":"product_cat","embeddable":true,"href":"https:\/\/pizbube.ch\/en\/wp-json\/wp\/v2\/product_cat?post=150941"},{"taxonomy":"product_tag","embeddable":true,"href":"https:\/\/pizbube.ch\/en\/wp-json\/wp\/v2\/product_tag?post=150941"}],"curies":[{"name":"wp","href":"https:\/\/api.w.org\/{rel}","templated":true}]}}