{"id":150942,"date":"2021-01-15T11:03:47","date_gmt":"2021-01-15T11:03:47","guid":{"rendered":"https:\/\/codengine3.ch\/?product=import-placeholder-for-206819"},"modified":"2026-02-04T15:30:02","modified_gmt":"2026-02-04T14:30:02","slug":"schwarzwald-mit-vogesen-39-skitouren","status":"publish","type":"product","link":"https:\/\/pizbube.ch\/en\/shop\/schwarzwald-mit-vogesen-39-skitouren\/","title":{"rendered":"Schwarzwald mit Vogesen &#8211; 39 Skitouren"},"content":{"rendered":"<p>Der Schwarzwald \u2013 die Wiege des alpinen Skisports in Deutschland. Gemeinsam<br \/>\nmit den wundersch\u00f6nen Vogesen auf der anderen Rheinseite verf\u00fcgen beide<br \/>\nMittelgebirge \u00fcber allerhand Potential f\u00fcr gro\u00dfartige Touren im Gel\u00e4nde.<\/p>\n<p>Der Autor Matthias Schopp kennt sich in der Region bestens aus und pr\u00e4sentiert<br \/>\ndie winterlichen Berge seiner Wahlheimat in 38 Skitouren sowie einer<br \/>\nmehrt\u00e4gigen Durchquerung. Anf\u00e4nger wie Fortgeschrittene kommen auf den sanften<br \/>\nKuppen voll auf ihre Kosten und k\u00f6nnen neben den Klassikern an Feldberg und<br \/>\nHerzogenhorn auch einiges Neuland in abgeschiedenen Seitent\u00e4lern entdecken.<br \/>\nDar\u00fcber hinaus werden zehn Pistentouren vorgestellt, eine zunehmend beliebte<br \/>\nFreizeitaktivit\u00e4t und perfekt f\u00fcr die ersten Gehversuche auf Tourenski.<\/p>\n<p>Die detaillierten Routenbeschreibungen sind in Kartenausschnitten mit<br \/>\neingetragenem Wegverlauf verdeutlicht. Kompakt und \u00fcbersichtlich gibt der<br \/>\nSkitourenf\u00fchrer au\u00dferdem Infos zu Anreise, Naturschutz, Anforderungen und<br \/>\nm\u00f6glichen Gef\u00e4hrdungen. Sch\u00f6ne Fotos bringen Vorfreude auf den n\u00e4chsten<br \/>\nWinter.<\/p>\n<p>2. aktualis. Auflage 2019;<br \/>\n128 Seiten mit 90 Farbabbildungen; 39 Tourenk\u00e4rtchen im Ma\u00dfstab 1:35.000 bis<br \/>\n1:75.000, eine \u00dcbersichtskarte<\/p>","protected":false},"excerpt":{"rendered":"<ul>\n<li><a href=\"https:\/\/pizbube.ch\/wp-content\/uploads\/attachments\/a_022\/749B4E71EE4C18F634604542A0BDBA04.pdf\" target=\"_blank\" rel=\"noopener\">PDF: schwarzwald_vogesen_ski_inhalt.pdf<\/a><\/li>\n<\/ul>","protected":false},"featured_media":36211,"template":"","meta":[],"product_brand":[],"product_cat":[21540],"product_tag":[],"class_list":{"0":"post-150942","1":"product","2":"type-product","3":"status-publish","4":"has-post-thumbnail","6":"product_cat-fuehrerliteratur-alpin-winter","7":"pa_autor-schopp","8":"pa_erscheinungsjahr-21586","9":"pa_region-deutschland","10":"pa_sprache-de","12":"first","13":"outofstock","14":"taxable","15":"shipping-taxable","16":"purchasable","17":"product-type-simple"},"_links":{"self":[{"href":"https:\/\/pizbube.ch\/en\/wp-json\/wp\/v2\/product\/150942","targetHints":{"allow":["GET"]}}],"collection":[{"href":"https:\/\/pizbube.ch\/en\/wp-json\/wp\/v2\/product"}],"about":[{"href":"https:\/\/pizbube.ch\/en\/wp-json\/wp\/v2\/types\/product"}],"wp:featuredmedia":[{"embeddable":true,"href":"https:\/\/pizbube.ch\/en\/wp-json\/wp\/v2\/media\/36211"}],"wp:attachment":[{"href":"https:\/\/pizbube.ch\/en\/wp-json\/wp\/v2\/media?parent=150942"}],"wp:term":[{"taxonomy":"product_brand","embeddable":true,"href":"https:\/\/pizbube.ch\/en\/wp-json\/wp\/v2\/product_brand?post=150942"},{"taxonomy":"product_cat","embeddable":true,"href":"https:\/\/pizbube.ch\/en\/wp-json\/wp\/v2\/product_cat?post=150942"},{"taxonomy":"product_tag","embeddable":true,"href":"https:\/\/pizbube.ch\/en\/wp-json\/wp\/v2\/product_tag?post=150942"}],"curies":[{"name":"wp","href":"https:\/\/api.w.org\/{rel}","templated":true}]}}