{"id":150946,"date":"2021-01-15T11:03:47","date_gmt":"2021-01-15T11:03:47","guid":{"rendered":"https:\/\/codengine3.ch\/?product=import-placeholder-for-206606"},"modified":"2024-02-29T10:38:08","modified_gmt":"2024-02-29T09:38:08","slug":"monte-etna-alcantara-simeto-150000","status":"publish","type":"product","link":"https:\/\/pizbube.ch\/en\/shop\/monte-etna-alcantara-simeto-150000\/","title":{"rendered":"Monte Etna &#8211; Alcantara &#8211; Simeto 1:50&#8217;000"},"content":{"rendered":"<p>CartA escursionistichA<\/p>\n<p>Realizzata a cura di G. De Guidi e C. Monaco e con la collaborazione di<br \/>\nnumerosi esperti, \u00e8 la pi\u00f9 completa carta per una fruizione a 360\u00b0 del vulcano<br \/>\nitaliano. La carta, infatti non \u00e8 rivolta al solo pubblico degli escursionisti<br \/>\nma a tutti coloro che praticano le pi\u00f9 svariate attivit\u00e0 all\u2019aria aperta.<br \/>\nOltre ai classici sentieri per trekking e per mtb vi sono indicate le tracce<br \/>\nper l\u2019alpinimo, per lo sci di fondo e sci alpinismo, le palestre di roccia, i<br \/>\npercorsi fluviali e indicazioni per speleologi, bird watching, parapendio e<br \/>\ndeltaplano, nonch\u00e9 siti per le immersioni. La base topografica \u00e8 arricchita<br \/>\ncon le campiture delle colate laviche e la relativa datazione delle eruzioni.<\/p>\n<p>&nbsp;<\/p>\n<p>Hiking trail map; UTM \/ WGS84<br \/>\nAn extremely accurate map that has been compiled with every topographic detail<br \/>\nso as to make easily clear all the anthropogenic (roads, built up areas, paths<br \/>\nnetwork) and natural elements that are enhanced by the orographic shading.<\/p>\n<p>Informations for all outdoors activities included: Hiking, Mountaineering,<br \/>\nClimbing, Speleology, Ski touring, Mountain biking, Kayaking, Rafting,<br \/>\nParagliding, Diving.<\/p>\n<p>Touristische Wanderkarte des \u00c4tna,<br \/>\nZum Wandern, Skifahren, Klettern, Kajakfahren, Mountainbike-Fahren etc.<\/p>","protected":false},"excerpt":{"rendered":"<p>CartA escursionistichA Realizzata a cura di G. De Guidi e C. Monaco e con la collaborazione di numerosi esperti, \u00e8 la pi\u00f9 completa carta per una fruizione a 360\u00b0 del vulcano italiano. La carta, infatti non \u00e8 rivolta al solo pubblico degli escursionisti ma a tutti coloro che praticano le pi\u00f9 svariate attivit\u00e0 all\u2019aria aperta. [&#8230;]\n","protected":false},"featured_media":171833,"template":"","meta":[],"product_brand":[],"product_cat":[21543],"product_tag":[],"class_list":{"0":"post-150946","1":"product","2":"type-product","3":"status-publish","4":"has-post-thumbnail","6":"product_cat-landkarten","7":"pa_autor-global-map","8":"pa_erscheinungsjahr-27129","9":"pa_region-italien","10":"pa_sprache-de-en-fr-it-es","12":"first","13":"instock","14":"taxable","15":"shipping-taxable","16":"purchasable","17":"product-type-simple"},"_links":{"self":[{"href":"https:\/\/pizbube.ch\/en\/wp-json\/wp\/v2\/product\/150946","targetHints":{"allow":["GET"]}}],"collection":[{"href":"https:\/\/pizbube.ch\/en\/wp-json\/wp\/v2\/product"}],"about":[{"href":"https:\/\/pizbube.ch\/en\/wp-json\/wp\/v2\/types\/product"}],"wp:featuredmedia":[{"embeddable":true,"href":"https:\/\/pizbube.ch\/en\/wp-json\/wp\/v2\/media\/171833"}],"wp:attachment":[{"href":"https:\/\/pizbube.ch\/en\/wp-json\/wp\/v2\/media?parent=150946"}],"wp:term":[{"taxonomy":"product_brand","embeddable":true,"href":"https:\/\/pizbube.ch\/en\/wp-json\/wp\/v2\/product_brand?post=150946"},{"taxonomy":"product_cat","embeddable":true,"href":"https:\/\/pizbube.ch\/en\/wp-json\/wp\/v2\/product_cat?post=150946"},{"taxonomy":"product_tag","embeddable":true,"href":"https:\/\/pizbube.ch\/en\/wp-json\/wp\/v2\/product_tag?post=150946"}],"curies":[{"name":"wp","href":"https:\/\/api.w.org\/{rel}","templated":true}]}}