{"id":150947,"date":"2021-01-15T11:03:47","date_gmt":"2021-01-15T11:03:47","guid":{"rendered":"https:\/\/codengine3.ch\/?product=import-placeholder-for-201191"},"modified":"2023-08-15T14:19:11","modified_gmt":"2023-08-15T12:19:11","slug":"liparische-inseln-wandern-und-geniessen-zwischen-aetna-und-vesuv","status":"publish","type":"product","link":"https:\/\/pizbube.ch\/en\/shop\/liparische-inseln-wandern-und-geniessen-zwischen-aetna-und-vesuv\/","title":{"rendered":"Liparische Inseln &#8211; Wandern und Genie\u00dfen zwischen \u00c4tna und Vesuv"},"content":{"rendered":"<p>Wandern und Genie\u00dfen zwischen \u00c4tna und Vesuv. Ein Reisebegleiter<\/p>\n<p>Alicudi, Filicudi, Lipari, Panarea, Salina, Stromboli und Vulcano: sieben<br \/>\nInseln feurigen Ursprungs vor der Nordk\u00fcste Siziliens, ein vulkanischer<br \/>\nBr\u00fcckenschlag mit UNESCO-Pr\u00e4dikat vom \u00c4tna zum Vesuv. In der Antike<br \/>\nbezeichneten die Griechen den Archipel als Hephaest\u00edades und die R\u00f6mer als<br \/>\nVolcaniae, als Inseln des Feuergottes. Auf italienischen Seekarten hei\u00dfen sie<br \/>\nschlicht Liparische oder \u00c4olische Inseln. Tapfer verteidigen sie ihre Splendid<br \/>\nIsolation.<\/p>\n<p>An der Anreise per Schiff hat sich seit Odysseus\u2019 Tagen wenig ge\u00e4ndert \u2013 eine<br \/>\nEinladung zur Langsamkeit.<br \/>\nDas Inselh\u00fcpfen mit Wanderschuhen bietet abwechslungsreiche Wandertouren,<br \/>\nLandschaftsgl\u00fcck und \u2013 nicht zu vergessen \u2013 Badefreuden pur. Peter Amann<br \/>\nstellt die Menschen vor, die mit ihren Herbergen, Trattorien und Weinkellern<br \/>\nheute das sympathische Gesicht der Liparischen Inseln pr\u00e4gen. Sein Buch<br \/>\ner\u00f6ffnet Weitblicke \u00fcber das Tyrrhenische Meer, Tiefblicke in aktive<br \/>\nVulkankrater und Einblicke in eine jahrtausendalte Kulturgeschichte, die nicht<br \/>\nzuletzt auch kulinarisch zu entdecken ist. Ein Reisebegleiter, der keine<br \/>\nW\u00fcnsche offen l\u00e4sst.<\/p>\n<p>296 Seiten, 20.4 \u00d7 13.5 cm, Klappenbroschur, 2. Auflage 2023<br \/>\nMit Farbfotos, Routenskizzen und Serviceteil<\/p>","protected":false},"excerpt":{"rendered":"<p>Wandern und Genie\u00dfen zwischen \u00c4tna und Vesuv. Ein Reisebegleiter Alicudi, Filicudi, Lipari, Panarea, Salina, Stromboli und Vulcano: sieben Inseln feurigen Ursprungs vor der Nordk\u00fcste Siziliens, ein vulkanischer Br\u00fcckenschlag mit UNESCO-Pr\u00e4dikat vom \u00c4tna zum Vesuv. In der Antike bezeichneten die Griechen den Archipel als Hephaest\u00edades und die R\u00f6mer als Volcaniae, als Inseln des Feuergottes. Auf italienischen [&#8230;]\n","protected":false},"featured_media":169038,"template":"","meta":[],"product_brand":[],"product_cat":[21605],"product_tag":[],"class_list":{"0":"post-150947","1":"product","2":"type-product","3":"status-publish","4":"has-post-thumbnail","6":"product_cat-wanderfuehrer-trekking","7":"pa_autor-amann","8":"pa_erscheinungsjahr-27129","9":"pa_region-italien","10":"pa_sprache-de","12":"first","13":"onbackorder","14":"taxable","15":"shipping-taxable","16":"purchasable","17":"product-type-simple"},"_links":{"self":[{"href":"https:\/\/pizbube.ch\/en\/wp-json\/wp\/v2\/product\/150947","targetHints":{"allow":["GET"]}}],"collection":[{"href":"https:\/\/pizbube.ch\/en\/wp-json\/wp\/v2\/product"}],"about":[{"href":"https:\/\/pizbube.ch\/en\/wp-json\/wp\/v2\/types\/product"}],"wp:featuredmedia":[{"embeddable":true,"href":"https:\/\/pizbube.ch\/en\/wp-json\/wp\/v2\/media\/169038"}],"wp:attachment":[{"href":"https:\/\/pizbube.ch\/en\/wp-json\/wp\/v2\/media?parent=150947"}],"wp:term":[{"taxonomy":"product_brand","embeddable":true,"href":"https:\/\/pizbube.ch\/en\/wp-json\/wp\/v2\/product_brand?post=150947"},{"taxonomy":"product_cat","embeddable":true,"href":"https:\/\/pizbube.ch\/en\/wp-json\/wp\/v2\/product_cat?post=150947"},{"taxonomy":"product_tag","embeddable":true,"href":"https:\/\/pizbube.ch\/en\/wp-json\/wp\/v2\/product_tag?post=150947"}],"curies":[{"name":"wp","href":"https:\/\/api.w.org\/{rel}","templated":true}]}}