{"id":150950,"date":"2021-01-15T11:03:47","date_gmt":"2021-01-15T11:03:47","guid":{"rendered":"https:\/\/codengine3.ch\/?product=import-placeholder-for-201132"},"modified":"2021-01-15T11:03:51","modified_gmt":"2021-01-15T11:03:51","slug":"das-hotel-auf-dem-dach-der-welt","status":"publish","type":"product","link":"https:\/\/pizbube.ch\/en\/shop\/das-hotel-auf-dem-dach-der-welt\/","title":{"rendered":"Das Hotel auf dem Dach der Welt"},"content":{"rendered":"<p>Nur wenige Ausl\u00e4nder hatten je das Gl\u00fcck, tibetischen Boden zu betreten &#8211; der<br \/>\njunge Engl\u00e4nder Alec Le Sueur verbrachte als Mitarbeiter einer internationalen<br \/>\nHotelkette f\u00fcnf au\u00dfergew\u00f6hnliche Jahre in diesem Land. Vor der atemberaubend<br \/>\nsch\u00f6nen Kulisse des Himalaja entfaltet er einen h\u00f6chst am\u00fcsanten und politisch<br \/>\naufschlussreichen Bericht \u00fcber seine Erfahrungen. Le Sueur erforscht die<br \/>\nfaszinierenden kulturellen Hintergr\u00fcnde und bietet auf diese Weise fesselnde<br \/>\nEinblicke in ein Land, das dem modernen Reisenden so gut wir verschlossen ist.<\/p>","protected":false},"excerpt":{"rendered":"<p>Nur wenige Ausl\u00e4nder hatten je das Gl\u00fcck, tibetischen Boden zu betreten &#8211; der junge Engl\u00e4nder Alec Le Sueur verbrachte als Mitarbeiter einer internationalen Hotelkette f\u00fcnf au\u00dfergew\u00f6hnliche Jahre in diesem Land. Vor der atemberaubend sch\u00f6nen Kulisse des Himalaja entfaltet er einen h\u00f6chst am\u00fcsanten und politisch aufschlussreichen Bericht \u00fcber seine Erfahrungen. Le Sueur erforscht die faszinierenden kulturellen [&#8230;]\n","protected":false},"featured_media":28299,"template":"","meta":[],"product_brand":[],"product_cat":[21542],"product_tag":[],"class_list":{"0":"post-150950","1":"product","2":"type-product","3":"status-publish","4":"has-post-thumbnail","6":"product_cat-sachbuecher-dokumentationen","7":"pa_autor-le-sueur","8":"pa_erscheinungsjahr-21763","9":"pa_region-asien","10":"pa_sprache-de","12":"first","13":"outofstock","14":"taxable","15":"shipping-taxable","16":"purchasable","17":"product-type-simple"},"_links":{"self":[{"href":"https:\/\/pizbube.ch\/en\/wp-json\/wp\/v2\/product\/150950","targetHints":{"allow":["GET"]}}],"collection":[{"href":"https:\/\/pizbube.ch\/en\/wp-json\/wp\/v2\/product"}],"about":[{"href":"https:\/\/pizbube.ch\/en\/wp-json\/wp\/v2\/types\/product"}],"wp:featuredmedia":[{"embeddable":true,"href":"https:\/\/pizbube.ch\/en\/wp-json\/wp\/v2\/media\/28299"}],"wp:attachment":[{"href":"https:\/\/pizbube.ch\/en\/wp-json\/wp\/v2\/media?parent=150950"}],"wp:term":[{"taxonomy":"product_brand","embeddable":true,"href":"https:\/\/pizbube.ch\/en\/wp-json\/wp\/v2\/product_brand?post=150950"},{"taxonomy":"product_cat","embeddable":true,"href":"https:\/\/pizbube.ch\/en\/wp-json\/wp\/v2\/product_cat?post=150950"},{"taxonomy":"product_tag","embeddable":true,"href":"https:\/\/pizbube.ch\/en\/wp-json\/wp\/v2\/product_tag?post=150950"}],"curies":[{"name":"wp","href":"https:\/\/api.w.org\/{rel}","templated":true}]}}