{"id":150951,"date":"2021-01-15T11:03:47","date_gmt":"2021-01-15T11:03:47","guid":{"rendered":"https:\/\/codengine3.ch\/?product=import-placeholder-for-205065"},"modified":"2021-01-15T14:38:25","modified_gmt":"2021-01-15T14:38:25","slug":"tibet-flucht-vom-dach-der-welt","status":"publish","type":"product","link":"https:\/\/pizbube.ch\/en\/shop\/tibet-flucht-vom-dach-der-welt\/","title":{"rendered":"Tibet, Flucht vom Dach der Welt"},"content":{"rendered":"<p>\u00dcber 3.000 Tibeter fliehen jedes Jahr unter Lebensgefahr aus ihrer Heimat. Der<br \/>\nTV- und Fotojournalist Dieter Glogowski begleitete die tibetischen<br \/>\nFl\u00fcchtlingskinder Norbu und Lhakpa auf ihrem Weg \u00fcber den 5.800 Meter hohen<br \/>\nNangpala Pass. Seine atemberaubende Fotoreportage f\u00fchrt Betrachter und Leser<br \/>\nhautnah an die dramatischen Geschehnisse im Grenzgebiet zwischen Tibet und<br \/>\nNepal heran. Doch das Fl\u00fcchtlingsdrama auf dem Dach der Welt ist nur vor dem<br \/>\nmodernen und historischen Hintergrund der Beziehungen zwischen Tibet und China<br \/>\nwirklich zu verstehen. Die Texte des Schriftstellers und Tibet-Kenners Franz<br \/>\nBinder f\u00fchren profund in dieses komplexe Thema ein: er schildert die<br \/>\nwechselvolle Geschichte Tibets von den Anf\u00e4ngen bis zur Gegenwart, die<br \/>\nGeschichte des Buddhismus in Tibet sowie die Umbr\u00fcche, mit denen sich die<br \/>\nTibeter in ihrem Heimatland und im Exil konfrontiert sehen. Die Verbindung von<br \/>\npackender Reportage, gro\u00dfz\u00fcgigen Bildsequenzen und fundierter<br \/>\nHintergrundsinformation macht dieses Buch zu einer umfassenden Zusammenschau<br \/>\n\u00fcber das Schicksal Tibets<\/p>","protected":false},"excerpt":{"rendered":"<p>\u00dcber 3.000 Tibeter fliehen jedes Jahr unter Lebensgefahr aus ihrer Heimat. Der TV- und Fotojournalist Dieter Glogowski begleitete die tibetischen Fl\u00fcchtlingskinder Norbu und Lhakpa auf ihrem Weg \u00fcber den 5.800 Meter hohen Nangpala Pass. Seine atemberaubende Fotoreportage f\u00fchrt Betrachter und Leser hautnah an die dramatischen Geschehnisse im Grenzgebiet zwischen Tibet und Nepal heran. Doch das [&#8230;]\n","protected":false},"featured_media":33661,"template":"","meta":[],"product_brand":[],"product_cat":[21542],"product_tag":[],"class_list":{"0":"post-150951","1":"product","2":"type-product","3":"status-publish","4":"has-post-thumbnail","6":"product_cat-sachbuecher-dokumentationen","7":"pa_autor-glogowski-binder","8":"pa_erscheinungsjahr-21842","9":"pa_region-asien","10":"pa_sprache-de","12":"first","13":"outofstock","14":"taxable","15":"shipping-taxable","16":"purchasable","17":"product-type-simple"},"_links":{"self":[{"href":"https:\/\/pizbube.ch\/en\/wp-json\/wp\/v2\/product\/150951","targetHints":{"allow":["GET"]}}],"collection":[{"href":"https:\/\/pizbube.ch\/en\/wp-json\/wp\/v2\/product"}],"about":[{"href":"https:\/\/pizbube.ch\/en\/wp-json\/wp\/v2\/types\/product"}],"wp:featuredmedia":[{"embeddable":true,"href":"https:\/\/pizbube.ch\/en\/wp-json\/wp\/v2\/media\/33661"}],"wp:attachment":[{"href":"https:\/\/pizbube.ch\/en\/wp-json\/wp\/v2\/media?parent=150951"}],"wp:term":[{"taxonomy":"product_brand","embeddable":true,"href":"https:\/\/pizbube.ch\/en\/wp-json\/wp\/v2\/product_brand?post=150951"},{"taxonomy":"product_cat","embeddable":true,"href":"https:\/\/pizbube.ch\/en\/wp-json\/wp\/v2\/product_cat?post=150951"},{"taxonomy":"product_tag","embeddable":true,"href":"https:\/\/pizbube.ch\/en\/wp-json\/wp\/v2\/product_tag?post=150951"}],"curies":[{"name":"wp","href":"https:\/\/api.w.org\/{rel}","templated":true}]}}