{"id":150952,"date":"2021-01-15T11:03:47","date_gmt":"2021-01-15T11:03:47","guid":{"rendered":"https:\/\/codengine3.ch\/?product=import-placeholder-for-201263"},"modified":"2026-03-25T08:32:35","modified_gmt":"2026-03-25T07:32:35","slug":"sieben-jahre-in-tibet","status":"publish","type":"product","link":"https:\/\/pizbube.ch\/en\/shop\/sieben-jahre-in-tibet\/","title":{"rendered":"Sieben Jahre in Tibet"},"content":{"rendered":"<p>Harrer schildert seine Flucht mit mehreren Kameraden aus einem britischen<br \/>\nInternierungslager in Indien im April 1944. Dabei bleibt seine Darstellung<br \/>\nrecht zur\u00fcckhaltend und beschr\u00e4nkt sich auf die Beschreibung der Ereignisse,<br \/>\nLandschaften und Menschen, auf die sie trafen. Er zeichnet den Marsch der<br \/>\nFl\u00fcchtlinge durch Nordindien nach und ihren Aufenthalt im Grenzgebiet West-<br \/>\nund S\u00fcdtibets, wo sie mit Duldung lokaler Beh\u00f6rden in kleinen Siedlungen<br \/>\nleben.<\/p>\n<p>Als sie im Herbst 1945 endg\u00fcltig aus Tibet abgeschoben werden sollen, flieht<br \/>\nHarrer erneut in Begleitung von Peter Aufschnaiter. Auf dem Weg durch das<br \/>\nzentrale Hochland, auf dem sie sich bei den Nomaden als indische H\u00e4ndler oder<br \/>\nals einfache Pilger ausgeben, gelangen sie im Fr\u00fchjahr 1946 in die tibetische<br \/>\nHauptstadt Lhasa. Trotz des Drucks der britischen Mission wird ihre<br \/>\nAnwesenheit nicht nur toleriert, sie werden sogar Angestellte der tibetischen<br \/>\nRegierung.<\/p>\n<p>Im zweiten Teil des Buchs schildert Harrer Tibet und Lhasa daher st\u00e4rker aus<br \/>\nder Perspektive der Aristokratie und der gro\u00dfen Kl\u00f6ster. \u00dcber ein- flussreiche<br \/>\nG\u00f6nner lernt er bald die Eltern des Dalai-Lama, einen seiner \u00e4lteren Br\u00fcder<br \/>\nund im Herbst 1949 auch den Dalai-Lama pers\u00f6nlich kennen, dem er zuletzt sogar<br \/>\nPrivatunterricht erteilt. Mit dem Einmarsch der chinesischen<br \/>\nVolksbefreiungsarmee 1951 und der Flucht Harrers sowie des Dalai-Lama aus<br \/>\nLhasa endet das Buch.<\/p>\n<p>Taschenbuchausgabe; 26. Auflage 2022<\/p>","protected":false},"excerpt":{"rendered":"<p>Harrer schildert seine Flucht mit mehreren Kameraden aus einem britischen Internierungslager in Indien im April 1944. Dabei bleibt seine Darstellung recht zur\u00fcckhaltend und beschr\u00e4nkt sich auf die Beschreibung der Ereignisse, Landschaften und Menschen, auf die sie trafen. Er zeichnet den Marsch der Fl\u00fcchtlinge durch Nordindien nach und ihren Aufenthalt im Grenzgebiet West- und S\u00fcdtibets, wo [&#8230;]\n","protected":false},"featured_media":28554,"template":"","meta":[],"product_brand":[],"product_cat":[21542],"product_tag":[],"class_list":{"0":"post-150952","1":"product","2":"type-product","3":"status-publish","4":"has-post-thumbnail","6":"product_cat-sachbuecher-dokumentationen","7":"pa_autor-harrer","8":"pa_erscheinungsjahr-21574","9":"pa_region-asien","10":"pa_sprache-de","12":"first","13":"instock","14":"taxable","15":"shipping-taxable","16":"purchasable","17":"product-type-simple"},"_links":{"self":[{"href":"https:\/\/pizbube.ch\/en\/wp-json\/wp\/v2\/product\/150952","targetHints":{"allow":["GET"]}}],"collection":[{"href":"https:\/\/pizbube.ch\/en\/wp-json\/wp\/v2\/product"}],"about":[{"href":"https:\/\/pizbube.ch\/en\/wp-json\/wp\/v2\/types\/product"}],"wp:featuredmedia":[{"embeddable":true,"href":"https:\/\/pizbube.ch\/en\/wp-json\/wp\/v2\/media\/28554"}],"wp:attachment":[{"href":"https:\/\/pizbube.ch\/en\/wp-json\/wp\/v2\/media?parent=150952"}],"wp:term":[{"taxonomy":"product_brand","embeddable":true,"href":"https:\/\/pizbube.ch\/en\/wp-json\/wp\/v2\/product_brand?post=150952"},{"taxonomy":"product_cat","embeddable":true,"href":"https:\/\/pizbube.ch\/en\/wp-json\/wp\/v2\/product_cat?post=150952"},{"taxonomy":"product_tag","embeddable":true,"href":"https:\/\/pizbube.ch\/en\/wp-json\/wp\/v2\/product_tag?post=150952"}],"curies":[{"name":"wp","href":"https:\/\/api.w.org\/{rel}","templated":true}]}}