{"id":150954,"date":"2021-01-15T11:03:47","date_gmt":"2021-01-15T11:03:47","guid":{"rendered":"https:\/\/codengine3.ch\/?product=import-placeholder-for-203726"},"modified":"2021-01-15T14:26:03","modified_gmt":"2021-01-15T14:26:03","slug":"tibet-teil-2","status":"publish","type":"product","link":"https:\/\/pizbube.ch\/en\/shop\/tibet-teil-2\/","title":{"rendered":"Tibet Teil 2"},"content":{"rendered":"<p>Ein Film einer Tibetdurchquerung von Kathmandu nach Islamabad in Pakistan.<br \/>\nTeil 2: Vom Kailash \u00fcber Tasparang nach Kashgar und Pakistan. Der zweite Teil<br \/>\ndes Filmes beginnt mit einer Jeepfahrt \u00fcber die Hochebenen des Tschantang-<br \/>\nPlateaus zum Kloster Thirtapuri, eines der wichtigsten Kl\u00f6ster Tibets. \u00dcber<br \/>\nShiguanhe und den Aksai Chin f\u00fchrt eine Piste an abgelegenen Salzseen entlang<br \/>\nweiter ganz in den Westen Chinas nach Mazar. Von Kashgar geht es dann am<br \/>\nMuztagh-Ata vorbei zur Grenzstation Taxkurgan. Fahren Sie mit auf der<br \/>\nwildesten Stra\u00dfe der Welt, auf dem ber\u00fchmten Karakorum-Highway \u00fcber den 4690 m<br \/>\nhohen Khunjerab-Pa\u00df, der die Grenze zu Pakistan bildet, hinein in das<br \/>\nKarakorumgebirge Pakistans. DVD; 1 std. 35 min.<\/p>","protected":false},"excerpt":{"rendered":"<p>Ein Film einer Tibetdurchquerung von Kathmandu nach Islamabad in Pakistan. Teil 2: Vom Kailash \u00fcber Tasparang nach Kashgar und Pakistan. Der zweite Teil des Filmes beginnt mit einer Jeepfahrt \u00fcber die Hochebenen des Tschantang- Plateaus zum Kloster Thirtapuri, eines der wichtigsten Kl\u00f6ster Tibets. \u00dcber Shiguanhe und den Aksai Chin f\u00fchrt eine Piste an abgelegenen Salzseen [&#8230;]\n","protected":false},"featured_media":31393,"template":"","meta":[],"product_brand":[],"product_cat":[21628],"product_tag":[],"class_list":{"0":"post-150954","1":"product","2":"type-product","3":"status-publish","4":"has-post-thumbnail","6":"product_cat-video-dvd-multimedia","7":"pa_autor-beek","8":"pa_erscheinungsjahr-beek","9":"pa_region-asien","10":"pa_sprache-de","12":"first","13":"instock","14":"taxable","15":"shipping-taxable","16":"purchasable","17":"product-type-simple"},"_links":{"self":[{"href":"https:\/\/pizbube.ch\/en\/wp-json\/wp\/v2\/product\/150954","targetHints":{"allow":["GET"]}}],"collection":[{"href":"https:\/\/pizbube.ch\/en\/wp-json\/wp\/v2\/product"}],"about":[{"href":"https:\/\/pizbube.ch\/en\/wp-json\/wp\/v2\/types\/product"}],"wp:featuredmedia":[{"embeddable":true,"href":"https:\/\/pizbube.ch\/en\/wp-json\/wp\/v2\/media\/31393"}],"wp:attachment":[{"href":"https:\/\/pizbube.ch\/en\/wp-json\/wp\/v2\/media?parent=150954"}],"wp:term":[{"taxonomy":"product_brand","embeddable":true,"href":"https:\/\/pizbube.ch\/en\/wp-json\/wp\/v2\/product_brand?post=150954"},{"taxonomy":"product_cat","embeddable":true,"href":"https:\/\/pizbube.ch\/en\/wp-json\/wp\/v2\/product_cat?post=150954"},{"taxonomy":"product_tag","embeddable":true,"href":"https:\/\/pizbube.ch\/en\/wp-json\/wp\/v2\/product_tag?post=150954"}],"curies":[{"name":"wp","href":"https:\/\/api.w.org\/{rel}","templated":true}]}}