{"id":150956,"date":"2021-01-15T11:03:47","date_gmt":"2021-01-15T11:03:47","guid":{"rendered":"https:\/\/codengine3.ch\/?product=import-placeholder-for-205418"},"modified":"2021-01-15T14:41:03","modified_gmt":"2021-01-15T14:41:03","slug":"pakistan-1-1300000","status":"publish","type":"product","link":"https:\/\/pizbube.ch\/en\/shop\/pakistan-1-1300000\/","title":{"rendered":"pakistan 1: 1&#8217;300&#8217;000"},"content":{"rendered":"<p>2-seitig, Material: PolyArt (rei\u00df- und wasserfest, beschreibbar), Umschlag aus<br \/>\nPappe (Karte kann herausgenommen und ohne Umschlag benutzt werden)  <\/p>\n<p>Diese Landkarte erscheint in der Landkartenserie world mapping project bei<br \/>\nReise Know-How. Kennzeichnend ist die hochwertige, klare und moderne<br \/>\nkartografische Darstellung.  <\/p>\n<p>&#8211; H\u00f6henlinien mit H\u00f6henangaben<br \/>\n&#8211; Farbige H\u00f6henschichten<br \/>\n&#8211; Klassifiziertes Stra\u00dfennetz mit Entfernungsangaben<br \/>\n&#8211; Sehensw\u00fcrdigkeiten<br \/>\n&#8211; Ausf\u00fchrlicher Ortsindex<br \/>\n&#8211; GPS-Tauglichkeit durch L\u00e4ngen- und Breitengrade<br \/>\n&#8211; Viersprachige Legende (Deutsch, Englisch, Franz., Spanisch)  <\/p>","protected":false},"excerpt":{"rendered":"<p>2-seitig, Material: PolyArt (rei\u00df- und wasserfest, beschreibbar), Umschlag aus Pappe (Karte kann herausgenommen und ohne Umschlag benutzt werden) Diese Landkarte erscheint in der Landkartenserie world mapping project bei Reise Know-How. Kennzeichnend ist die hochwertige, klare und moderne kartografische Darstellung. &#8211; H\u00f6henlinien mit H\u00f6henangaben &#8211; Farbige H\u00f6henschichten &#8211; Klassifiziertes Stra\u00dfennetz mit Entfernungsangaben &#8211; Sehensw\u00fcrdigkeiten &#8211; Ausf\u00fchrlicher [&#8230;]\n","protected":false},"featured_media":34117,"template":"","meta":[],"product_brand":[],"product_cat":[21543],"product_tag":[],"class_list":{"0":"post-150956","1":"product","2":"type-product","3":"status-publish","4":"has-post-thumbnail","6":"product_cat-landkarten","7":"pa_autor-reise-know-how","8":"pa_erscheinungsjahr-21591","9":"pa_region-asien","10":"pa_sprache-d","11":"pa_sprache-e","12":"pa_sprache-f","13":"pa_sprache-i","15":"first","16":"instock","17":"taxable","18":"shipping-taxable","19":"purchasable","20":"product-type-simple"},"_links":{"self":[{"href":"https:\/\/pizbube.ch\/en\/wp-json\/wp\/v2\/product\/150956","targetHints":{"allow":["GET"]}}],"collection":[{"href":"https:\/\/pizbube.ch\/en\/wp-json\/wp\/v2\/product"}],"about":[{"href":"https:\/\/pizbube.ch\/en\/wp-json\/wp\/v2\/types\/product"}],"wp:featuredmedia":[{"embeddable":true,"href":"https:\/\/pizbube.ch\/en\/wp-json\/wp\/v2\/media\/34117"}],"wp:attachment":[{"href":"https:\/\/pizbube.ch\/en\/wp-json\/wp\/v2\/media?parent=150956"}],"wp:term":[{"taxonomy":"product_brand","embeddable":true,"href":"https:\/\/pizbube.ch\/en\/wp-json\/wp\/v2\/product_brand?post=150956"},{"taxonomy":"product_cat","embeddable":true,"href":"https:\/\/pizbube.ch\/en\/wp-json\/wp\/v2\/product_cat?post=150956"},{"taxonomy":"product_tag","embeddable":true,"href":"https:\/\/pizbube.ch\/en\/wp-json\/wp\/v2\/product_tag?post=150956"}],"curies":[{"name":"wp","href":"https:\/\/api.w.org\/{rel}","templated":true}]}}