{"id":150957,"date":"2021-01-15T11:03:48","date_gmt":"2021-01-15T11:03:48","guid":{"rendered":"https:\/\/codengine3.ch\/?product=import-placeholder-for-204545"},"modified":"2023-08-28T16:04:35","modified_gmt":"2023-08-28T14:04:35","slug":"strasse-der-achttausender","status":"publish","type":"product","link":"https:\/\/pizbube.ch\/en\/shop\/strasse-der-achttausender\/","title":{"rendered":"Strasse der Achttausender"},"content":{"rendered":"<p>Vom Dach der Welt zu Darjeelings Teeg\u00e4rten<\/p>\n<p>Auf einer abenteuerlichen Tour, die die vierzehn h\u00f6chsten Berge der Welt<br \/>\nverbindet, f\u00fchrt Hajo Bergmann uns zu den Natursch\u00f6nheiten des Himalaja und<br \/>\nKarakorum und taucht ein in die fremde Welt der dort lebenden V\u00f6lker. In den<br \/>\nBergen Pakistans, auf dem Karakorum Highway am Nanga Parbat, beginnt ein<br \/>\nReiseweg von unvergleichlicher Sch\u00f6nheit: Die vierzehn h\u00f6chsten Gipfel der<br \/>\nWelt sind hier wie an einer Kette aufgereiht ? darunter so legend\u00e4re<br \/>\nAchttausender wie der K2 und der Mount Everest.<\/p>\n<p>Hajo Bergmann, seit drei\u00dfig Jahren als Filmemacher in Asien unterwegs, nimmt<br \/>\nuns mit auf eine 5000 Kilometer lange, spektakul\u00e4re Tour durch vier L\u00e4nder und<br \/>\nzwei autonome Gebiete, die ihn mit Menschen aus v\u00f6llig unterschiedlichen<br \/>\nKulturen zusammenf\u00fchrt. Er besucht Tempel und Kl\u00f6ster, trifft M\u00f6nche und<br \/>\nMeteorologen, Sadhu-Pilger und Sufimusiker, Gurkhas und Eishockeyspieler,<br \/>\nJadeh\u00e4ndler und Teebarone, die alle eine ganz eigene Geschichte zu erz\u00e4hlen<br \/>\nhaben.<\/p>\n<p>Taschenbuchausgabe<\/p>","protected":false},"excerpt":{"rendered":"<p>Vom Dach der Welt zu Darjeelings Teeg\u00e4rten Auf einer abenteuerlichen Tour, die die vierzehn h\u00f6chsten Berge der Welt verbindet, f\u00fchrt Hajo Bergmann uns zu den Natursch\u00f6nheiten des Himalaja und Karakorum und taucht ein in die fremde Welt der dort lebenden V\u00f6lker. In den Bergen Pakistans, auf dem Karakorum Highway am Nanga Parbat, beginnt ein Reiseweg [&#8230;]\n","protected":false},"featured_media":27312,"template":"","meta":[],"product_brand":[],"product_cat":[21542],"product_tag":[],"class_list":{"0":"post-150957","1":"product","2":"type-product","3":"status-publish","4":"has-post-thumbnail","6":"product_cat-sachbuecher-dokumentationen","7":"pa_autor-bergmann","8":"pa_erscheinungsjahr-21574","9":"pa_region-asien","10":"pa_sprache-de","12":"first","13":"outofstock","14":"taxable","15":"shipping-taxable","16":"purchasable","17":"product-type-simple"},"_links":{"self":[{"href":"https:\/\/pizbube.ch\/en\/wp-json\/wp\/v2\/product\/150957","targetHints":{"allow":["GET"]}}],"collection":[{"href":"https:\/\/pizbube.ch\/en\/wp-json\/wp\/v2\/product"}],"about":[{"href":"https:\/\/pizbube.ch\/en\/wp-json\/wp\/v2\/types\/product"}],"wp:featuredmedia":[{"embeddable":true,"href":"https:\/\/pizbube.ch\/en\/wp-json\/wp\/v2\/media\/27312"}],"wp:attachment":[{"href":"https:\/\/pizbube.ch\/en\/wp-json\/wp\/v2\/media?parent=150957"}],"wp:term":[{"taxonomy":"product_brand","embeddable":true,"href":"https:\/\/pizbube.ch\/en\/wp-json\/wp\/v2\/product_brand?post=150957"},{"taxonomy":"product_cat","embeddable":true,"href":"https:\/\/pizbube.ch\/en\/wp-json\/wp\/v2\/product_cat?post=150957"},{"taxonomy":"product_tag","embeddable":true,"href":"https:\/\/pizbube.ch\/en\/wp-json\/wp\/v2\/product_tag?post=150957"}],"curies":[{"name":"wp","href":"https:\/\/api.w.org\/{rel}","templated":true}]}}