{"id":150959,"date":"2021-01-15T11:03:48","date_gmt":"2021-01-15T11:03:48","guid":{"rendered":"https:\/\/codengine3.ch\/?product=import-placeholder-for-201134"},"modified":"2021-01-15T11:03:52","modified_gmt":"2021-01-15T11:03:52","slug":"la-grande-ronde-autour-du-mont-blanc","status":"publish","type":"product","link":"https:\/\/pizbube.ch\/en\/shop\/la-grande-ronde-autour-du-mont-blanc\/","title":{"rendered":"La grande ronde autour du Mont Blanc"},"content":{"rendered":"<p>La plus fameuse excursion des Alpes!<br \/>\nA travers ce r\u00e9cit historique et descriptif, foisonnant d&#8217;anecdotes et de<br \/>\nnotes vivantes, Samivel se propose d&#8217;\u00eatre notre guide autour du plus fameux<br \/>\ndes massifs, en suivant l&#8217;un des parcours de randonn\u00e9e les plus c\u00e9l\u00e8bres : le<br \/>\nTour du Mont-Blanc.<br \/>\nAucun autre ouvrage ne permettra ainsi au lecteur de d\u00e9couvrir, sous la plume<br \/>\nd&#8217;un \u00e9crivain majeur, la richesse de la tradition montagnarde, l&#8217;histoire des<br \/>\nvall\u00e9es et des sommets, et au randonneur de voyager au service de<br \/>\nl&#8217;observation v\u00e9ritable de ce monde. Un texte publi\u00e9 en 1981 avec des photos<br \/>\ndans un ouvrage cartonn\u00e9 et qu&#8217;il \u00e9tait indispensable de restituer pour les<br \/>\nnouvelles g\u00e9n\u00e9rations d&#8217;amoureux de la montagne.  <\/p>","protected":false},"excerpt":{"rendered":"<p>La plus fameuse excursion des Alpes! A travers ce r\u00e9cit historique et descriptif, foisonnant d&#8217;anecdotes et de notes vivantes, Samivel se propose d&#8217;\u00eatre notre guide autour du plus fameux des massifs, en suivant l&#8217;un des parcours de randonn\u00e9e les plus c\u00e9l\u00e8bres : le Tour du Mont-Blanc. Aucun autre ouvrage ne permettra ainsi au lecteur de [&#8230;]\n","protected":false},"featured_media":28301,"template":"","meta":[],"product_brand":[],"product_cat":[21605],"product_tag":[],"class_list":{"0":"post-150959","1":"product","2":"type-product","3":"status-publish","4":"has-post-thumbnail","6":"product_cat-wanderfuehrer-trekking","7":"pa_autor-norande-samivel","8":"pa_erscheinungsjahr-22150","9":"pa_region-frankreich","10":"pa_sprache-fr","12":"first","13":"instock","14":"taxable","15":"shipping-taxable","16":"purchasable","17":"product-type-simple"},"_links":{"self":[{"href":"https:\/\/pizbube.ch\/en\/wp-json\/wp\/v2\/product\/150959","targetHints":{"allow":["GET"]}}],"collection":[{"href":"https:\/\/pizbube.ch\/en\/wp-json\/wp\/v2\/product"}],"about":[{"href":"https:\/\/pizbube.ch\/en\/wp-json\/wp\/v2\/types\/product"}],"wp:featuredmedia":[{"embeddable":true,"href":"https:\/\/pizbube.ch\/en\/wp-json\/wp\/v2\/media\/28301"}],"wp:attachment":[{"href":"https:\/\/pizbube.ch\/en\/wp-json\/wp\/v2\/media?parent=150959"}],"wp:term":[{"taxonomy":"product_brand","embeddable":true,"href":"https:\/\/pizbube.ch\/en\/wp-json\/wp\/v2\/product_brand?post=150959"},{"taxonomy":"product_cat","embeddable":true,"href":"https:\/\/pizbube.ch\/en\/wp-json\/wp\/v2\/product_cat?post=150959"},{"taxonomy":"product_tag","embeddable":true,"href":"https:\/\/pizbube.ch\/en\/wp-json\/wp\/v2\/product_tag?post=150959"}],"curies":[{"name":"wp","href":"https:\/\/api.w.org\/{rel}","templated":true}]}}