{"id":150961,"date":"2021-01-15T11:03:48","date_gmt":"2021-01-15T11:03:48","guid":{"rendered":"https:\/\/codengine3.ch\/?product=import-placeholder-for-202476"},"modified":"2023-06-29T16:58:48","modified_gmt":"2023-06-29T14:58:48","slug":"tour-du-mont-blanc","status":"publish","type":"product","link":"https:\/\/pizbube.ch\/en\/shop\/tour-du-mont-blanc\/","title":{"rendered":"Tour du Mont Blanc"},"content":{"rendered":"<p>France, Suisse et Italie : des panoramas grandioses pour plus de 10 jours autour du Mont Blanc<\/p>\n<p>Le Tour du Mont-Blanc attire chaque ann\u00e9e des milliers de randonneurs de toutes les nationalit\u00e9s qui souhaitent s&#8217;approcher de ces paysages glaciaires \u00e0 couper le souffle.<br \/>\nLe Mont-Blanc propose aussi des paysages pastoraux pour les amoureux des vaches tarines ou de la faune et de la flore montagnarde.<\/p>\n<p>Une partie de l&#8217;itin\u00e9raire passe par la Suisse et l&#8217;Italie, offrant une approche multiculturelle \u00e0 l&#8217;exp\u00e9rience de randonn\u00e9e.<\/p>\n<p>22<sup>\u00e8me<\/sup>\u00a0\u00e9dition &#8211; 03 \/ 2022<br \/>\nFormat : 21 x 13,5 cm<br \/>\n128 pages<\/p>","protected":false},"excerpt":{"rendered":"<p>France, Suisse et Italie : des panoramas grandioses pour plus de 10 jours autour du Mont Blanc Le Tour du Mont-Blanc attire chaque ann\u00e9e des milliers de randonneurs de toutes les nationalit\u00e9s qui souhaitent s&#8217;approcher de ces paysages glaciaires \u00e0 couper le souffle. Le Mont-Blanc propose aussi des paysages pastoraux pour les amoureux des vaches [&#8230;]\n","protected":false},"featured_media":162718,"template":"","meta":[],"product_brand":[],"product_cat":[21605],"product_tag":[],"class_list":{"0":"post-150961","1":"product","2":"type-product","3":"status-publish","4":"has-post-thumbnail","6":"product_cat-wanderfuehrer-trekking","7":"pa_autor-ffrp","8":"pa_erscheinungsjahr-27013","9":"pa_region-frankreich","10":"pa_sprache-fr","12":"first","13":"instock","14":"taxable","15":"shipping-taxable","16":"purchasable","17":"product-type-simple"},"_links":{"self":[{"href":"https:\/\/pizbube.ch\/en\/wp-json\/wp\/v2\/product\/150961","targetHints":{"allow":["GET"]}}],"collection":[{"href":"https:\/\/pizbube.ch\/en\/wp-json\/wp\/v2\/product"}],"about":[{"href":"https:\/\/pizbube.ch\/en\/wp-json\/wp\/v2\/types\/product"}],"wp:featuredmedia":[{"embeddable":true,"href":"https:\/\/pizbube.ch\/en\/wp-json\/wp\/v2\/media\/162718"}],"wp:attachment":[{"href":"https:\/\/pizbube.ch\/en\/wp-json\/wp\/v2\/media?parent=150961"}],"wp:term":[{"taxonomy":"product_brand","embeddable":true,"href":"https:\/\/pizbube.ch\/en\/wp-json\/wp\/v2\/product_brand?post=150961"},{"taxonomy":"product_cat","embeddable":true,"href":"https:\/\/pizbube.ch\/en\/wp-json\/wp\/v2\/product_cat?post=150961"},{"taxonomy":"product_tag","embeddable":true,"href":"https:\/\/pizbube.ch\/en\/wp-json\/wp\/v2\/product_tag?post=150961"}],"curies":[{"name":"wp","href":"https:\/\/api.w.org\/{rel}","templated":true}]}}