{"id":150962,"date":"2021-01-15T11:03:48","date_gmt":"2021-01-15T11:03:48","guid":{"rendered":"https:\/\/codengine3.ch\/?product=import-placeholder-for-203911"},"modified":"2025-06-05T13:48:00","modified_gmt":"2025-06-05T11:48:00","slug":"wandern-rund-um-den-montblanc","status":"publish","type":"product","link":"https:\/\/pizbube.ch\/en\/shop\/wandern-rund-um-den-montblanc\/","title":{"rendered":"Wandern rund um den Montblanc"},"content":{"rendered":"<p>Unterwegs auf bekannten und unbekannten Wegen rund um den h\u00f6chsten Berg der<br \/>\nAlpen.<\/p>\n<p>Die Tour du Mont-Blanc rund um den Montblanc z\u00e4hlt zu den sch\u00f6nsten und<br \/>\nbekanntesten Weitwanderwegen in den Alpen. Erstaunlich nur: Im<br \/>\ndeutschsprachigen Raum ist er wenig bekannt. Und erst recht unbekannt sind die<br \/>\nvielen anderen Wege abseits der Rundtour.<\/p>\n<p>Dieser Wanderf\u00fchrer f\u00fcllt eine L\u00fccke<br \/>\nund f\u00fchrt, abseits der touristischen Trampelpfade, rund um das Montblanc-<br \/>\nMassiv: \u00fcber zwanzig P\u00e4sse, durch drei L\u00e4nder, sieben T\u00e4ler und durch eines<br \/>\nder spannendsten Kapitel der Entdeckung der Alpen.<\/p>\n<p>Der Montblanc ist mit 4807 Metern der h\u00f6chste Gipfel der Alpen, ein Riese aus<br \/>\nFels und Eis &#8211; und ein Massiv: 21 Viertausender ragen spitz in den Himmel, 101<br \/>\nGletscher flie\u00dfen zu Tal.<\/p>\n<p>F\u00fcr die ersten Alpenreisenden war der Montblanc der Inbegriff des Schrecklichen, f\u00fcr seinen Entdecker Horace B\u00e9n\u00e9dict de Saussure eine Obsession, f\u00fcr Dichter und Maler ein unersch\u00f6pflicher Fundus an Eindr\u00fccken. Am Montblanc nahmen der Alpinismus und der Tourismus in den Alpen ihren Anfang. Bis heute bleibt er ein H\u00f6hepunkt jeder Europareise und eine Herausforderung f\u00fcr die Alpinisten. Der Montblanc steht exemplarisch f\u00fcr eine Region, in der sich spektakul\u00e4re Natur, traditionelle pastorale Kultur, modernste Industrie, Transitraum und Massentourismus auf engstem Raum befinden.<\/p>\n<p>288 Seiten, 19.0 \u00d7 13.0 cm, Klappenbroschur<br \/>\n1. Auflage 2005<br \/>\nMit Farbfotos, Routenskizzen und Serviceteil<\/p>","protected":false},"excerpt":{"rendered":"<p>Unterwegs auf bekannten und unbekannten Wegen rund um den h\u00f6chsten Berg der Alpen. Die Tour du Mont-Blanc rund um den Montblanc z\u00e4hlt zu den sch\u00f6nsten und bekanntesten Weitwanderwegen in den Alpen. Erstaunlich nur: Im deutschsprachigen Raum ist er wenig bekannt. Und erst recht unbekannt sind die vielen anderen Wege abseits der Rundtour. Dieser Wanderf\u00fchrer f\u00fcllt [&#8230;]\n","protected":false},"featured_media":157733,"template":"","meta":[],"product_brand":[],"product_cat":[21605],"product_tag":[],"class_list":{"0":"post-150962","1":"product","2":"type-product","3":"status-publish","4":"has-post-thumbnail","6":"product_cat-wanderfuehrer-trekking","7":"pa_autor-flueeler","8":"pa_erscheinungsjahr-21776","9":"pa_region-frankreich","10":"pa_sprache-de","12":"first","13":"instock","14":"taxable","15":"shipping-taxable","16":"purchasable","17":"product-type-simple"},"_links":{"self":[{"href":"https:\/\/pizbube.ch\/en\/wp-json\/wp\/v2\/product\/150962","targetHints":{"allow":["GET"]}}],"collection":[{"href":"https:\/\/pizbube.ch\/en\/wp-json\/wp\/v2\/product"}],"about":[{"href":"https:\/\/pizbube.ch\/en\/wp-json\/wp\/v2\/types\/product"}],"wp:featuredmedia":[{"embeddable":true,"href":"https:\/\/pizbube.ch\/en\/wp-json\/wp\/v2\/media\/157733"}],"wp:attachment":[{"href":"https:\/\/pizbube.ch\/en\/wp-json\/wp\/v2\/media?parent=150962"}],"wp:term":[{"taxonomy":"product_brand","embeddable":true,"href":"https:\/\/pizbube.ch\/en\/wp-json\/wp\/v2\/product_brand?post=150962"},{"taxonomy":"product_cat","embeddable":true,"href":"https:\/\/pizbube.ch\/en\/wp-json\/wp\/v2\/product_cat?post=150962"},{"taxonomy":"product_tag","embeddable":true,"href":"https:\/\/pizbube.ch\/en\/wp-json\/wp\/v2\/product_tag?post=150962"}],"curies":[{"name":"wp","href":"https:\/\/api.w.org\/{rel}","templated":true}]}}