{"id":150964,"date":"2021-01-15T11:03:48","date_gmt":"2021-01-15T11:03:48","guid":{"rendered":"https:\/\/codengine3.ch\/?product=import-placeholder-for-208517"},"modified":"2021-01-15T17:54:52","modified_gmt":"2021-01-15T17:54:52","slug":"massif-du-mont-blanc-le-tour-par-les-sentiers","status":"publish","type":"product","link":"https:\/\/pizbube.ch\/en\/shop\/massif-du-mont-blanc-le-tour-par-les-sentiers\/","title":{"rendered":"Massif du Mont-Blanc: le tour par les sentiers"},"content":{"rendered":"<p>Le tour du massif du Mont-Blanc (&#171;TMB&#187; pour les intimes) est l&#8217;un des<br \/>\nsentiers de grande randonn\u00e9e les plus populaires en Europe, un classique pour<br \/>\nqui veut c\u00f4toyer plusieurs jours durant le Toit de l&#8217;Europe et ses alentours.<\/p>\n<p>Circonvolution transfrontali\u00e8re (flirtant avec la France, l&#8217;Italie et la<br \/>\nSuisse) autour du Mont Blanc et d\u2019un massif regroupant 28 sommets de plus de<br \/>\n4000 m d\u2019altitude, ce parcours unique offre le bonheur de marcher face aux<br \/>\npanoramas exceptionnels de la haute montagne et de ses glaciers.<\/p>\n<p>L\u2019itin\u00e9raire usuel a pas mal \u00e9volu\u00e9 au cours des ann\u00e9es (h\u00e9bergements,<br \/>\nsentiers, marquages) tout comme la mani\u00e8re d\u2019appr\u00e9hender le parcours.<br \/>\nPlusieurs alternatives ou variantes se sont ainsi d\u00e9velopp\u00e9es en parall\u00e8le et<br \/>\nse pr\u00e9sentent d\u00e9sormais au randonneur.<\/p>\n<p>Ce nouveau topo se veut donc plus lisible et mieux adapt\u00e9 \u00e0 toutes ces<br \/>\n\u00e9volutions en proposant un s\u00e9quen\u00e7age logique, dict\u00e9 par l\u2019exp\u00e9rience du<br \/>\nterrain, avec :<br \/>\n&#8211; un d\u00e9coupage d\u2019\u00e9tapes sur une semaine (dans l&#8217;optique de r\u00e9pondre \u00e0 la<br \/>\ndur\u00e9e classique privil\u00e9gi\u00e9e par la plupart des randonneurs)<br \/>\n&#8211; un d\u00e9coupage en 11 \u00e9tapes (dans l&#8217;id\u00e9e d&#8217;offrir un parcours int\u00e9gral au<br \/>\nplus pr\u00e8s des alpages et sans liaison m\u00e9canique)<br \/>\n&#8211; une description de variantes alpines (pour agr\u00e9menter les parcours de<br \/>\ncombinaisons originales)<\/p>\n<p>&#8211; Format poche 12,5 x 17,5 cm<br \/>\n&#8211; 268 pages quadri<br \/>\n&#8211; Photos et panoramiques avec trac\u00e9s<br \/>\n&#8211; Cartes 1:50000 avec marquages de chaque \u00e9tape<\/p>","protected":false},"excerpt":{"rendered":"<p>Le tour du massif du Mont-Blanc (&#171;TMB&#187; pour les intimes) est l&#8217;un des sentiers de grande randonn\u00e9e les plus populaires en Europe, un classique pour qui veut c\u00f4toyer plusieurs jours durant le Toit de l&#8217;Europe et ses alentours. Circonvolution transfrontali\u00e8re (flirtant avec la France, l&#8217;Italie et la Suisse) autour du Mont Blanc et d\u2019un massif [&#8230;]\n","protected":false},"featured_media":40432,"template":"","meta":[],"product_brand":[],"product_cat":[21605],"product_tag":[],"class_list":{"0":"post-150964","1":"product","2":"type-product","3":"status-publish","4":"has-post-thumbnail","6":"product_cat-wanderfuehrer-trekking","7":"pa_autor-cormier","8":"pa_erscheinungsjahr-21597","9":"pa_region-frankreich","10":"pa_sprache-fr","12":"first","13":"instock","14":"taxable","15":"shipping-taxable","16":"purchasable","17":"product-type-simple"},"_links":{"self":[{"href":"https:\/\/pizbube.ch\/en\/wp-json\/wp\/v2\/product\/150964","targetHints":{"allow":["GET"]}}],"collection":[{"href":"https:\/\/pizbube.ch\/en\/wp-json\/wp\/v2\/product"}],"about":[{"href":"https:\/\/pizbube.ch\/en\/wp-json\/wp\/v2\/types\/product"}],"wp:featuredmedia":[{"embeddable":true,"href":"https:\/\/pizbube.ch\/en\/wp-json\/wp\/v2\/media\/40432"}],"wp:attachment":[{"href":"https:\/\/pizbube.ch\/en\/wp-json\/wp\/v2\/media?parent=150964"}],"wp:term":[{"taxonomy":"product_brand","embeddable":true,"href":"https:\/\/pizbube.ch\/en\/wp-json\/wp\/v2\/product_brand?post=150964"},{"taxonomy":"product_cat","embeddable":true,"href":"https:\/\/pizbube.ch\/en\/wp-json\/wp\/v2\/product_cat?post=150964"},{"taxonomy":"product_tag","embeddable":true,"href":"https:\/\/pizbube.ch\/en\/wp-json\/wp\/v2\/product_tag?post=150964"}],"curies":[{"name":"wp","href":"https:\/\/api.w.org\/{rel}","templated":true}]}}