{"id":150967,"date":"2021-01-15T11:03:48","date_gmt":"2021-01-15T11:03:48","guid":{"rendered":"https:\/\/codengine3.ch\/?product=import-placeholder-for-203121"},"modified":"2021-01-15T12:54:17","modified_gmt":"2021-01-15T12:54:17","slug":"die-schoensten-trekking-routen-asien-afrika-neuseeland","status":"publish","type":"product","link":"https:\/\/pizbube.ch\/en\/shop\/die-schoensten-trekking-routen-asien-afrika-neuseeland\/","title":{"rendered":"Die sch\u00f6nsten Trekking Routen Asien, Afrika, Neuseeland"},"content":{"rendered":"<p>Einsteiger-Routen, Klassiker, herausfordernde Touren und Spezial-Tipps: Nepal,<br \/>\nNordindien, Tibet, Pakistan, Kirgisistan, Kasachstan, Marokko, Tansania,<br \/>\nKenia, Uganda, La R\u00e9union, Neuseeland. Lage, Dauer, Schwierigkeitsgrad,<br \/>\nAusr\u00fcstung, Karten, Anreise, Kosten, Permits, F\u00fchrer, Reise-Infos. Praxis.<br \/>\nFarb., s\/w. Fotos, Abb., Tab.. 176 S.<\/p>","protected":false},"excerpt":{"rendered":"<p>Einsteiger-Routen, Klassiker, herausfordernde Touren und Spezial-Tipps: Nepal, Nordindien, Tibet, Pakistan, Kirgisistan, Kasachstan, Marokko, Tansania, Kenia, Uganda, La R\u00e9union, Neuseeland. Lage, Dauer, Schwierigkeitsgrad, Ausr\u00fcstung, Karten, Anreise, Kosten, Permits, F\u00fchrer, Reise-Infos. Praxis. Farb., s\/w. Fotos, Abb., Tab.. 176 S.<\/p>","protected":false},"featured_media":30653,"template":"","meta":[],"product_brand":[],"product_cat":[21605],"product_tag":[],"class_list":{"0":"post-150967","1":"product","2":"type-product","3":"status-publish","4":"has-post-thumbnail","6":"product_cat-wanderfuehrer-trekking","7":"pa_autor-schramm","8":"pa_erscheinungsjahr-22292","9":"pa_region-deutschland","10":"pa_sprache-de","12":"first","13":"instock","14":"taxable","15":"shipping-taxable","16":"purchasable","17":"product-type-simple"},"_links":{"self":[{"href":"https:\/\/pizbube.ch\/en\/wp-json\/wp\/v2\/product\/150967","targetHints":{"allow":["GET"]}}],"collection":[{"href":"https:\/\/pizbube.ch\/en\/wp-json\/wp\/v2\/product"}],"about":[{"href":"https:\/\/pizbube.ch\/en\/wp-json\/wp\/v2\/types\/product"}],"wp:featuredmedia":[{"embeddable":true,"href":"https:\/\/pizbube.ch\/en\/wp-json\/wp\/v2\/media\/30653"}],"wp:attachment":[{"href":"https:\/\/pizbube.ch\/en\/wp-json\/wp\/v2\/media?parent=150967"}],"wp:term":[{"taxonomy":"product_brand","embeddable":true,"href":"https:\/\/pizbube.ch\/en\/wp-json\/wp\/v2\/product_brand?post=150967"},{"taxonomy":"product_cat","embeddable":true,"href":"https:\/\/pizbube.ch\/en\/wp-json\/wp\/v2\/product_cat?post=150967"},{"taxonomy":"product_tag","embeddable":true,"href":"https:\/\/pizbube.ch\/en\/wp-json\/wp\/v2\/product_tag?post=150967"}],"curies":[{"name":"wp","href":"https:\/\/api.w.org\/{rel}","templated":true}]}}