{"id":150969,"date":"2021-01-15T11:03:48","date_gmt":"2021-01-15T11:03:48","guid":{"rendered":"https:\/\/codengine3.ch\/?product=import-placeholder-for-203222"},"modified":"2023-03-14T09:51:46","modified_gmt":"2023-03-14T08:51:46","slug":"marokko-vom-rif-zum-antiatlas","status":"publish","type":"product","link":"https:\/\/pizbube.ch\/en\/shop\/marokko-vom-rif-zum-antiatlas\/","title":{"rendered":"Marokko &#8211; Vom Rif zum Antiatlas"},"content":{"rendered":"<p>Dieser umfassende Reisef\u00fchrer wendet sich in erster Linie an aktiv Reisende,<br \/>\ndie das Land auf eigene Faust kennen lernen wollen, egal ob als Bergsteiger,<br \/>\nKajakfahrer, Off-Roader, Mountainbiker, Motorrad- oder Autofahrer, Tramper<br \/>\noder Bus-\/Bahnreisender. Er bietet aber auch unternehmungslustigen<br \/>\nPauschalurlaubern mehr als die \u00fcbliche Aufz\u00e4hlung von Sehensw\u00fcrdigkeiten. Das<br \/>\nBuch soll Wissen \u00fcber das Land, seine Menschen und seine vielf\u00e4ltigen Probleme<br \/>\nvermitteln und damit optimal auf das, was die Reisenden unterwegs erwartet,<br \/>\nvorbereiten.<\/p>\n<p>Diese Handbuch enth\u00e4lt ausf\u00fchrliche Kapitel \u00fcber Religion, Geschichte,<br \/>\nPolitik, Kultur, Flora und Fauna, Tips zur Reisevorbereitung, f\u00fcr unterwegs<br \/>\nund zum besseren Verst\u00e4ndnis f\u00fcr das Land, die Bev\u00f6lkerung und die<br \/>\nBesonderheiten der arabischen Kultur und Lebensart. Detaillierte Orts-,<br \/>\nRouten- und Landschaftsbeschreibungen, Hintergrundinformationen, verl\u00e4\u00dfliche<br \/>\nEmpfehlungen f\u00fcr Individual- und organisiert Reisende und genaue<br \/>\nBeschreibungen der Sehensw\u00fcrdigkeiten und kulturellen H\u00f6hepunkte, lassen keine<br \/>\nFrage offen.<\/p>\n<p>Ausf\u00fchrliches Sportkapitel: Rad fahren, Wildwasser, Trekking, Bergsteigen, Ski<br \/>\nfahren, Gleitschirmfliegen, Wassersport. 70 Stadtpl., 250 Fotos u. 50<br \/>\nTuschezeichn.. 888 S.. Kartenatlas in Farbe, 24 S. 11. \u00fcberarbeitete Auflg.<\/p>","protected":false},"excerpt":{"rendered":"<p>Dieser umfassende Reisef\u00fchrer wendet sich in erster Linie an aktiv Reisende, die das Land auf eigene Faust kennen lernen wollen, egal ob als Bergsteiger, Kajakfahrer, Off-Roader, Mountainbiker, Motorrad- oder Autofahrer, Tramper oder Bus-\/Bahnreisender. Er bietet aber auch unternehmungslustigen Pauschalurlaubern mehr als die \u00fcbliche Aufz\u00e4hlung von Sehensw\u00fcrdigkeiten. Das Buch soll Wissen \u00fcber das Land, seine Menschen [&#8230;]\n","protected":false},"featured_media":28401,"template":"","meta":[],"product_brand":[],"product_cat":[21605],"product_tag":[],"class_list":{"0":"post-150969","1":"product","2":"type-product","3":"status-publish","4":"has-post-thumbnail","6":"product_cat-wanderfuehrer-trekking","7":"pa_autor-daerr","8":"pa_erscheinungsjahr-21571","9":"pa_region-afrika","10":"pa_sprache-de","12":"first","13":"outofstock","14":"taxable","15":"shipping-taxable","16":"purchasable","17":"product-type-simple"},"_links":{"self":[{"href":"https:\/\/pizbube.ch\/en\/wp-json\/wp\/v2\/product\/150969","targetHints":{"allow":["GET"]}}],"collection":[{"href":"https:\/\/pizbube.ch\/en\/wp-json\/wp\/v2\/product"}],"about":[{"href":"https:\/\/pizbube.ch\/en\/wp-json\/wp\/v2\/types\/product"}],"wp:featuredmedia":[{"embeddable":true,"href":"https:\/\/pizbube.ch\/en\/wp-json\/wp\/v2\/media\/28401"}],"wp:attachment":[{"href":"https:\/\/pizbube.ch\/en\/wp-json\/wp\/v2\/media?parent=150969"}],"wp:term":[{"taxonomy":"product_brand","embeddable":true,"href":"https:\/\/pizbube.ch\/en\/wp-json\/wp\/v2\/product_brand?post=150969"},{"taxonomy":"product_cat","embeddable":true,"href":"https:\/\/pizbube.ch\/en\/wp-json\/wp\/v2\/product_cat?post=150969"},{"taxonomy":"product_tag","embeddable":true,"href":"https:\/\/pizbube.ch\/en\/wp-json\/wp\/v2\/product_tag?post=150969"}],"curies":[{"name":"wp","href":"https:\/\/api.w.org\/{rel}","templated":true}]}}