{"id":150972,"date":"2021-01-15T11:03:48","date_gmt":"2021-01-15T11:03:48","guid":{"rendered":"https:\/\/codengine3.ch\/?product=import-placeholder-for-206287"},"modified":"2024-11-08T11:54:41","modified_gmt":"2024-11-08T10:54:41","slug":"vertikale-ebenen","status":"publish","type":"product","link":"https:\/\/pizbube.ch\/en\/shop\/vertikale-ebenen\/","title":{"rendered":"Vertikale Ebenen"},"content":{"rendered":"<p>Felslandschaften in den Glarner Alpen &#8211; Ein Bildband, der die Glarner Felsenwelt in ungew\u00f6hnlicher Weise liest und zeigt. Ein Kleinod unter den Bergb\u00fcchern. Andersartig. Einzigartig.<\/p>\n<p>Nicht die Berggipfel und der Blick hinunter, nicht der Blick hinauf zu den Bergspitzen stehen hier im Mittelpunkt. Vielmehr sind es die vertikalen Ebenen dazwischen: Fridolin Walcher tastet mit der Kamera die karge und zugleich reiche Landschaft der schroffen Felsw\u00e4nde ab, die sich in den Glarner Alpen von der Talsohle direkt in den hochalpinen Bereich emporziehen. Er geht nahe an die Felsenwelt heran, folgt ihren Strukturen im Grossen und im Kleinen und zeigt sie als Band zwischen der Lebenswelt unten im Tal und dem Himmel dar\u00fcber.<\/p>\n<p>Nadine Olonetzky reiht Walchers Bilder in die Geschichte der Alpenfotografie ein, w\u00e4hrend Rahel Marti der Vertikalen die Horizontale entgegensetzt: Wie lebt es sich eigentlich zwischen W\u00e4nden und H\u00e4ngen? \u2013 &#8218;Die Gipfel, von denen aus es in allen Richtungen abw\u00e4rts geht, haben mich kaum je gelockt&#8216;, bekennt sich der Autor Otto Br\u00fchlmann zum Programm dieses Bildbands. Seine verdichteten Reflexionen begleiten darin Fridolin Walchers Felslandschaften in ganz eigenem Rhythmus.<\/p>\n<p>Mit Texten von Otto Br\u00fchlmann, Nadine Olonetzky und Rahel Marti.<br \/>\n144 Seiten mit 80 grossformatigen Duplex-Fotografien; Karte mit<br \/>\nAufnahmestandorten im Anhang des Buchs; 305 x 275 mm, Halbleinenband<\/p>","protected":false},"excerpt":{"rendered":"<p>Felslandschaften in den Glarner Alpen &#8211; Ein Bildband, der die Glarner Felsenwelt in ungew\u00f6hnlicher Weise liest und zeigt. Ein Kleinod unter den Bergb\u00fcchern. Andersartig. Einzigartig. Nicht die Berggipfel und der Blick hinunter, nicht der Blick hinauf zu den Bergspitzen stehen hier im Mittelpunkt. Vielmehr sind es die vertikalen Ebenen dazwischen: Fridolin Walcher tastet mit der [&#8230;]\n","protected":false},"featured_media":177107,"template":"","meta":[],"product_brand":[],"product_cat":[21580],"product_tag":[],"class_list":{"0":"post-150972","1":"product","2":"type-product","3":"status-publish","4":"has-post-thumbnail","6":"product_cat-kunst-kultur","7":"pa_autor-walcher","8":"pa_erscheinungsjahr-21830","9":"pa_region-schweiz","10":"pa_sprache-de","12":"first","13":"instock","14":"taxable","15":"shipping-taxable","16":"purchasable","17":"product-type-simple"},"_links":{"self":[{"href":"https:\/\/pizbube.ch\/en\/wp-json\/wp\/v2\/product\/150972","targetHints":{"allow":["GET"]}}],"collection":[{"href":"https:\/\/pizbube.ch\/en\/wp-json\/wp\/v2\/product"}],"about":[{"href":"https:\/\/pizbube.ch\/en\/wp-json\/wp\/v2\/types\/product"}],"wp:featuredmedia":[{"embeddable":true,"href":"https:\/\/pizbube.ch\/en\/wp-json\/wp\/v2\/media\/177107"}],"wp:attachment":[{"href":"https:\/\/pizbube.ch\/en\/wp-json\/wp\/v2\/media?parent=150972"}],"wp:term":[{"taxonomy":"product_brand","embeddable":true,"href":"https:\/\/pizbube.ch\/en\/wp-json\/wp\/v2\/product_brand?post=150972"},{"taxonomy":"product_cat","embeddable":true,"href":"https:\/\/pizbube.ch\/en\/wp-json\/wp\/v2\/product_cat?post=150972"},{"taxonomy":"product_tag","embeddable":true,"href":"https:\/\/pizbube.ch\/en\/wp-json\/wp\/v2\/product_tag?post=150972"}],"curies":[{"name":"wp","href":"https:\/\/api.w.org\/{rel}","templated":true}]}}