{"id":150975,"date":"2021-01-15T11:03:49","date_gmt":"2021-01-15T11:03:49","guid":{"rendered":"https:\/\/codengine3.ch\/?product=import-placeholder-for-203759"},"modified":"2021-01-15T14:26:19","modified_gmt":"2021-01-15T14:26:19","slug":"guia-de-las-mejores-vias-de-escalada-deportiva-en-espana","status":"publish","type":"product","link":"https:\/\/pizbube.ch\/en\/shop\/guia-de-las-mejores-vias-de-escalada-deportiva-en-espana\/","title":{"rendered":"Gu\u00eda de las mejores v\u00edas de escalada deportiva en Espa\u00f1a"},"content":{"rendered":"<p>De Siurana a El Chorro pasando por Montanejos, existen una gran cantidad de<br \/>\nzonas donde sacar la cuerda y apretar los dientes en busca del encadenamiento<br \/>\ndeseado o del simple placer de disfrutar escalando en un lugar bonito. Esta<br \/>\ngenerosidad y abundancia de materia prima tambi\u00e9n se da en cuanto a grandes<br \/>\nparedes, siendo habitual la duda de hacia d\u00f3nde encaminar nuestros pasos<br \/>\ndebido a la amplia oferta existente. Esta gu\u00eda no pretende hacer una<br \/>\nrecopilaci\u00f3n exhaustiva de todas las posibilidades que ofrecen nuestras<br \/>\nparedes, sino que pretende ser un \u00edndice y un punto de partida bibliogr\u00e1fico<br \/>\nsobre un determinado tipo de escalada (deportiva en pared) que hasta el<br \/>\nmomento no hab\u00eda sido tratado de manera global e independiente.<\/p>","protected":false},"excerpt":{"rendered":"<p>De Siurana a El Chorro pasando por Montanejos, existen una gran cantidad de zonas donde sacar la cuerda y apretar los dientes en busca del encadenamiento deseado o del simple placer de disfrutar escalando en un lugar bonito. Esta generosidad y abundancia de materia prima tambi\u00e9n se da en cuanto a grandes paredes, siendo habitual [&#8230;]\n","protected":false},"featured_media":31434,"template":"","meta":[],"product_brand":[],"product_cat":[21539],"product_tag":[],"class_list":{"0":"post-150975","1":"product","2":"type-product","3":"status-publish","4":"has-post-thumbnail","6":"product_cat-fuehrerliteratur-sportklettern-bouldern","7":"pa_autor-lopez","8":"pa_erscheinungsjahr-21776","9":"pa_region-spanien","10":"pa_sprache-sp","12":"first","13":"instock","14":"taxable","15":"shipping-taxable","16":"purchasable","17":"product-type-simple"},"_links":{"self":[{"href":"https:\/\/pizbube.ch\/en\/wp-json\/wp\/v2\/product\/150975","targetHints":{"allow":["GET"]}}],"collection":[{"href":"https:\/\/pizbube.ch\/en\/wp-json\/wp\/v2\/product"}],"about":[{"href":"https:\/\/pizbube.ch\/en\/wp-json\/wp\/v2\/types\/product"}],"wp:featuredmedia":[{"embeddable":true,"href":"https:\/\/pizbube.ch\/en\/wp-json\/wp\/v2\/media\/31434"}],"wp:attachment":[{"href":"https:\/\/pizbube.ch\/en\/wp-json\/wp\/v2\/media?parent=150975"}],"wp:term":[{"taxonomy":"product_brand","embeddable":true,"href":"https:\/\/pizbube.ch\/en\/wp-json\/wp\/v2\/product_brand?post=150975"},{"taxonomy":"product_cat","embeddable":true,"href":"https:\/\/pizbube.ch\/en\/wp-json\/wp\/v2\/product_cat?post=150975"},{"taxonomy":"product_tag","embeddable":true,"href":"https:\/\/pizbube.ch\/en\/wp-json\/wp\/v2\/product_tag?post=150975"}],"curies":[{"name":"wp","href":"https:\/\/api.w.org\/{rel}","templated":true}]}}