{"id":150978,"date":"2021-01-15T11:03:49","date_gmt":"2021-01-15T11:03:49","guid":{"rendered":"https:\/\/codengine3.ch\/?product=import-placeholder-for-208165"},"modified":"2021-01-15T17:50:54","modified_gmt":"2021-01-15T17:50:54","slug":"costa-blanca-wanderfuehrer","status":"publish","type":"product","link":"https:\/\/pizbube.ch\/en\/shop\/costa-blanca-wanderfuehrer\/","title":{"rendered":"Costa Blanca Wanderf\u00fchrer"},"content":{"rendered":"<p>Denia &#8211; Calpe &#8211; Benidorm &#8211; Alcoy &#8211; Alicante &#8211; Orihuela. 53 Touren<\/p>\n<p>Die Costa Blanca steht seit langem im Ruf, die Region mit der meisten<br \/>\nWintersonne, den billigsten Fl\u00fcgen und den g\u00fcnstigsten Unterk\u00fcnften in Spanien<br \/>\nzu sein. Doch die \u00bbWei\u00dfe K\u00fcste\u00ab hat viel mehr zu bieten als einen Badeurlaub &#8211;<br \/>\nsowohl die faszinierende Gebirgslandschaft mit ihren tiefen Schluchten als<br \/>\nauch die herrliche Fr\u00fchlingsbl\u00fcte und die warmen Herbsttage ziehen seit<br \/>\nJahrzehnten Wanderer und Kletterer aus ganz Europa an. Hohe karge Berge mit<br \/>\nstark zerfurchten K\u00e4mmen kontrastieren mit den fruchtbaren Gartenlandschaften<br \/>\nund Obsthainen an der K\u00fcste. H\u00f6hepunkte im Landesinneren sind Quellen, H\u00f6hlen,<br \/>\nT\u00e4lern voller Mandel- und Olivenb\u00e4ume und viele Burgen aus maurischer Zeit.<\/p>\n<p>Gill Round, die die Costa Blanca bereits vor vielen Jahren zu ihrer neuen<br \/>\nHeimat gew\u00e4hlt hat, stellt in diesem Rother Wanderf\u00fchrer 51 besonders<br \/>\ninteressante Routen vor, bei denen auch die Kulturge-schichte und die<br \/>\nkulinarischen Freuden nicht zu kurz kommen. So entstand ein zuverl\u00e4ssiger<br \/>\nBegleiter f\u00fcr unvergessliche Tage in der Natur &#8211; f\u00fcr kurze Ausfl\u00fcge in der<br \/>\nN\u00e4he der gro\u00dfen Ferienzentren ge-nauso wie f\u00fcr anspruchsvollere Gipfelziele in<br \/>\nabgelegenen Bergregionen der Provinz Alicante. Die Palette reicht von bequemen<br \/>\nSpazierg\u00e4ngen entlang der K\u00fcste \u00fcber angenehm k\u00fchle Fluss- und<br \/>\nSchluchtwanderungen bis zu aussichtsreichen Bergtouren.  <\/p>\n<p>Jede Tour enth\u00e4lt einen Steckbrief mit allen wichtigen Informationen, eine<br \/>\ndetaillierte Wegbeschrei-bung, ein K\u00e4rtchen mit eingezeichnetem Routenverlauf<br \/>\nsowie ein aussagekr\u00e4ftiges H\u00f6henprofil. GPS-Daten stehen zum Download bereit.<br \/>\nDazu vermitteln die zahlreichen Farbfotos einen hervorragenden Eindruck von<br \/>\njeder Wanderung. F\u00fcr die 2. Auflage wurde der Rother Wanderf\u00fchrer \u00bbCosta<br \/>\nBlanca\u00ab vollst\u00e4ndig \u00fcberarbeitet und auf den neuesten Stand gebracht.  <\/p>\n<p>3. \u00fcberarbeit. Auflage 2019, 160 Seiten mit 94 Farbabbildungen; 50<br \/>\nH\u00f6henprofile, 51 Wanderk\u00e4rtchen im Ma\u00dfstab 1:50.000 und 1:75.000, eine<br \/>\n\u00dcbersichtskarte  <\/p>","protected":false},"excerpt":{"rendered":"<ul>\n<li><a href=\"https:\/\/pizbube.ch\/wp-content\/uploads\/attachments\/a_028\/C8F4789CCFCB8C514D905A19225C5A8C.pdf\" target=\"_blank\" rel=\"noopener\">PDF: costa blanca wanderf\u00fchrer_inhalt<\/a><\/li>\n<\/ul>","protected":false},"featured_media":39523,"template":"","meta":[],"product_brand":[],"product_cat":[21605],"product_tag":[],"class_list":{"0":"post-150978","1":"product","2":"type-product","3":"status-publish","4":"has-post-thumbnail","6":"product_cat-wanderfuehrer-trekking","7":"pa_autor-round","8":"pa_erscheinungsjahr-21586","9":"pa_region-spanien","10":"pa_sprache-de","12":"first","13":"instock","14":"taxable","15":"shipping-taxable","16":"purchasable","17":"product-type-simple"},"_links":{"self":[{"href":"https:\/\/pizbube.ch\/en\/wp-json\/wp\/v2\/product\/150978","targetHints":{"allow":["GET"]}}],"collection":[{"href":"https:\/\/pizbube.ch\/en\/wp-json\/wp\/v2\/product"}],"about":[{"href":"https:\/\/pizbube.ch\/en\/wp-json\/wp\/v2\/types\/product"}],"wp:featuredmedia":[{"embeddable":true,"href":"https:\/\/pizbube.ch\/en\/wp-json\/wp\/v2\/media\/39523"}],"wp:attachment":[{"href":"https:\/\/pizbube.ch\/en\/wp-json\/wp\/v2\/media?parent=150978"}],"wp:term":[{"taxonomy":"product_brand","embeddable":true,"href":"https:\/\/pizbube.ch\/en\/wp-json\/wp\/v2\/product_brand?post=150978"},{"taxonomy":"product_cat","embeddable":true,"href":"https:\/\/pizbube.ch\/en\/wp-json\/wp\/v2\/product_cat?post=150978"},{"taxonomy":"product_tag","embeddable":true,"href":"https:\/\/pizbube.ch\/en\/wp-json\/wp\/v2\/product_tag?post=150978"}],"curies":[{"name":"wp","href":"https:\/\/api.w.org\/{rel}","templated":true}]}}