{"id":150979,"date":"2021-01-15T11:03:49","date_gmt":"2021-01-15T11:03:49","guid":{"rendered":"https:\/\/codengine3.ch\/?product=import-placeholder-for-208231"},"modified":"2023-04-12T16:48:33","modified_gmt":"2023-04-12T14:48:33","slug":"escalada-en-el-altiplano-yecla-jumilla-y-caudete","status":"publish","type":"product","link":"https:\/\/pizbube.ch\/en\/shop\/escalada-en-el-altiplano-yecla-jumilla-y-caudete\/","title":{"rendered":"Escalada en el altiplano: Yecla, Jumilla y Caudete"},"content":{"rendered":"<p>Trabajo de recopilaci\u00f3n de m\u00e1s de 700 v\u00edas de escalada diseminadas entre<br \/>\nYecla, Jumilla y Caudete.<\/p>\n<p>La gu\u00eda contiene una amplia y variada informaci\u00f3n de cada zona: accesos,<br \/>\naproximaci\u00f3n, \u00e9poca aconsejable, situaci\u00f3n y orientaci\u00f3n de los sectores,<br \/>\ncroquis y fotograf\u00edas a color.<\/p>","protected":false},"excerpt":{"rendered":"<p>Trabajo de recopilaci\u00f3n de m\u00e1s de 700 v\u00edas de escalada diseminadas entre Yecla, Jumilla y Caudete. La gu\u00eda contiene una amplia y variada informaci\u00f3n de cada zona: accesos, aproximaci\u00f3n, \u00e9poca aconsejable, situaci\u00f3n y orientaci\u00f3n de los sectores, croquis y fotograf\u00edas a color.<\/p>","protected":false},"featured_media":39694,"template":"","meta":[],"product_brand":[],"product_cat":[21539],"product_tag":[],"class_list":{"0":"post-150979","1":"product","2":"type-product","3":"status-publish","4":"has-post-thumbnail","6":"product_cat-fuehrerliteratur-sportklettern-bouldern","7":"pa_autor-gil","8":"pa_erscheinungsjahr-21597","9":"pa_region-spanien","10":"pa_sprache-es","12":"first","13":"outofstock","14":"taxable","15":"shipping-taxable","16":"purchasable","17":"product-type-simple"},"_links":{"self":[{"href":"https:\/\/pizbube.ch\/en\/wp-json\/wp\/v2\/product\/150979","targetHints":{"allow":["GET"]}}],"collection":[{"href":"https:\/\/pizbube.ch\/en\/wp-json\/wp\/v2\/product"}],"about":[{"href":"https:\/\/pizbube.ch\/en\/wp-json\/wp\/v2\/types\/product"}],"wp:featuredmedia":[{"embeddable":true,"href":"https:\/\/pizbube.ch\/en\/wp-json\/wp\/v2\/media\/39694"}],"wp:attachment":[{"href":"https:\/\/pizbube.ch\/en\/wp-json\/wp\/v2\/media?parent=150979"}],"wp:term":[{"taxonomy":"product_brand","embeddable":true,"href":"https:\/\/pizbube.ch\/en\/wp-json\/wp\/v2\/product_brand?post=150979"},{"taxonomy":"product_cat","embeddable":true,"href":"https:\/\/pizbube.ch\/en\/wp-json\/wp\/v2\/product_cat?post=150979"},{"taxonomy":"product_tag","embeddable":true,"href":"https:\/\/pizbube.ch\/en\/wp-json\/wp\/v2\/product_tag?post=150979"}],"curies":[{"name":"wp","href":"https:\/\/api.w.org\/{rel}","templated":true}]}}