{"id":150981,"date":"2021-01-15T11:03:49","date_gmt":"2021-01-15T11:03:49","guid":{"rendered":"https:\/\/codengine3.ch\/?product=import-placeholder-for-201141"},"modified":"2025-04-16T14:16:17","modified_gmt":"2025-04-16T12:16:17","slug":"neuseeland-new-zealand-1-1000000","status":"publish","type":"product","link":"https:\/\/pizbube.ch\/en\/shop\/neuseeland-new-zealand-1-1000000\/","title":{"rendered":"Neuseeland New Zealand 1: 1&#8217;000&#8217;000"},"content":{"rendered":"<p>Exakte H\u00f6henlinien, H\u00f6henschichten-Relief, GPS-tauglich, Gradnetz und<br \/>\nOrtsindes,<\/p>\n<p>Klassifiziertes Strassennetz. Zweiseitiges Kartenbild<\/p>\n<p><span class=\"value\">Hochrei\u00dffeste und 100% wasserfeste Landkarte \u201eNeuseeland\u201c aus der Serie world mapping project, erschienen im Reise Know-How Verlag. Reise Know-How Landkarten zeichnen sich durch besonders stabiles Kunststoffpapier aus, das beschreibbar ist wie Papier, sogar mit Bleistift. Der Pappumschlag ist abnehmbar, so dass sich die Karte bequem in jede Tasche stecken l\u00e4sst. Eine Schutzh\u00fclle ist nicht erforderlich. Die kartografische Darstellung konzentriert sich auf die wichtigsten Informationen f\u00fcr Reisende und ist besonders gut lesbar. Statt einer Schummerung werden farbige H\u00f6henschichten verwendet. <\/span><\/p>\n<p><span class=\"value\">Ausstattung: &#8211; H\u00f6henlinien mit H\u00f6henangaben; &#8211; Farbige H\u00f6henschichten; &#8211; Klassifiziertes Stra\u00dfennetz mit Entfernungsangaben; &#8211; Sehensw\u00fcrdigkeiten; &#8211; Ausf\u00fchrlicher Ortsindex; &#8211; GPS-genau; &#8211; L\u00e4ngen- und Breitengrade; &#8211; F\u00fcnfsprachige Legende (deutsch, englisch, franz\u00f6sisch, spanisch, russisch); &#8211; Einklinker Kermadec Island (1:4 Mio.), Snares Island (1:200.000), Auckland Island (1:2 Mio.), Chatham Island (1:2 Mio.), Bounty Island (1:400.000), Antipodes Island (1:800.000), Campbell Island (1:800.000); &#8211; kleine \u00dcbersichtskarte aller Inseln. Handliches Format: 70&#215;100 cm, 2-seitig bedruckt. Sprachen: Englisch, Franz\u00f6sisch, Deutsch, Russisch, Spanisch<\/span><\/p>","protected":false},"excerpt":{"rendered":"<p>Exakte H\u00f6henlinien, H\u00f6henschichten-Relief, GPS-tauglich, Gradnetz und Ortsindes, Klassifiziertes Strassennetz. Zweiseitiges Kartenbild Hochrei\u00dffeste und 100% wasserfeste Landkarte \u201eNeuseeland\u201c aus der Serie world mapping project, erschienen im Reise Know-How Verlag. Reise Know-How Landkarten zeichnen sich durch besonders stabiles Kunststoffpapier aus, das beschreibbar ist wie Papier, sogar mit Bleistift. Der Pappumschlag ist abnehmbar, so dass sich die Karte [&#8230;]\n","protected":false},"featured_media":179361,"template":"","meta":[],"product_brand":[],"product_cat":[21543],"product_tag":[],"class_list":{"0":"post-150981","1":"product","2":"type-product","3":"status-publish","4":"has-post-thumbnail","6":"product_cat-landkarten","7":"pa_autor-reise-know-how","8":"pa_erscheinungsjahr-21546","9":"pa_region-neuseeland","10":"pa_sprache-de","12":"first","13":"instock","14":"taxable","15":"shipping-taxable","16":"purchasable","17":"product-type-simple"},"_links":{"self":[{"href":"https:\/\/pizbube.ch\/en\/wp-json\/wp\/v2\/product\/150981","targetHints":{"allow":["GET"]}}],"collection":[{"href":"https:\/\/pizbube.ch\/en\/wp-json\/wp\/v2\/product"}],"about":[{"href":"https:\/\/pizbube.ch\/en\/wp-json\/wp\/v2\/types\/product"}],"wp:featuredmedia":[{"embeddable":true,"href":"https:\/\/pizbube.ch\/en\/wp-json\/wp\/v2\/media\/179361"}],"wp:attachment":[{"href":"https:\/\/pizbube.ch\/en\/wp-json\/wp\/v2\/media?parent=150981"}],"wp:term":[{"taxonomy":"product_brand","embeddable":true,"href":"https:\/\/pizbube.ch\/en\/wp-json\/wp\/v2\/product_brand?post=150981"},{"taxonomy":"product_cat","embeddable":true,"href":"https:\/\/pizbube.ch\/en\/wp-json\/wp\/v2\/product_cat?post=150981"},{"taxonomy":"product_tag","embeddable":true,"href":"https:\/\/pizbube.ch\/en\/wp-json\/wp\/v2\/product_tag?post=150981"}],"curies":[{"name":"wp","href":"https:\/\/api.w.org\/{rel}","templated":true}]}}