{"id":150984,"date":"2021-01-15T11:03:49","date_gmt":"2021-01-15T11:03:49","guid":{"rendered":"https:\/\/codengine3.ch\/?product=import-placeholder-for-205011"},"modified":"2021-01-15T14:37:59","modified_gmt":"2021-01-15T14:37:59","slug":"trekking-in-neuseeland","status":"publish","type":"product","link":"https:\/\/pizbube.ch\/en\/shop\/trekking-in-neuseeland\/","title":{"rendered":"Trekking in Neuseeland"},"content":{"rendered":"<p>Auf dem Milford Track und anderen Routen unterwegs.  <\/p>\n<p>Neuseeland &#8211; bekannt f\u00fcr seine Weite und seine abwechslungsreiche Natur:<br \/>\ntraumhafte Sandstr\u00e4ne, verschneite Gebirgsz\u00fcge, dichtes Buschland und einsame<br \/>\nEbenen. Entlang ber\u00fchmter Wege wie dem Milford Track wandert Andrew Stevenson<br \/>\nvier Monate lang von S\u00fcd nach Nord \u00fcber beide neuseel\u00e4ndischen Inseln. Ab der<br \/>\nersten Minute als Fremde entlarvt, lernt er in Pubs und unterwegs Neuseel\u00e4nder<br \/>\nund ihre Eigenarten kennen: die kleinen Vorurteile untereinander, die Witze<br \/>\nzwischen &#8218;Aussies&#8216; und &#8218;Kiwis&#8216;. Er begegnet den Problemen zwischen den weissen<br \/>\nEinheimischen und den Maori, sieht aber auch die Ann\u00e4hrungen. Am Schluss<br \/>\nseiner Reise kann er sich sogar vorstellen zu bleiben &#8211; auf der anderen Seite<br \/>\nder Welt.<br \/>\nFarb. Fotos. 271 S.  <\/p>","protected":false},"excerpt":{"rendered":"<p>Auf dem Milford Track und anderen Routen unterwegs. Neuseeland &#8211; bekannt f\u00fcr seine Weite und seine abwechslungsreiche Natur: traumhafte Sandstr\u00e4ne, verschneite Gebirgsz\u00fcge, dichtes Buschland und einsame Ebenen. Entlang ber\u00fchmter Wege wie dem Milford Track wandert Andrew Stevenson vier Monate lang von S\u00fcd nach Nord \u00fcber beide neuseel\u00e4ndischen Inseln. Ab der ersten Minute als Fremde entlarvt, [&#8230;]\n","protected":false},"featured_media":33587,"template":"","meta":[],"product_brand":[],"product_cat":[21629],"product_tag":[],"class_list":{"0":"post-150984","1":"product","2":"type-product","3":"status-publish","4":"has-post-thumbnail","6":"product_cat-belletristik","7":"pa_autor-stevenson","8":"pa_erscheinungsjahr-21693","9":"pa_region-neuseeland","10":"pa_sprache-de","12":"first","13":"instock","14":"taxable","15":"shipping-taxable","16":"purchasable","17":"product-type-simple"},"_links":{"self":[{"href":"https:\/\/pizbube.ch\/en\/wp-json\/wp\/v2\/product\/150984","targetHints":{"allow":["GET"]}}],"collection":[{"href":"https:\/\/pizbube.ch\/en\/wp-json\/wp\/v2\/product"}],"about":[{"href":"https:\/\/pizbube.ch\/en\/wp-json\/wp\/v2\/types\/product"}],"wp:featuredmedia":[{"embeddable":true,"href":"https:\/\/pizbube.ch\/en\/wp-json\/wp\/v2\/media\/33587"}],"wp:attachment":[{"href":"https:\/\/pizbube.ch\/en\/wp-json\/wp\/v2\/media?parent=150984"}],"wp:term":[{"taxonomy":"product_brand","embeddable":true,"href":"https:\/\/pizbube.ch\/en\/wp-json\/wp\/v2\/product_brand?post=150984"},{"taxonomy":"product_cat","embeddable":true,"href":"https:\/\/pizbube.ch\/en\/wp-json\/wp\/v2\/product_cat?post=150984"},{"taxonomy":"product_tag","embeddable":true,"href":"https:\/\/pizbube.ch\/en\/wp-json\/wp\/v2\/product_tag?post=150984"}],"curies":[{"name":"wp","href":"https:\/\/api.w.org\/{rel}","templated":true}]}}