{"id":150986,"date":"2021-01-15T11:03:49","date_gmt":"2021-01-15T11:03:49","guid":{"rendered":"https:\/\/codengine3.ch\/?product=import-placeholder-for-204338"},"modified":"2024-11-23T14:41:57","modified_gmt":"2024-11-23T13:41:57","slug":"neuseeland","status":"publish","type":"product","link":"https:\/\/pizbube.ch\/en\/shop\/neuseeland\/","title":{"rendered":"Neuseeland &#8211; Die sch\u00f6nsten Wanderungen und Trekkingrouten"},"content":{"rendered":"<p><span class=\"value\">Hohe Gletscher und steile Vulkane, t\u00fcrkisblaue Seen und kilometerlange Sandstr\u00e4nde \u2013 Neuseeland ist an Natursch\u00f6nheiten nur schwer zu \u00fcbertreffen. Reich an Kontrasten und mit einer fast verschwenderischen F\u00fclle an Landschaftsbildern ist es ein Paradies f\u00fcr Wanderer und Naturliebhaber. Der Rother Wanderf\u00fchrer Neuseeland pr\u00e4sentiert 81 Touren, die das Land umfassend entdecken lassen \u2013 von gem\u00fctlichen Strandwanderungen bis zu mehrt\u00e4gigen Trekkingtouren durch die Wildnis.<\/span><\/p>\n<p>Kurze Ausfl\u00fcge entlang zerkl\u00fcfteter K\u00fcstenabschnitte, Tagestouren zwischen rauchenden Vulkanen, einsame Wanderungen mit Panoramablicken \u00fcber Fjorde und anspruchsvolle Hochgebirgstouren auf Gletscher \u2013 diese und noch viele weitere Wanderungen werden pr\u00e4sentiert. Ein Highlight in Neuseeland sind die Mehrtagestouren, die durch Regenwald und auf Gletschergipfel f\u00fchren. Sie lassen so richtig in die \u00fcppige \u00bbHerr der Ringe\u00ab-Natur des Landes eintauchen.<\/p>\n<p>Jede Wanderung wird zuverl\u00e4ssig beschrieben und mit allen wichtigen Informationen zu Anfahrt, Anspruch, Verpflegungsm\u00f6glichkeiten und vielem mehr vorgestellt. Detaillierte Wanderk\u00e4rtchen mit eingetragener Route und H\u00f6henprofile sorgen f\u00fcr eine einfache Orientierung. Dazu tragen auch die gepr\u00fcften GPS-Tracks bei, die von der Internetseite des Rother Bergverlags heruntergeladen werden k\u00f6nnen. Mit dem Rother Wanderf\u00fchrer Neuseeland wird die Planung des Wanderurlaubs im Land am anderen Ende der Welt ganz leicht!<\/p>\n<p>288 Seiten; 81 H\u00f6henprofile, 81 Wanderk\u00e4rtchen im Ma\u00dfstab 1:50.000\/1:75.000\/1:100.000, drei \u00dcbersichtskarten<br \/>\n6., vollst\u00e4ndig \u00fcberarbeitete und erweiterte Auflage 2024<\/p>","protected":false},"excerpt":{"rendered":"<p>Hohe Gletscher und steile Vulkane, t\u00fcrkisblaue Seen und kilometerlange Sandstr\u00e4nde \u2013 Neuseeland ist an Natursch\u00f6nheiten nur schwer zu \u00fcbertreffen. Reich an Kontrasten und mit einer fast verschwenderischen F\u00fclle an Landschaftsbildern ist es ein Paradies f\u00fcr Wanderer und Naturliebhaber. Der Rother Wanderf\u00fchrer Neuseeland pr\u00e4sentiert 81 Touren, die das Land umfassend entdecken lassen \u2013 von gem\u00fctlichen Strandwanderungen [&#8230;]\n","protected":false},"featured_media":176621,"template":"","meta":[],"product_brand":[],"product_cat":[21605],"product_tag":[],"class_list":{"0":"post-150986","1":"product","2":"type-product","3":"status-publish","4":"has-post-thumbnail","6":"product_cat-wanderfuehrer-trekking","7":"pa_autor-halbartschlager-franzruss-gerhardseligmann-sylviadollmann-matthias","8":"pa_erscheinungsjahr-27339","9":"pa_region-neuseeland","10":"pa_sprache-de","12":"first","13":"instock","14":"taxable","15":"shipping-taxable","16":"purchasable","17":"product-type-simple"},"_links":{"self":[{"href":"https:\/\/pizbube.ch\/en\/wp-json\/wp\/v2\/product\/150986","targetHints":{"allow":["GET"]}}],"collection":[{"href":"https:\/\/pizbube.ch\/en\/wp-json\/wp\/v2\/product"}],"about":[{"href":"https:\/\/pizbube.ch\/en\/wp-json\/wp\/v2\/types\/product"}],"wp:featuredmedia":[{"embeddable":true,"href":"https:\/\/pizbube.ch\/en\/wp-json\/wp\/v2\/media\/176621"}],"wp:attachment":[{"href":"https:\/\/pizbube.ch\/en\/wp-json\/wp\/v2\/media?parent=150986"}],"wp:term":[{"taxonomy":"product_brand","embeddable":true,"href":"https:\/\/pizbube.ch\/en\/wp-json\/wp\/v2\/product_brand?post=150986"},{"taxonomy":"product_cat","embeddable":true,"href":"https:\/\/pizbube.ch\/en\/wp-json\/wp\/v2\/product_cat?post=150986"},{"taxonomy":"product_tag","embeddable":true,"href":"https:\/\/pizbube.ch\/en\/wp-json\/wp\/v2\/product_tag?post=150986"}],"curies":[{"name":"wp","href":"https:\/\/api.w.org\/{rel}","templated":true}]}}