{"id":150987,"date":"2021-01-15T11:03:49","date_gmt":"2021-01-15T11:03:49","guid":{"rendered":"https:\/\/codengine3.ch\/?product=import-placeholder-for-204587"},"modified":"2021-01-15T14:34:40","modified_gmt":"2021-01-15T14:34:40","slug":"neuseeland-suedinsel-25-wanderungen-zwischen-bergen-buchten-und-regenwald","status":"publish","type":"product","link":"https:\/\/pizbube.ch\/en\/shop\/neuseeland-suedinsel-25-wanderungen-zwischen-bergen-buchten-und-regenwald\/","title":{"rendered":"Neuseeland S\u00fcdinsel &#8211; 25 Wanderungen zwischen Bergen, Buchten und Regenwald"},"content":{"rendered":"<p>\nAuf der S\u00fcdinsel Neuseelands erwartet Sie ein einmaliges Wanderparadies. Die<br \/>\nmeisten Nationalparks des Landes sind hier zu finden und fast die H\u00e4lfte der<br \/>\nFl\u00e4che steht unter Naturschutz. Wilde und manchmal auch sanfte K\u00fcstenstreifen,<br \/>\nweite Flusst\u00e4ler und wundersch\u00f6ne Seen in majest\u00e4tischer Bergwelt lassen<br \/>\nWandertr\u00e4ume wahr werden. Das Buch stellt 25 unterschiedlich lange und<br \/>\nunterschiedlich schwierige Tages- und Halbtagestouren vor.  <\/p>\n<p>Neben bekannten Routen wie z. B. im Abel Tasman National Park finden Sie auch<br \/>\nviele unbekanntere, aber dennoch attraktive Wege auf Neuseelands S\u00fcdinsel. Zu<br \/>\njedem Weg liefert das Buch eine detaillierte Beschreibung mit Karte,<br \/>\nH\u00f6henprofil und GPS-Track, au\u00dferdem gibt es Infos zu Wegl\u00e4nge, Anreise usw.<br \/>\nund Tipps zum Wandern mit Kind.<\/p>\n<p>160 Seiten  <\/p>","protected":false},"excerpt":{"rendered":"<ul>\n<li><a href=\"https:\/\/pizbube.ch\/wp-content\/uploads\/attachments\/a_015\/549B4445C8A13950ED108C375579AEEA.pdf\" target=\"_blank\" rel=\"noopener\">PDF: Leseprobe_Neuseeland_Sued<\/a><\/li>\n<\/ul>","protected":false},"featured_media":32732,"template":"","meta":[],"product_brand":[],"product_cat":[21605],"product_tag":[],"class_list":{"0":"post-150987","1":"product","2":"type-product","3":"status-publish","4":"has-post-thumbnail","6":"product_cat-wanderfuehrer-trekking","7":"pa_autor-hueske","8":"pa_erscheinungsjahr-21558","9":"pa_region-neuseeland","10":"pa_sprache-de","12":"first","13":"instock","14":"taxable","15":"shipping-taxable","16":"purchasable","17":"product-type-simple"},"_links":{"self":[{"href":"https:\/\/pizbube.ch\/en\/wp-json\/wp\/v2\/product\/150987","targetHints":{"allow":["GET"]}}],"collection":[{"href":"https:\/\/pizbube.ch\/en\/wp-json\/wp\/v2\/product"}],"about":[{"href":"https:\/\/pizbube.ch\/en\/wp-json\/wp\/v2\/types\/product"}],"wp:featuredmedia":[{"embeddable":true,"href":"https:\/\/pizbube.ch\/en\/wp-json\/wp\/v2\/media\/32732"}],"wp:attachment":[{"href":"https:\/\/pizbube.ch\/en\/wp-json\/wp\/v2\/media?parent=150987"}],"wp:term":[{"taxonomy":"product_brand","embeddable":true,"href":"https:\/\/pizbube.ch\/en\/wp-json\/wp\/v2\/product_brand?post=150987"},{"taxonomy":"product_cat","embeddable":true,"href":"https:\/\/pizbube.ch\/en\/wp-json\/wp\/v2\/product_cat?post=150987"},{"taxonomy":"product_tag","embeddable":true,"href":"https:\/\/pizbube.ch\/en\/wp-json\/wp\/v2\/product_tag?post=150987"}],"curies":[{"name":"wp","href":"https:\/\/api.w.org\/{rel}","templated":true}]}}