{"id":150989,"date":"2021-01-15T11:03:50","date_gmt":"2021-01-15T11:03:50","guid":{"rendered":"https:\/\/codengine3.ch\/?product=import-placeholder-for-204043"},"modified":"2021-01-15T14:29:10","modified_gmt":"2021-01-15T14:29:10","slug":"ausruestung-outdoor","status":"publish","type":"product","link":"https:\/\/pizbube.ch\/en\/shop\/ausruestung-outdoor\/","title":{"rendered":"Ausr\u00fcstung Outdoor"},"content":{"rendered":"<p>Wenn Outdoor auch f\u00fcr Sie der willkommene Ausgleich zum Alltag im B\u00fcro ist,<br \/>\nbietet Ihnen dieses praktische Taschenbuch jetzt alles Wesentliche rund um die<br \/>\nrichtige Ausr\u00fcstung. Die Themen reichen von der kompletten Bekleidung \u00fcber<br \/>\nRucks\u00e4cke und Schuhe bis zur speziellen Ausr\u00fcstung f\u00fcr Trekking- oder<br \/>\nBiwaktouren wie Schlafs\u00e4cke und Zelte, Karte, Kompass und Erste-Hilfe-Set. Ein<br \/>\nHandbuch, das in keiner Wanderer-, Bergsteiger- und Trekker-Bibliothek fehlen<br \/>\nsollte.<\/p>","protected":false},"excerpt":{"rendered":"<p>Wenn Outdoor auch f\u00fcr Sie der willkommene Ausgleich zum Alltag im B\u00fcro ist, bietet Ihnen dieses praktische Taschenbuch jetzt alles Wesentliche rund um die richtige Ausr\u00fcstung. Die Themen reichen von der kompletten Bekleidung \u00fcber Rucks\u00e4cke und Schuhe bis zur speziellen Ausr\u00fcstung f\u00fcr Trekking- oder Biwaktouren wie Schlafs\u00e4cke und Zelte, Karte, Kompass und Erste-Hilfe-Set. Ein Handbuch, [&#8230;]\n","protected":false},"featured_media":31778,"template":"","meta":[],"product_brand":[],"product_cat":[21538],"product_tag":[],"class_list":{"0":"post-150989","1":"product","2":"type-product","3":"status-publish","4":"has-post-thumbnail","6":"product_cat-lehrbuecher","7":"pa_autor-ritschel-schneeweiss","8":"pa_erscheinungsjahr-21763","9":"pa_region-orientierung-wetter-ausbildung","10":"pa_sprache-de","12":"first","13":"instock","14":"taxable","15":"shipping-taxable","16":"purchasable","17":"product-type-simple"},"_links":{"self":[{"href":"https:\/\/pizbube.ch\/en\/wp-json\/wp\/v2\/product\/150989","targetHints":{"allow":["GET"]}}],"collection":[{"href":"https:\/\/pizbube.ch\/en\/wp-json\/wp\/v2\/product"}],"about":[{"href":"https:\/\/pizbube.ch\/en\/wp-json\/wp\/v2\/types\/product"}],"wp:featuredmedia":[{"embeddable":true,"href":"https:\/\/pizbube.ch\/en\/wp-json\/wp\/v2\/media\/31778"}],"wp:attachment":[{"href":"https:\/\/pizbube.ch\/en\/wp-json\/wp\/v2\/media?parent=150989"}],"wp:term":[{"taxonomy":"product_brand","embeddable":true,"href":"https:\/\/pizbube.ch\/en\/wp-json\/wp\/v2\/product_brand?post=150989"},{"taxonomy":"product_cat","embeddable":true,"href":"https:\/\/pizbube.ch\/en\/wp-json\/wp\/v2\/product_cat?post=150989"},{"taxonomy":"product_tag","embeddable":true,"href":"https:\/\/pizbube.ch\/en\/wp-json\/wp\/v2\/product_tag?post=150989"}],"curies":[{"name":"wp","href":"https:\/\/api.w.org\/{rel}","templated":true}]}}