{"id":150990,"date":"2021-01-15T11:03:50","date_gmt":"2021-01-15T11:03:50","guid":{"rendered":"https:\/\/codengine3.ch\/?product=import-placeholder-for-202564"},"modified":"2021-01-15T12:37:23","modified_gmt":"2021-01-15T12:37:23","slug":"erste-hilfe-bergrettung","status":"publish","type":"product","link":"https:\/\/pizbube.ch\/en\/shop\/erste-hilfe-bergrettung\/","title":{"rendered":"Erste Hilfe, Bergrettung"},"content":{"rendered":"<p>Von der Zusammenstellung eines Erste-Hilfe-Sets bis hin zu den<br \/>\nElementarma\u00dfnahmen bei akut lebensbedrohlichen Zust\u00e4nden und dem<br \/>\nbehelfsm\u00e4\u00dfigem Abtransport eines Verletzten, bietet dieses Buch einen<br \/>\npraxisorientierten Leitfaden f\u00fcr alle Bergsportler.  <\/p>\n<p>Rettung aus Klettergel\u00e4nde, Gletscherspalten, Rettung mit Hubschrauber,<br \/>\nRettung von Lawinenversch\u00fctteten  <\/p>","protected":false},"excerpt":{"rendered":"<p>Von der Zusammenstellung eines Erste-Hilfe-Sets bis hin zu den Elementarma\u00dfnahmen bei akut lebensbedrohlichen Zust\u00e4nden und dem behelfsm\u00e4\u00dfigem Abtransport eines Verletzten, bietet dieses Buch einen praxisorientierten Leitfaden f\u00fcr alle Bergsportler. Rettung aus Klettergel\u00e4nde, Gletscherspalten, Rettung mit Hubschrauber, Rettung von Lawinenversch\u00fctteten<\/p>","protected":false},"featured_media":29967,"template":"","meta":[],"product_brand":[],"product_cat":[21538],"product_tag":[],"class_list":{"0":"post-150990","1":"product","2":"type-product","3":"status-publish","4":"has-post-thumbnail","6":"product_cat-lehrbuecher","7":"pa_autor-durner-roemer","8":"pa_erscheinungsjahr-22144","9":"pa_region-medizin-recht","10":"pa_sprache-de","12":"first","13":"instock","14":"taxable","15":"shipping-taxable","16":"purchasable","17":"product-type-simple"},"_links":{"self":[{"href":"https:\/\/pizbube.ch\/en\/wp-json\/wp\/v2\/product\/150990","targetHints":{"allow":["GET"]}}],"collection":[{"href":"https:\/\/pizbube.ch\/en\/wp-json\/wp\/v2\/product"}],"about":[{"href":"https:\/\/pizbube.ch\/en\/wp-json\/wp\/v2\/types\/product"}],"wp:featuredmedia":[{"embeddable":true,"href":"https:\/\/pizbube.ch\/en\/wp-json\/wp\/v2\/media\/29967"}],"wp:attachment":[{"href":"https:\/\/pizbube.ch\/en\/wp-json\/wp\/v2\/media?parent=150990"}],"wp:term":[{"taxonomy":"product_brand","embeddable":true,"href":"https:\/\/pizbube.ch\/en\/wp-json\/wp\/v2\/product_brand?post=150990"},{"taxonomy":"product_cat","embeddable":true,"href":"https:\/\/pizbube.ch\/en\/wp-json\/wp\/v2\/product_cat?post=150990"},{"taxonomy":"product_tag","embeddable":true,"href":"https:\/\/pizbube.ch\/en\/wp-json\/wp\/v2\/product_tag?post=150990"}],"curies":[{"name":"wp","href":"https:\/\/api.w.org\/{rel}","templated":true}]}}