{"id":150992,"date":"2021-01-15T11:03:50","date_gmt":"2021-01-15T11:03:50","guid":{"rendered":"https:\/\/codengine3.ch\/?product=import-placeholder-for-202087"},"modified":"2023-02-04T13:31:37","modified_gmt":"2023-02-04T12:31:37","slug":"erste-hilfe-fuer-wanderer-und-bergsteiger","status":"publish","type":"product","link":"https:\/\/pizbube.ch\/en\/shop\/erste-hilfe-fuer-wanderer-und-bergsteiger\/","title":{"rendered":"Erste Hilfe f\u00fcr Wanderer und Bergsteiger"},"content":{"rendered":"<div class=\"m-introduction__copy c-rich-text\">\n<p>Erste Hilfe und Behandlungen von medizinischen Vorf\u00e4llen in den Bergen.<\/p>\n<\/div>\n<p>Dieses Handbuch vermittelt in kompakter Form und reich illustriert, wie bei Unfall und Krankheit in den Bergen rasch Erste Hilfe geleistet werden muss. Zudem sind die Ursachen, Symptome resp. die Behandlungsm\u00f6glichkeiten bei K\u00e4ltesch\u00e4den und H\u00f6henkrankheit sowie dem korrekten Vorgehen bei Lawinenunf\u00e4llen beschrieben. Die Facts zu Alarmierung und Helikopterrettung komplettieren den Inhalt.<\/p>\n<p>Das Handbuch dient nicht nur im SAC sondern auch bei den Gebirgsspezialisten der Schweizer Armee und beim Bergf\u00fchrerverband als Lehrmittel<\/p>\n<p>In Zusammenarbeit mit der Schweizerischen Gesellschaft f\u00fcr Gebirgsmedizin SGGM.<\/p>\n<p>&nbsp;<\/p>\n<p>96 Seiten, reich illustriert, 5. Auflage<\/p>","protected":false},"excerpt":{"rendered":"<p>Erste Hilfe und Behandlungen von medizinischen Vorf\u00e4llen in den Bergen. Dieses Handbuch vermittelt in kompakter Form und reich illustriert, wie bei Unfall und Krankheit in den Bergen rasch Erste Hilfe geleistet werden muss. Zudem sind die Ursachen, Symptome resp. die Behandlungsm\u00f6glichkeiten bei K\u00e4ltesch\u00e4den und H\u00f6henkrankheit sowie dem korrekten Vorgehen bei Lawinenunf\u00e4llen beschrieben. Die Facts zu [&#8230;]\n","protected":false},"featured_media":165993,"template":"","meta":[],"product_brand":[],"product_cat":[21538],"product_tag":[],"class_list":{"0":"post-150992","1":"product","2":"type-product","3":"status-publish","4":"has-post-thumbnail","6":"product_cat-lehrbuecher","7":"pa_autor-hefti-walliser-fluri-walter","8":"pa_erscheinungsjahr-27013","9":"pa_region-medizin-recht","10":"pa_sprache-de","12":"first","13":"instock","14":"taxable","15":"shipping-taxable","16":"purchasable","17":"product-type-simple"},"_links":{"self":[{"href":"https:\/\/pizbube.ch\/en\/wp-json\/wp\/v2\/product\/150992","targetHints":{"allow":["GET"]}}],"collection":[{"href":"https:\/\/pizbube.ch\/en\/wp-json\/wp\/v2\/product"}],"about":[{"href":"https:\/\/pizbube.ch\/en\/wp-json\/wp\/v2\/types\/product"}],"wp:featuredmedia":[{"embeddable":true,"href":"https:\/\/pizbube.ch\/en\/wp-json\/wp\/v2\/media\/165993"}],"wp:attachment":[{"href":"https:\/\/pizbube.ch\/en\/wp-json\/wp\/v2\/media?parent=150992"}],"wp:term":[{"taxonomy":"product_brand","embeddable":true,"href":"https:\/\/pizbube.ch\/en\/wp-json\/wp\/v2\/product_brand?post=150992"},{"taxonomy":"product_cat","embeddable":true,"href":"https:\/\/pizbube.ch\/en\/wp-json\/wp\/v2\/product_cat?post=150992"},{"taxonomy":"product_tag","embeddable":true,"href":"https:\/\/pizbube.ch\/en\/wp-json\/wp\/v2\/product_tag?post=150992"}],"curies":[{"name":"wp","href":"https:\/\/api.w.org\/{rel}","templated":true}]}}