{"id":150994,"date":"2021-01-15T11:58:53","date_gmt":"2021-01-15T11:58:53","guid":{"rendered":"https:\/\/codengine3.ch\/?product=import-placeholder-for-203772"},"modified":"2021-01-15T14:26:26","modified_gmt":"2021-01-15T14:26:26","slug":"karnischer-hauptkamm","status":"publish","type":"product","link":"https:\/\/pizbube.ch\/en\/shop\/karnischer-hauptkamm\/","title":{"rendered":"Karnischer Hauptkamm"},"content":{"rendered":"<p>Obwohl das mit etwa 100 km zweitl\u00e4ngste Kettengebirge der S\u00fcdlichen Kalkalpen,<br \/>\nund mit seinem west-\u00f6stlich verlaufenden Kamm die politische Trennlinie<br \/>\nzwischen \u00d6sterreich und Italien, ist der Karnische Hauptkamm ein doch immer<br \/>\nnoch ruhiges, im Vergleich zu den benachbarten Dolomiten eher vernachl\u00e4\u00dfigtes<br \/>\nGebiet f\u00fcr einsamere, aber trotzdem abwechslungsreiche alpinistische<br \/>\nUnternehmungen.<br \/>\nZwischen den Eckpunkten Toblach und Villach und begrenzt vom Obergail- und<br \/>\nLesachtal im Norden, den Sextener Dolomiten und der Linie Paluzza-Pontebba-<br \/>\nArnoldstein im S\u00fcden, liegt dieses m\u00e4chtige Felsengebirge, das aufgrund seiner<br \/>\ngeologischen Beschaffenheit dem Kletterer vielf\u00e4ltiges Gestein (vom<br \/>\nSchlerndolomit bis zu Wettersteinkalk), dem Bergwanderer einmalige<br \/>\nPflanzenarten zu bieten hat. 2. Auflage 1988, 576 Seiten mit 55 Schwarz-Wei\u00df-<br \/>\nAbbildungen,<br \/>\n35 Anstiegsskizzen, eine \u00dcbersichtskarte im Ma\u00dfstab 1:100.000<\/p>","protected":false},"excerpt":{"rendered":"<p>Obwohl das mit etwa 100 km zweitl\u00e4ngste Kettengebirge der S\u00fcdlichen Kalkalpen, und mit seinem west-\u00f6stlich verlaufenden Kamm die politische Trennlinie zwischen \u00d6sterreich und Italien, ist der Karnische Hauptkamm ein doch immer noch ruhiges, im Vergleich zu den benachbarten Dolomiten eher vernachl\u00e4\u00dfigtes Gebiet f\u00fcr einsamere, aber trotzdem abwechslungsreiche alpinistische Unternehmungen. Zwischen den Eckpunkten Toblach und Villach [&#8230;]\n","protected":false},"featured_media":31449,"template":"","meta":[],"product_brand":[],"product_cat":[21544],"product_tag":[],"class_list":{"0":"post-150994","1":"product","2":"type-product","3":"status-publish","4":"has-post-thumbnail","6":"product_cat-fuehrerliteratur-alpin-sommer","7":"pa_autor-holl","8":"pa_erscheinungsjahr-22295","9":"pa_region-oesterreich","10":"pa_sprache-de","12":"first","13":"instock","14":"taxable","15":"shipping-taxable","16":"purchasable","17":"product-type-simple"},"_links":{"self":[{"href":"https:\/\/pizbube.ch\/en\/wp-json\/wp\/v2\/product\/150994","targetHints":{"allow":["GET"]}}],"collection":[{"href":"https:\/\/pizbube.ch\/en\/wp-json\/wp\/v2\/product"}],"about":[{"href":"https:\/\/pizbube.ch\/en\/wp-json\/wp\/v2\/types\/product"}],"wp:featuredmedia":[{"embeddable":true,"href":"https:\/\/pizbube.ch\/en\/wp-json\/wp\/v2\/media\/31449"}],"wp:attachment":[{"href":"https:\/\/pizbube.ch\/en\/wp-json\/wp\/v2\/media?parent=150994"}],"wp:term":[{"taxonomy":"product_brand","embeddable":true,"href":"https:\/\/pizbube.ch\/en\/wp-json\/wp\/v2\/product_brand?post=150994"},{"taxonomy":"product_cat","embeddable":true,"href":"https:\/\/pizbube.ch\/en\/wp-json\/wp\/v2\/product_cat?post=150994"},{"taxonomy":"product_tag","embeddable":true,"href":"https:\/\/pizbube.ch\/en\/wp-json\/wp\/v2\/product_tag?post=150994"}],"curies":[{"name":"wp","href":"https:\/\/api.w.org\/{rel}","templated":true}]}}