{"id":150995,"date":"2021-01-15T11:58:53","date_gmt":"2021-01-15T11:58:53","guid":{"rendered":"https:\/\/codengine3.ch\/?product=import-placeholder-for-204017"},"modified":"2021-01-15T14:28:54","modified_gmt":"2021-01-15T14:28:54","slug":"weltgeschichte-im-hochgebirge","status":"publish","type":"product","link":"https:\/\/pizbube.ch\/en\/shop\/weltgeschichte-im-hochgebirge\/","title":{"rendered":"Weltgeschichte im Hochgebirge"},"content":{"rendered":"<p>Entscheidung an der Grimsel &#8211; 14. August 1799. Der Windischer<br \/>\nMilit\u00e4rhistoriker St\u00fcssi-Lauterburg hat rechtzeitig zum 200. Jahrestag der<br \/>\nAlpen\u00fcberquerung des noch heute ber\u00fchmten russischen Generals Alexander<br \/>\nSuworow ein Sachbuch vorgelegt.<br \/>\nHistorisch detailgetreu, aber mit munteren Untertiteln wie in einer<br \/>\nBoulevardzeitung wird mit einer F\u00fclle von Originalzitaten und Analysen ein<br \/>\nSt\u00fcck Schweizer Geschichte gezeigt, zu dem die Schweiz mangels eigener<br \/>\nSouver\u00e4nit\u00e4t nichts zu sagen hatte. Es war f\u00fcr unser Land eine Zeit des<br \/>\nLeidens, des Hungerns und des Sterbens. Schweizer k\u00e4mpften sowohl auf der<br \/>\nSeite der Franzosen als auch auf jener der \u00f6sterreichisch-russischen<br \/>\nAllierten. Gek\u00e4mpft wurde auch im Wallis, am Grimsel, wo der franz\u00f6sische<br \/>\nKommandant Gudin dank einer genialen Bergroute den entscheidenden Sieg \u00fcber<br \/>\ndie \u00d6sterreicher errang, im Engadin, aber auch vor Z\u00fcrich. Aufgezeigt wird<br \/>\nauch die zeitweise bestialische Unterdr\u00fcckung schweizerischer Landstriche<br \/>\ndurch das Helvetische Direktorium der Franzosen. 2. Auflg.  <\/p>","protected":false},"excerpt":{"rendered":"<p>Entscheidung an der Grimsel &#8211; 14. August 1799. Der Windischer Milit\u00e4rhistoriker St\u00fcssi-Lauterburg hat rechtzeitig zum 200. Jahrestag der Alpen\u00fcberquerung des noch heute ber\u00fchmten russischen Generals Alexander Suworow ein Sachbuch vorgelegt. Historisch detailgetreu, aber mit munteren Untertiteln wie in einer Boulevardzeitung wird mit einer F\u00fclle von Originalzitaten und Analysen ein St\u00fcck Schweizer Geschichte gezeigt, zu dem [&#8230;]\n","protected":false},"featured_media":31748,"template":"","meta":[],"product_brand":[],"product_cat":[21542],"product_tag":[],"class_list":{"0":"post-150995","1":"product","2":"type-product","3":"status-publish","4":"has-post-thumbnail","6":"product_cat-sachbuecher-dokumentationen","7":"pa_autor-stuessi-lauterburg-luterburg-et-alt","8":"pa_erscheinungsjahr-21776","9":"pa_region-schweiz","10":"pa_sprache-de","12":"first","13":"instock","14":"taxable","15":"shipping-taxable","16":"purchasable","17":"product-type-simple"},"_links":{"self":[{"href":"https:\/\/pizbube.ch\/en\/wp-json\/wp\/v2\/product\/150995","targetHints":{"allow":["GET"]}}],"collection":[{"href":"https:\/\/pizbube.ch\/en\/wp-json\/wp\/v2\/product"}],"about":[{"href":"https:\/\/pizbube.ch\/en\/wp-json\/wp\/v2\/types\/product"}],"wp:featuredmedia":[{"embeddable":true,"href":"https:\/\/pizbube.ch\/en\/wp-json\/wp\/v2\/media\/31748"}],"wp:attachment":[{"href":"https:\/\/pizbube.ch\/en\/wp-json\/wp\/v2\/media?parent=150995"}],"wp:term":[{"taxonomy":"product_brand","embeddable":true,"href":"https:\/\/pizbube.ch\/en\/wp-json\/wp\/v2\/product_brand?post=150995"},{"taxonomy":"product_cat","embeddable":true,"href":"https:\/\/pizbube.ch\/en\/wp-json\/wp\/v2\/product_cat?post=150995"},{"taxonomy":"product_tag","embeddable":true,"href":"https:\/\/pizbube.ch\/en\/wp-json\/wp\/v2\/product_tag?post=150995"}],"curies":[{"name":"wp","href":"https:\/\/api.w.org\/{rel}","templated":true}]}}