{"id":150997,"date":"2021-01-15T11:58:53","date_gmt":"2021-01-15T11:58:53","guid":{"rendered":"https:\/\/codengine3.ch\/?product=import-placeholder-for-205768"},"modified":"2023-09-01T17:48:00","modified_gmt":"2023-09-01T15:48:00","slug":"drei-zinnen-kletterfuehrer","status":"publish","type":"product","link":"https:\/\/pizbube.ch\/en\/shop\/drei-zinnen-kletterfuehrer\/","title":{"rendered":"DREI ZINNEN Kletterf\u00fchrer"},"content":{"rendered":"<p>Klassische und moderne Routen<\/p>\n<p>Die Drei Zinnen sind eines der Wahrzeichen der Dolomiten. Dass den 3 Zinnen<br \/>\nein eigener F\u00fchrer gewidmet wird, ist wohl naheliegend, sind sie doch die<br \/>\nStars unter den Dolomitengipfeln.<\/p>\n<p>In diesem F\u00fchrer werden \u00fcber 100 Routen beschrieben: Klassische, \u00e4ltere,<br \/>\ntechnische Routen und neue, moderne Sportkletterlinien. Viele der Routen<br \/>\nwurden von den Autoren, selbst sehr gute Kletterer und Bergsteiger,<br \/>\nwiederholt. Mit diesem F\u00fchrer sollen vor allem die anspruchsvollen, weniger<br \/>\nbekannten Routen eine Plattform erhalten.<\/p>\n<p>Dass den Drei Zinnen ein eigener F\u00fchrer gewidmet wird, ist wohl naheliegend,<br \/>\nsind sie doch die Stars unter den Dolomitengipfeln.<br \/>\nAu\u00dferdem ziehen mittlerweile so viele gekletterte Linien durch diese wuchtigen<br \/>\nMonumentalfelskl\u00f6tze, dass sich damit m\u00fchelos ein Buch f\u00fcllen l\u00e4sst. Kaum<br \/>\nsonst irgendwo findet sich eine solche Dichte an grandiosen Routen aller<br \/>\nSchwierigkeiten wie hier.<\/p>\n<p>196 Seiten<br \/>\nSprache Deutsch<br \/>\nAuflage 2009, Nachdruck 2014<\/p>","protected":false},"excerpt":{"rendered":"<p>Klassische und moderne Routen Die Drei Zinnen sind eines der Wahrzeichen der Dolomiten. Dass den 3 Zinnen ein eigener F\u00fchrer gewidmet wird, ist wohl naheliegend, sind sie doch die Stars unter den Dolomitengipfeln. In diesem F\u00fchrer werden \u00fcber 100 Routen beschrieben: Klassische, \u00e4ltere, technische Routen und neue, moderne Sportkletterlinien. Viele der Routen wurden von den [&#8230;]\n","protected":false},"featured_media":158126,"template":"","meta":[],"product_brand":[],"product_cat":[21539],"product_tag":[],"class_list":{"0":"post-150997","1":"product","2":"type-product","3":"status-publish","4":"has-post-thumbnail","6":"product_cat-fuehrerliteratur-sportklettern-bouldern","7":"pa_autor-svab-renzi","8":"pa_erscheinungsjahr-21693","9":"pa_region-italien","10":"pa_sprache-de","12":"first","13":"outofstock","14":"taxable","15":"shipping-taxable","16":"purchasable","17":"product-type-simple"},"_links":{"self":[{"href":"https:\/\/pizbube.ch\/en\/wp-json\/wp\/v2\/product\/150997","targetHints":{"allow":["GET"]}}],"collection":[{"href":"https:\/\/pizbube.ch\/en\/wp-json\/wp\/v2\/product"}],"about":[{"href":"https:\/\/pizbube.ch\/en\/wp-json\/wp\/v2\/types\/product"}],"wp:featuredmedia":[{"embeddable":true,"href":"https:\/\/pizbube.ch\/en\/wp-json\/wp\/v2\/media\/158126"}],"wp:attachment":[{"href":"https:\/\/pizbube.ch\/en\/wp-json\/wp\/v2\/media?parent=150997"}],"wp:term":[{"taxonomy":"product_brand","embeddable":true,"href":"https:\/\/pizbube.ch\/en\/wp-json\/wp\/v2\/product_brand?post=150997"},{"taxonomy":"product_cat","embeddable":true,"href":"https:\/\/pizbube.ch\/en\/wp-json\/wp\/v2\/product_cat?post=150997"},{"taxonomy":"product_tag","embeddable":true,"href":"https:\/\/pizbube.ch\/en\/wp-json\/wp\/v2\/product_tag?post=150997"}],"curies":[{"name":"wp","href":"https:\/\/api.w.org\/{rel}","templated":true}]}}