{"id":150999,"date":"2021-01-15T11:58:53","date_gmt":"2021-01-15T11:58:53","guid":{"rendered":"https:\/\/codengine3.ch\/?product=import-placeholder-for-205481"},"modified":"2023-08-30T16:00:59","modified_gmt":"2023-08-30T14:00:59","slug":"patones-y-alrededores-guia-de-escalada","status":"publish","type":"product","link":"https:\/\/pizbube.ch\/en\/shop\/patones-y-alrededores-guia-de-escalada\/","title":{"rendered":"Patones y alrededores. Gu\u00eda de escalada"},"content":{"rendered":"<p>Patones, un peque\u00f1o pueblo ubicado a unos 70 kil\u00f3metros al norte de Madrid, es<br \/>\nel epicentro de la zona calc\u00e1rea m\u00e1s popular de la zona centro y una de las<br \/>\nm\u00e1s frecuentadas de Espa\u00f1a. Cientos de escaladores recorren sus paredes todos<br \/>\nlos fines de semana y tal es la demanda de informaci\u00f3n sobre el ca\u00f1\u00f3n del<br \/>\nPont\u00f3n de la Oliva, a caballo entre las provincias de Madrid y Guadalajara,<br \/>\nque \u00e9sta es la cuarta gu\u00eda de escalada que se edita sobre la escuela. La<br \/>\n\u00faltima publicaci\u00f3n data de febrero de 2004 y en poco m\u00e1s de dos a\u00f1os volaron<br \/>\ntodos los ejemplares. Debido a la incesante actividad aperturista se descart\u00f3<br \/>\nuna reedici\u00f3n y Desnivel opt\u00f3 por confeccionar una nueva gu\u00eda actualizada, con<br \/>\ncroquis sobre fotos en color y localizadores que ayudan al escalador a situar<br \/>\nmejor cada sector y sus rutas.<\/p>\n<p>La gu\u00eda incluye adem\u00e1s toda la informaci\u00f3n sobre las peque\u00f1as escuelas<br \/>\nsat\u00e9lite que se encuentran relativamente cerca del pueblo de Patones: Alcores<br \/>\n(m\u00e1s conocida como El Vell\u00f3n), Pe\u00f1a Rubia, Patones pueblo y Ca\u00f1\u00f3n de Uceda. En<br \/>\ntotal se describen algo m\u00e1s de 800 rutas, la inmensa mayor\u00eda equipadas, sobre<br \/>\nroca calc\u00e1rea, desde el IV hasta el 9a.<\/p>\n<p><strong>SONDERPREIS AUFLAGE 2008: CHF 18.00 STATT CHF 36.00<\/strong><\/p>","protected":false},"excerpt":{"rendered":"<p>Patones, un peque\u00f1o pueblo ubicado a unos 70 kil\u00f3metros al norte de Madrid, es el epicentro de la zona calc\u00e1rea m\u00e1s popular de la zona centro y una de las m\u00e1s frecuentadas de Espa\u00f1a. Cientos de escaladores recorren sus paredes todos los fines de semana y tal es la demanda de informaci\u00f3n sobre el ca\u00f1\u00f3n [&#8230;]\n","protected":false},"featured_media":34204,"template":"","meta":[],"product_brand":[],"product_cat":[21539],"product_tag":[],"class_list":{"0":"post-150999","1":"product","2":"type-product","3":"status-publish","4":"has-post-thumbnail","6":"product_cat-fuehrerliteratur-sportklettern-bouldern","7":"pa_autor-manuel","8":"pa_erscheinungsjahr-21591","9":"pa_region-spanien","10":"pa_sprache-sp","12":"first","13":"instock","14":"sale","15":"taxable","16":"shipping-taxable","17":"purchasable","18":"product-type-simple"},"_links":{"self":[{"href":"https:\/\/pizbube.ch\/en\/wp-json\/wp\/v2\/product\/150999","targetHints":{"allow":["GET"]}}],"collection":[{"href":"https:\/\/pizbube.ch\/en\/wp-json\/wp\/v2\/product"}],"about":[{"href":"https:\/\/pizbube.ch\/en\/wp-json\/wp\/v2\/types\/product"}],"wp:featuredmedia":[{"embeddable":true,"href":"https:\/\/pizbube.ch\/en\/wp-json\/wp\/v2\/media\/34204"}],"wp:attachment":[{"href":"https:\/\/pizbube.ch\/en\/wp-json\/wp\/v2\/media?parent=150999"}],"wp:term":[{"taxonomy":"product_brand","embeddable":true,"href":"https:\/\/pizbube.ch\/en\/wp-json\/wp\/v2\/product_brand?post=150999"},{"taxonomy":"product_cat","embeddable":true,"href":"https:\/\/pizbube.ch\/en\/wp-json\/wp\/v2\/product_cat?post=150999"},{"taxonomy":"product_tag","embeddable":true,"href":"https:\/\/pizbube.ch\/en\/wp-json\/wp\/v2\/product_tag?post=150999"}],"curies":[{"name":"wp","href":"https:\/\/api.w.org\/{rel}","templated":true}]}}