{"id":151001,"date":"2021-01-15T11:58:53","date_gmt":"2021-01-15T11:58:53","guid":{"rendered":"https:\/\/codengine3.ch\/?product=import-placeholder-for-203587"},"modified":"2021-01-15T14:24:40","modified_gmt":"2021-01-15T14:24:40","slug":"boulder-zona-centro","status":"publish","type":"product","link":"https:\/\/pizbube.ch\/en\/shop\/boulder-zona-centro\/","title":{"rendered":"BOULDER zona centro"},"content":{"rendered":"<p>Esta gu\u00eda engloba numerosas zonas de la zona centro de Espa\u00f1a: La Pedriza, El<br \/>\nEscorial, La Cabrera, Zarzalejo, Pe\u00f1as Blancas, Navalosa, Candelario, Valeria,<br \/>\netc.<br \/>\nCon mapas, croquis, fotos en blanco y negro, descripci\u00f3n de zonas y rocas,<br \/>\nproblemas para resolver, graduaciones.<\/p>","protected":false},"excerpt":{"rendered":"<p>Esta gu\u00eda engloba numerosas zonas de la zona centro de Espa\u00f1a: La Pedriza, El Escorial, La Cabrera, Zarzalejo, Pe\u00f1as Blancas, Navalosa, Candelario, Valeria, etc. Con mapas, croquis, fotos en blanco y negro, descripci\u00f3n de zonas y rocas, problemas para resolver, graduaciones.<\/p>","protected":false},"featured_media":31230,"template":"","meta":[],"product_brand":[],"product_cat":[21539],"product_tag":[],"class_list":{"0":"post-151001","1":"product","2":"type-product","3":"status-publish","4":"has-post-thumbnail","6":"product_cat-fuehrerliteratur-sportklettern-bouldern","7":"pa_autor-lopez-montero","8":"pa_erscheinungsjahr-21920","9":"pa_region-spanien","10":"pa_sprache-sp","12":"first","13":"outofstock","14":"taxable","15":"shipping-taxable","16":"purchasable","17":"product-type-simple"},"_links":{"self":[{"href":"https:\/\/pizbube.ch\/en\/wp-json\/wp\/v2\/product\/151001","targetHints":{"allow":["GET"]}}],"collection":[{"href":"https:\/\/pizbube.ch\/en\/wp-json\/wp\/v2\/product"}],"about":[{"href":"https:\/\/pizbube.ch\/en\/wp-json\/wp\/v2\/types\/product"}],"wp:featuredmedia":[{"embeddable":true,"href":"https:\/\/pizbube.ch\/en\/wp-json\/wp\/v2\/media\/31230"}],"wp:attachment":[{"href":"https:\/\/pizbube.ch\/en\/wp-json\/wp\/v2\/media?parent=151001"}],"wp:term":[{"taxonomy":"product_brand","embeddable":true,"href":"https:\/\/pizbube.ch\/en\/wp-json\/wp\/v2\/product_brand?post=151001"},{"taxonomy":"product_cat","embeddable":true,"href":"https:\/\/pizbube.ch\/en\/wp-json\/wp\/v2\/product_cat?post=151001"},{"taxonomy":"product_tag","embeddable":true,"href":"https:\/\/pizbube.ch\/en\/wp-json\/wp\/v2\/product_tag?post=151001"}],"curies":[{"name":"wp","href":"https:\/\/api.w.org\/{rel}","templated":true}]}}