{"id":151002,"date":"2021-01-15T11:58:53","date_gmt":"2021-01-15T11:58:53","guid":{"rendered":"https:\/\/codengine3.ch\/?product=import-placeholder-for-204880"},"modified":"2021-01-15T14:37:01","modified_gmt":"2021-01-15T14:37:01","slug":"geocaching","status":"publish","type":"product","link":"https:\/\/pizbube.ch\/en\/shop\/geocaching\/","title":{"rendered":"Geocaching"},"content":{"rendered":"<p>Geocaching, was ist das und wie funktioniert die moderne Schnitzeljagd. Dieses<br \/>\nBuch vermittelt dem Leser Grundwissen \u00fcber das Geocaching. Wie es entstanden<br \/>\nist. Welche GPS gibt es auf dem Markt und was kostet die Anschaffung. Die<br \/>\nGrundausstattung des Geocachers wird ausf\u00fchrlich beschrieben. Der Umgang mit<br \/>\nbesonderen Geocaches und die daf\u00fcr erforderliche Ausr\u00fcstung, wie bei Nacht-<br \/>\nund Abseilcaches wird erl\u00e4utert. Ebenso wird die Suche und das Loggen sowie<br \/>\ndas Verstecken und das Einstellen von Geocaches im Internet besprochen.<br \/>\nAbgerundet wird das Buch mit einer umfangreichen Sammlung der g\u00e4ngigsten<br \/>\nVerschl\u00fcsselungen beim Geocachen.<br \/>\n2. \u00fcberarbeitete Auflage 2008, 176 Seiten, 9 Skizzen und Illustrationen, 72<br \/>\nschwarz-wei\u00df Abbildungen<\/p>","protected":false},"excerpt":{"rendered":"<p>Geocaching, was ist das und wie funktioniert die moderne Schnitzeljagd. Dieses Buch vermittelt dem Leser Grundwissen \u00fcber das Geocaching. Wie es entstanden ist. Welche GPS gibt es auf dem Markt und was kostet die Anschaffung. Die Grundausstattung des Geocachers wird ausf\u00fchrlich beschrieben. Der Umgang mit besonderen Geocaches und die daf\u00fcr erforderliche Ausr\u00fcstung, wie bei Nacht- [&#8230;]\n","protected":false},"featured_media":33418,"template":"","meta":[],"product_brand":[],"product_cat":[21538],"product_tag":[],"class_list":{"0":"post-151002","1":"product","2":"type-product","3":"status-publish","4":"has-post-thumbnail","6":"product_cat-lehrbuecher","7":"pa_autor-gruendel","8":"pa_erscheinungsjahr-21591","9":"pa_region-orientierung-wetter-ausbildung","10":"pa_sprache-de","12":"first","13":"instock","14":"taxable","15":"shipping-taxable","16":"purchasable","17":"product-type-simple"},"_links":{"self":[{"href":"https:\/\/pizbube.ch\/en\/wp-json\/wp\/v2\/product\/151002","targetHints":{"allow":["GET"]}}],"collection":[{"href":"https:\/\/pizbube.ch\/en\/wp-json\/wp\/v2\/product"}],"about":[{"href":"https:\/\/pizbube.ch\/en\/wp-json\/wp\/v2\/types\/product"}],"wp:featuredmedia":[{"embeddable":true,"href":"https:\/\/pizbube.ch\/en\/wp-json\/wp\/v2\/media\/33418"}],"wp:attachment":[{"href":"https:\/\/pizbube.ch\/en\/wp-json\/wp\/v2\/media?parent=151002"}],"wp:term":[{"taxonomy":"product_brand","embeddable":true,"href":"https:\/\/pizbube.ch\/en\/wp-json\/wp\/v2\/product_brand?post=151002"},{"taxonomy":"product_cat","embeddable":true,"href":"https:\/\/pizbube.ch\/en\/wp-json\/wp\/v2\/product_cat?post=151002"},{"taxonomy":"product_tag","embeddable":true,"href":"https:\/\/pizbube.ch\/en\/wp-json\/wp\/v2\/product_tag?post=151002"}],"curies":[{"name":"wp","href":"https:\/\/api.w.org\/{rel}","templated":true}]}}