{"id":151007,"date":"2021-01-15T11:58:54","date_gmt":"2021-01-15T11:58:54","guid":{"rendered":"https:\/\/codengine3.ch\/?product=import-placeholder-for-204811"},"modified":"2021-01-15T14:36:27","modified_gmt":"2021-01-15T14:36:27","slug":"dyhrenfurth-zum-dritten-pol","status":"publish","type":"product","link":"https:\/\/pizbube.ch\/en\/shop\/dyhrenfurth-zum-dritten-pol\/","title":{"rendered":"Dyhrenfurth  Zum Dritten Pol"},"content":{"rendered":"<p>Die Expeditionen und Filme der Familie Dyhrenfurth.  <\/p>\n<p>Zum ersten Mal wagen sich deutsche Bergsteiger in die Region der 8000er mit<br \/>\ndem erkl\u00e4rten Ziel, einen dieser Giganten zu besteigen. Dabei waren die<br \/>\nDyhrenfurth nicht etwa nur stille Beobachter des dramatischen Geschehens. Sie<br \/>\nsind selbst Teil dieses Rennens zum &#8218;Dritten Pol&#8216;, das viele Opfer gefunden<br \/>\nhat. Die Dyhrenfurth haben ihre Spuren deutlich auf dem Weg zu den h\u00f6chsten<br \/>\nGipfeln der Erde hinterlassen.<\/p>\n<p>Diese Spuren beschreiben auch Filmgeschichte. Beginnend mit der ersten<br \/>\nExpedition 1930 zum Kangchendz\u00f6nga (8598 Meter H\u00f6he), abschlie\u00dfend mit der<br \/>\n1986er Expedition zu K2 (8611 Meter) und Broad Peak (8047 Meter) &#8211; immer ist<br \/>\ndie Filmkamera Teil der Expeditionsausr\u00fcstung, immer entstehen &#8218;bewegte<br \/>\nBilder&#8216;.  <\/p>\n<p>Ein wesentlicher Aspekt dieses Buches liegt in der zeitgeschichtlichen<br \/>\nEinordnung der beiden Expeditionen des Professor G\u00fcnter Oskar Dyhrenfurth in<br \/>\ndas Geschehen der 1920er und 1930er Jahre. Dies gilt sowohl in alpinistischer<br \/>\nals auch politischer und gesellschaftlicher Hinsicht. Nach dem Ende des Ersten<br \/>\nWeltkriegs finden zum ersten Mal gro\u00dfe nationale Anstrengungen statt, die<br \/>\n8000er &#8218;in Angriff zu nehmen&#8216;.<\/p>\n<p>Schon von der Machtergreifung Hitlers herrscht, nicht nur in Deutschland, ein<br \/>\nausgepr\u00e4gter nationaler, bisweilen nationalistischer Ton vor. Es etabliert<br \/>\nsich das Muster eines Wettrennens zwischen Bergsteigern und Nationen, das den<br \/>\nim Grunde genommen in sich gekehrten, bipolaren Charakter des Bergsteigens &#8211;<br \/>\nMensch und Berg &#8211; pervertiert.<\/p>","protected":false},"excerpt":{"rendered":"<p>Die Expeditionen und Filme der Familie Dyhrenfurth. Zum ersten Mal wagen sich deutsche Bergsteiger in die Region der 8000er mit dem erkl\u00e4rten Ziel, einen dieser Giganten zu besteigen. Dabei waren die Dyhrenfurth nicht etwa nur stille Beobachter des dramatischen Geschehens. Sie sind selbst Teil dieses Rennens zum &#8218;Dritten Pol&#8216;, das viele Opfer gefunden hat. Die [&#8230;]\n","protected":false},"featured_media":33328,"template":"","meta":[],"product_brand":[],"product_cat":[21542],"product_tag":[],"class_list":{"0":"post-151007","1":"product","2":"type-product","3":"status-publish","4":"has-post-thumbnail","6":"product_cat-sachbuecher-dokumentationen","7":"pa_autor-nickel","8":"pa_erscheinungsjahr-21842","9":"pa_region-deutschland","10":"pa_sprache-de","12":"first","13":"instock","14":"taxable","15":"shipping-taxable","16":"purchasable","17":"product-type-simple"},"_links":{"self":[{"href":"https:\/\/pizbube.ch\/en\/wp-json\/wp\/v2\/product\/151007","targetHints":{"allow":["GET"]}}],"collection":[{"href":"https:\/\/pizbube.ch\/en\/wp-json\/wp\/v2\/product"}],"about":[{"href":"https:\/\/pizbube.ch\/en\/wp-json\/wp\/v2\/types\/product"}],"wp:featuredmedia":[{"embeddable":true,"href":"https:\/\/pizbube.ch\/en\/wp-json\/wp\/v2\/media\/33328"}],"wp:attachment":[{"href":"https:\/\/pizbube.ch\/en\/wp-json\/wp\/v2\/media?parent=151007"}],"wp:term":[{"taxonomy":"product_brand","embeddable":true,"href":"https:\/\/pizbube.ch\/en\/wp-json\/wp\/v2\/product_brand?post=151007"},{"taxonomy":"product_cat","embeddable":true,"href":"https:\/\/pizbube.ch\/en\/wp-json\/wp\/v2\/product_cat?post=151007"},{"taxonomy":"product_tag","embeddable":true,"href":"https:\/\/pizbube.ch\/en\/wp-json\/wp\/v2\/product_tag?post=151007"}],"curies":[{"name":"wp","href":"https:\/\/api.w.org\/{rel}","templated":true}]}}