{"id":151008,"date":"2021-01-15T11:58:54","date_gmt":"2021-01-15T11:58:54","guid":{"rendered":"https:\/\/codengine3.ch\/?product=import-placeholder-for-205013"},"modified":"2021-01-15T14:37:59","modified_gmt":"2021-01-15T14:37:59","slug":"aufwaerts-der-deutsche-alpenverein-1945-bis-2007","status":"publish","type":"product","link":"https:\/\/pizbube.ch\/en\/shop\/aufwaerts-der-deutsche-alpenverein-1945-bis-2007\/","title":{"rendered":"Aufw\u00e4rts! &#8230; Der Deutsche Alpenverein 1945 bis 2007"},"content":{"rendered":"<p>Aufw\u00e4rts! Berge, Begeisterung und der Deutsche Alpenverein 1945 bis 2007  <\/p>\n<p>Begleitbuch zur gleichnamigen Ausstellung im Haus des Alpinismus auf der<br \/>\nPraterinsel in M\u00fcnchen vom 19. Juli 2007 bis 23. M\u00e4rz 2008.  <\/p>\n<p>Mit Beitr\u00e4gen von Klara Esters, Johannes Fischer, Peter Grimm, Tatiana H\u00e4nert,<br \/>\nHartmut Halang, Elias Hitthaler, Georg Hohenester, Friedericke Kaiser, Albert<br \/>\nKopp, Horst L\u00e4nger, Elmar Landes, Phil. C. Langer, Sebastian Lindmeyr,<br \/>\nNicholas Mail\u00e4nder, Rainer Pollack, Marta Reichenberger, Stefan Ritter, Heinz<br \/>\nR\u00f6hle, Ingrid Scharl, Joachim Schindler, Karl Schrag, Pit Schubert, Chris<br \/>\nSemmel, Alfred Siegert, Franziska Torma, Bernhard Tschofen, Thomas Urban,<br \/>\nWolfgang Wabel, Walter Welsch. 328 Seiten.  <\/p>","protected":false},"excerpt":{"rendered":"<p>Aufw\u00e4rts! Berge, Begeisterung und der Deutsche Alpenverein 1945 bis 2007 Begleitbuch zur gleichnamigen Ausstellung im Haus des Alpinismus auf der Praterinsel in M\u00fcnchen vom 19. Juli 2007 bis 23. M\u00e4rz 2008. Mit Beitr\u00e4gen von Klara Esters, Johannes Fischer, Peter Grimm, Tatiana H\u00e4nert, Hartmut Halang, Elias Hitthaler, Georg Hohenester, Friedericke Kaiser, Albert Kopp, Horst L\u00e4nger, Elmar [&#8230;]\n","protected":false},"featured_media":33589,"template":"","meta":[],"product_brand":[],"product_cat":[21580],"product_tag":[],"class_list":{"0":"post-151008","1":"product","2":"type-product","3":"status-publish","4":"has-post-thumbnail","6":"product_cat-kunst-kultur","7":"pa_autor-dav","8":"pa_erscheinungsjahr-21842","9":"pa_region-deutschland","10":"pa_sprache-de","12":"first","13":"instock","14":"taxable","15":"shipping-taxable","16":"purchasable","17":"product-type-simple"},"_links":{"self":[{"href":"https:\/\/pizbube.ch\/en\/wp-json\/wp\/v2\/product\/151008","targetHints":{"allow":["GET"]}}],"collection":[{"href":"https:\/\/pizbube.ch\/en\/wp-json\/wp\/v2\/product"}],"about":[{"href":"https:\/\/pizbube.ch\/en\/wp-json\/wp\/v2\/types\/product"}],"wp:featuredmedia":[{"embeddable":true,"href":"https:\/\/pizbube.ch\/en\/wp-json\/wp\/v2\/media\/33589"}],"wp:attachment":[{"href":"https:\/\/pizbube.ch\/en\/wp-json\/wp\/v2\/media?parent=151008"}],"wp:term":[{"taxonomy":"product_brand","embeddable":true,"href":"https:\/\/pizbube.ch\/en\/wp-json\/wp\/v2\/product_brand?post=151008"},{"taxonomy":"product_cat","embeddable":true,"href":"https:\/\/pizbube.ch\/en\/wp-json\/wp\/v2\/product_cat?post=151008"},{"taxonomy":"product_tag","embeddable":true,"href":"https:\/\/pizbube.ch\/en\/wp-json\/wp\/v2\/product_tag?post=151008"}],"curies":[{"name":"wp","href":"https:\/\/api.w.org\/{rel}","templated":true}]}}