{"id":151009,"date":"2021-01-15T11:58:54","date_gmt":"2021-01-15T11:58:54","guid":{"rendered":"https:\/\/codengine3.ch\/?product=import-placeholder-for-205050"},"modified":"2024-08-10T11:26:40","modified_gmt":"2024-08-10T09:26:40","slug":"himalaya-norman-dyhrenfurth","status":"publish","type":"product","link":"https:\/\/pizbube.ch\/en\/shop\/himalaya-norman-dyhrenfurth\/","title":{"rendered":"Himalaya Norman Dyhrenfurth"},"content":{"rendered":"<p>Expeditionen und Filme 1952-1971;<br \/>\nDas fotografische Werk einer au\u00dfergew\u00f6hlichen Pers\u00f6nlichkeit.<\/p>\n<p>Gef\u00fchrt von seinen Fotografien, begleiten wir Norman Dyhrenfurth<br \/>\nauf seine erste Everest-Expedition, die er als Kameramann mit den Schweizern<br \/>\nim Herbst 1952 unternimmt. Die phantastischen Eindr\u00fccke, die er trotz aller<br \/>\nM\u00fchen und H\u00e4rten dabei sammelt, ver\u00e4ndern sein gesamtes Leben. Daraufhin<br \/>\nstellt Norman Dyhrenfurth 1955 eine erste eigene Internationale Himalaya-<br \/>\nExpedition zum Lhotse auf die Beine.<\/p>\n<p>Dabei bleibt gen\u00fcgend Zeit, Gel\u00e4ndespr\u00fcnge seiner Begleiter vor der Lhotse-<br \/>\nFlanke fotografisch festzuhalten. Dieser erste Versuch einer Besteigung des<br \/>\nLhotse findet in 8100 Metern H\u00f6he in den hereinbrechenden Winterst\u00fcrmen sein<br \/>\nEnde. Finanziert von einem texanischen \u00d6l-Milliard\u00e4r geht es 1958 auf die<br \/>\nSuche nach dem sagenumwobenen Yeti, der sich allerdings der Kamera nicht<br \/>\nzeigen will.<br \/>\n1960 steht Norman Dyhrenfurth bereits wieder f\u00fcr einen Expeditionsfilm hinter<br \/>\nder Kamera und dokumentiert die Erstbesteigung des Dhaulagiri durch eine<br \/>\nschweizerische Expedition.<\/p>\n<p>Drei qu\u00e4lend lange Jahre des Planens, Vorbereitens und Geldsammelns vergehen,<br \/>\nbevor Norman Dyhrenfurth 1963 zu der Expedition aufbrechen kann, die den<br \/>\nH\u00f6hepunkt seiner Himalayalaufbahn darstellt. Unter seiner Leitung erreichen<br \/>\ndie ersten Amerikaner den h\u00f6chsten Punkt der Erde. Das Herausragende an dieser<br \/>\nExpedition ist, da\u00df zum ersten Mal ein Achttausender auf einer neuen Route<br \/>\nbestiegen und dabei \u00fcberschritten wird, was heute noch als eine der gro\u00dfen<br \/>\nTaten des Alpinismus gilt.<\/p>\n<p>Erst acht Jahre sp\u00e4ter kommt 1971 wieder eine Internationale Himalaya-<br \/>\nExpedition unter der Leitung von Norman Dyhrenfurth zu Stande, der nun seinen<br \/>\n53. Geburtstag feiert. Zweiundzwanzig Bergsteiger aus dreizehn Nationen<br \/>\nversuchen am Mount Everest gleichzeitig die beiden letzten gro\u00dfen Probleme zu<br \/>\nl\u00f6sen, die S\u00fcdwestwand-Direttissima und der gesamte Westgrat, und scheitern.<\/p>","protected":false},"excerpt":{"rendered":"<p>Expeditionen und Filme 1952-1971; Das fotografische Werk einer au\u00dfergew\u00f6hlichen Pers\u00f6nlichkeit. Gef\u00fchrt von seinen Fotografien, begleiten wir Norman Dyhrenfurth auf seine erste Everest-Expedition, die er als Kameramann mit den Schweizern im Herbst 1952 unternimmt. Die phantastischen Eindr\u00fccke, die er trotz aller M\u00fchen und H\u00e4rten dabei sammelt, ver\u00e4ndern sein gesamtes Leben. Daraufhin stellt Norman Dyhrenfurth 1955 eine [&#8230;]\n","protected":false},"featured_media":174319,"template":"","meta":[],"product_brand":[],"product_cat":[21542],"product_tag":[],"class_list":{"0":"post-151009","1":"product","2":"type-product","3":"status-publish","4":"has-post-thumbnail","6":"product_cat-sachbuecher-dokumentationen","7":"pa_autor-nickel","8":"pa_erscheinungsjahr-21842","9":"pa_region-asien","10":"pa_sprache-de","12":"first","13":"onbackorder","14":"taxable","15":"shipping-taxable","16":"purchasable","17":"product-type-simple"},"_links":{"self":[{"href":"https:\/\/pizbube.ch\/en\/wp-json\/wp\/v2\/product\/151009","targetHints":{"allow":["GET"]}}],"collection":[{"href":"https:\/\/pizbube.ch\/en\/wp-json\/wp\/v2\/product"}],"about":[{"href":"https:\/\/pizbube.ch\/en\/wp-json\/wp\/v2\/types\/product"}],"wp:featuredmedia":[{"embeddable":true,"href":"https:\/\/pizbube.ch\/en\/wp-json\/wp\/v2\/media\/174319"}],"wp:attachment":[{"href":"https:\/\/pizbube.ch\/en\/wp-json\/wp\/v2\/media?parent=151009"}],"wp:term":[{"taxonomy":"product_brand","embeddable":true,"href":"https:\/\/pizbube.ch\/en\/wp-json\/wp\/v2\/product_brand?post=151009"},{"taxonomy":"product_cat","embeddable":true,"href":"https:\/\/pizbube.ch\/en\/wp-json\/wp\/v2\/product_cat?post=151009"},{"taxonomy":"product_tag","embeddable":true,"href":"https:\/\/pizbube.ch\/en\/wp-json\/wp\/v2\/product_tag?post=151009"}],"curies":[{"name":"wp","href":"https:\/\/api.w.org\/{rel}","templated":true}]}}