{"id":151010,"date":"2021-01-15T11:58:54","date_gmt":"2021-01-15T11:58:54","guid":{"rendered":"https:\/\/codengine3.ch\/?product=import-placeholder-for-205053"},"modified":"2021-01-15T14:38:19","modified_gmt":"2021-01-15T14:38:19","slug":"zwischen-hitler-und-himalaya","status":"publish","type":"product","link":"https:\/\/pizbube.ch\/en\/shop\/zwischen-hitler-und-himalaya\/","title":{"rendered":"Zwischen Hitler und Himalaya"},"content":{"rendered":"<p>Die Ged\u00e4chtnisl\u00fccken des Heinrich Harrer  <\/p>\n<p>Wie kaum ein anderer \u00d6sterreicher erreichte Heinrich Harrer einen weltweiten<br \/>\nBekanntheitsgrad. Sein 1952 erschienener Beststeller-Sieben Jahre in Tibet-<br \/>\nmachte den ehemaligen SS-Oberscharf\u00fchrer zum Helden einer ganzen Generation<br \/>\nabenteuerbegeisterter Jugendlicher. Seine Schilderungen legten den Grundstein<br \/>\nheutiger Tibet-Esoterik, f\u00fcr ein gigantisches Gesch\u00e4ft mit Tourismus,<br \/>\nSehns\u00fcchten und Klischees fernab politischer und sozialer Realit\u00e4ten der<br \/>\nHimalaya-Region. Der Name Harrer wurde zum Inbegriff f\u00fcr eine Kultur des<br \/>\nBewunderns und Verherrlichens, in der eine Auseinandersetzung um sein<br \/>\nEngagement f\u00fcr das Dritte Reich und die Hintergr\u00fcnde der Esoterik-Bewegung<br \/>\nkeinen Platz haben durfte. Nun hat Lehner seine mehrj\u00e4hrigen<br \/>\nRechercheergebnisse zusammengetragen und zeichnet ein bislang unbekanntes Bild<br \/>\ndes Bergsteigeridols und seiner Inszenierung vom NS-Regime \u00fcber Tibet bis<br \/>\nHollywood.<br \/>\n2 Auflage  <\/p>","protected":false},"excerpt":{"rendered":"<p>Die Ged\u00e4chtnisl\u00fccken des Heinrich Harrer Wie kaum ein anderer \u00d6sterreicher erreichte Heinrich Harrer einen weltweiten Bekanntheitsgrad. Sein 1952 erschienener Beststeller-Sieben Jahre in Tibet- machte den ehemaligen SS-Oberscharf\u00fchrer zum Helden einer ganzen Generation abenteuerbegeisterter Jugendlicher. Seine Schilderungen legten den Grundstein heutiger Tibet-Esoterik, f\u00fcr ein gigantisches Gesch\u00e4ft mit Tourismus, Sehns\u00fcchten und Klischees fernab politischer und sozialer Realit\u00e4ten [&#8230;]\n","protected":false},"featured_media":33647,"template":"","meta":[],"product_brand":[],"product_cat":[21542],"product_tag":[],"class_list":{"0":"post-151010","1":"product","2":"type-product","3":"status-publish","4":"has-post-thumbnail","6":"product_cat-sachbuecher-dokumentationen","7":"pa_autor-lehner","8":"pa_erscheinungsjahr-21842","9":"pa_region-deutschland","10":"pa_sprache-de","12":"first","13":"instock","14":"taxable","15":"shipping-taxable","16":"purchasable","17":"product-type-simple"},"_links":{"self":[{"href":"https:\/\/pizbube.ch\/en\/wp-json\/wp\/v2\/product\/151010","targetHints":{"allow":["GET"]}}],"collection":[{"href":"https:\/\/pizbube.ch\/en\/wp-json\/wp\/v2\/product"}],"about":[{"href":"https:\/\/pizbube.ch\/en\/wp-json\/wp\/v2\/types\/product"}],"wp:featuredmedia":[{"embeddable":true,"href":"https:\/\/pizbube.ch\/en\/wp-json\/wp\/v2\/media\/33647"}],"wp:attachment":[{"href":"https:\/\/pizbube.ch\/en\/wp-json\/wp\/v2\/media?parent=151010"}],"wp:term":[{"taxonomy":"product_brand","embeddable":true,"href":"https:\/\/pizbube.ch\/en\/wp-json\/wp\/v2\/product_brand?post=151010"},{"taxonomy":"product_cat","embeddable":true,"href":"https:\/\/pizbube.ch\/en\/wp-json\/wp\/v2\/product_cat?post=151010"},{"taxonomy":"product_tag","embeddable":true,"href":"https:\/\/pizbube.ch\/en\/wp-json\/wp\/v2\/product_tag?post=151010"}],"curies":[{"name":"wp","href":"https:\/\/api.w.org\/{rel}","templated":true}]}}