{"id":151011,"date":"2021-01-15T11:58:54","date_gmt":"2021-01-15T11:58:54","guid":{"rendered":"https:\/\/codengine3.ch\/?product=import-placeholder-for-204239"},"modified":"2021-01-15T14:31:13","modified_gmt":"2021-01-15T14:31:13","slug":"im-zeichen-des-edelweiss","status":"publish","type":"product","link":"https:\/\/pizbube.ch\/en\/shop\/im-zeichen-des-edelweiss\/","title":{"rendered":"Im Zeichen des Edelweiss"},"content":{"rendered":"<p>M\u00fcnchen spielt im deutschen Bergsteigen von Anfang an die<br \/>\nVorreiterrolle: 1869 wurde hier der Deutsche Alpenverein gegr\u00fcndet,<br \/>\nM\u00fcnchner Kletterer r\u00fcckten mit ihrer neuen Seiltechnik den N\u00f6rdlichen<br \/>\nKalkalpen zu Leibe, schrieben in den Nordw\u00e4nden von Matterhorn, Grandes<br \/>\nJorasses und Eiger Alpingeschichte und waren 1953 an der erfolgreichen Nanga-<br \/>\nParbat-Expedition beteiligt.<\/p>\n<p>Mail\u00e4nder sp\u00fcrte den Forschern der Aufkl\u00e4rung und M\u00fcnchner Landschaftsmalern<br \/>\nnach, fand handgeschriebene Fragmente bedeutender alpiner Neuerer wie Georg<br \/>\nWinkler und Otto Herzog und f\u00fchrte Interviews mit Legenden wie Otto<br \/>\nEidenschink, Hermann K\u00f6llensperger, Helmut Kiene, Thomas und Alexander Huber.<br \/>\nDer Leser erf\u00e4hrt, wie der geistige Aufbruch vor dem Ersten Weltkrieg<br \/>\nKletterer wie Paul Preu\u00df und Hans D\u00fclfer veranlasste, im Fels die Grenzen des<br \/>\nM\u00f6glichen neu zu ziehen.<\/p>\n<p>Der Zusammenhang zwischen Arbeitslosigkeit, Bergvagabundentum und Eiger-<br \/>\nNordwand wird genau so deutlich wie jener zwischen dem Aufbegehren der Jugend<br \/>\nin den Sechzigerjahren und dem Entstehen der modernen Freikletterbewegung.<br \/>\n\u00dcberraschende Querbez\u00fcge er\u00f6ffnen hier Perspektiven, die einen neuen und<br \/>\nideologiefreien Blick auf die Bergsportgeschichte erm\u00f6glichen.<\/p>","protected":false},"excerpt":{"rendered":"<p>M\u00fcnchen spielt im deutschen Bergsteigen von Anfang an die Vorreiterrolle: 1869 wurde hier der Deutsche Alpenverein gegr\u00fcndet, M\u00fcnchner Kletterer r\u00fcckten mit ihrer neuen Seiltechnik den N\u00f6rdlichen Kalkalpen zu Leibe, schrieben in den Nordw\u00e4nden von Matterhorn, Grandes Jorasses und Eiger Alpingeschichte und waren 1953 an der erfolgreichen Nanga- Parbat-Expedition beteiligt. Mail\u00e4nder sp\u00fcrte den Forschern der Aufkl\u00e4rung [&#8230;]\n","protected":false},"featured_media":32041,"template":"","meta":[],"product_brand":[],"product_cat":[21542],"product_tag":[],"class_list":{"0":"post-151011","1":"product","2":"type-product","3":"status-publish","4":"has-post-thumbnail","6":"product_cat-sachbuecher-dokumentationen","7":"pa_autor-mailaender","8":"pa_erscheinungsjahr-21763","9":"pa_region-deutschland","10":"pa_sprache-de","12":"first","13":"instock","14":"taxable","15":"shipping-taxable","16":"purchasable","17":"product-type-simple"},"_links":{"self":[{"href":"https:\/\/pizbube.ch\/en\/wp-json\/wp\/v2\/product\/151011","targetHints":{"allow":["GET"]}}],"collection":[{"href":"https:\/\/pizbube.ch\/en\/wp-json\/wp\/v2\/product"}],"about":[{"href":"https:\/\/pizbube.ch\/en\/wp-json\/wp\/v2\/types\/product"}],"wp:featuredmedia":[{"embeddable":true,"href":"https:\/\/pizbube.ch\/en\/wp-json\/wp\/v2\/media\/32041"}],"wp:attachment":[{"href":"https:\/\/pizbube.ch\/en\/wp-json\/wp\/v2\/media?parent=151011"}],"wp:term":[{"taxonomy":"product_brand","embeddable":true,"href":"https:\/\/pizbube.ch\/en\/wp-json\/wp\/v2\/product_brand?post=151011"},{"taxonomy":"product_cat","embeddable":true,"href":"https:\/\/pizbube.ch\/en\/wp-json\/wp\/v2\/product_cat?post=151011"},{"taxonomy":"product_tag","embeddable":true,"href":"https:\/\/pizbube.ch\/en\/wp-json\/wp\/v2\/product_tag?post=151011"}],"curies":[{"name":"wp","href":"https:\/\/api.w.org\/{rel}","templated":true}]}}