{"id":151017,"date":"2021-01-15T11:58:54","date_gmt":"2021-01-15T11:58:54","guid":{"rendered":"https:\/\/codengine3.ch\/?product=import-placeholder-for-202763"},"modified":"2021-01-15T12:39:05","modified_gmt":"2021-01-15T12:39:05","slug":"mein-leben","status":"publish","type":"product","link":"https:\/\/pizbube.ch\/en\/shop\/mein-leben\/","title":{"rendered":"Mein Leben"},"content":{"rendered":"<p>In seiner gro\u00df angelegten Autobiografie l\u00e4sst Heinrich Harrer, der Autor<br \/>\nweltber\u00fchmter B\u00fccher wie &#8218;Sieben Jahre in Tibet&#8216; oder &#8218;Die Wei\u00dfe Spinne&#8216;, ein<br \/>\nLeben Revue passieren, das seinesgleichen sucht.<\/p>","protected":false},"excerpt":{"rendered":"<p>In seiner gro\u00df angelegten Autobiografie l\u00e4sst Heinrich Harrer, der Autor weltber\u00fchmter B\u00fccher wie &#8218;Sieben Jahre in Tibet&#8216; oder &#8218;Die Wei\u00dfe Spinne&#8216;, ein Leben Revue passieren, das seinesgleichen sucht.<\/p>","protected":false},"featured_media":30209,"template":"","meta":[],"product_brand":[],"product_cat":[21542],"product_tag":[],"class_list":{"0":"post-151017","1":"product","2":"type-product","3":"status-publish","4":"has-post-thumbnail","6":"product_cat-sachbuecher-dokumentationen","7":"pa_autor-harrer","8":"pa_erscheinungsjahr-22144","9":"pa_region-deutschland","10":"pa_sprache-de","12":"first","13":"instock","14":"taxable","15":"shipping-taxable","16":"purchasable","17":"product-type-simple"},"_links":{"self":[{"href":"https:\/\/pizbube.ch\/en\/wp-json\/wp\/v2\/product\/151017","targetHints":{"allow":["GET"]}}],"collection":[{"href":"https:\/\/pizbube.ch\/en\/wp-json\/wp\/v2\/product"}],"about":[{"href":"https:\/\/pizbube.ch\/en\/wp-json\/wp\/v2\/types\/product"}],"wp:featuredmedia":[{"embeddable":true,"href":"https:\/\/pizbube.ch\/en\/wp-json\/wp\/v2\/media\/30209"}],"wp:attachment":[{"href":"https:\/\/pizbube.ch\/en\/wp-json\/wp\/v2\/media?parent=151017"}],"wp:term":[{"taxonomy":"product_brand","embeddable":true,"href":"https:\/\/pizbube.ch\/en\/wp-json\/wp\/v2\/product_brand?post=151017"},{"taxonomy":"product_cat","embeddable":true,"href":"https:\/\/pizbube.ch\/en\/wp-json\/wp\/v2\/product_cat?post=151017"},{"taxonomy":"product_tag","embeddable":true,"href":"https:\/\/pizbube.ch\/en\/wp-json\/wp\/v2\/product_tag?post=151017"}],"curies":[{"name":"wp","href":"https:\/\/api.w.org\/{rel}","templated":true}]}}