{"id":151019,"date":"2021-01-15T11:58:54","date_gmt":"2021-01-15T11:58:54","guid":{"rendered":"https:\/\/codengine3.ch\/?product=import-placeholder-for-207497"},"modified":"2025-07-01T12:51:41","modified_gmt":"2025-07-01T10:51:41","slug":"das-grosse-eiger-lexikon","status":"publish","type":"product","link":"https:\/\/pizbube.ch\/en\/shop\/das-grosse-eiger-lexikon\/","title":{"rendered":"DAS GROSSE EIGER-LEXIKON"},"content":{"rendered":"<p>Die Eiger-Nordwand von A-Z, mit \u00fcber 600 Stichworten<\/p>\n<p>Die Eiger-Nordwand &#8211; ber\u00fchmt und ber\u00fcchtigt, als &#171;Mordwand&#187; geschm\u00e4ht,<br \/>\nabschreckend und faszinierend zugleich, immer noch von einem Mythos umgeben &#8211;<br \/>\neine Diva unter den Alpenw\u00e4nden.<\/p>\n<p>Uli Auffermann hat zum 75-Jahre-Jubil\u00e4um der Erstdurchsteigung eine<br \/>\nkurzweilige Stichwortsammlung jenseits blo\u00dfer Daten, Chroniken und Namen<br \/>\nzusammengetragen. Stattdessen gibt es auch Hintergr\u00fcndiges, Kurioses und<br \/>\nMenschelndes zu lesen. So ist das Buch zum Nachschlagen wie zum Schm\u00f6kern<br \/>\ngleicherma\u00dfen. Facettenreich, lustig, traurig, aber immer spannend und<br \/>\nanregend. Ganz genauso wie die Wand der W\u00e4nde!<\/p>\n<p>1. Aufl. Mai 2013, 232 Seiten, ca. 300 Abbildungen<br \/>\nHardcover (16 x 24 cm), durchgehend farbig<\/p>","protected":false},"excerpt":{"rendered":"<ul>\n<li><a href=\"https:\/\/pizbube.ch\/wp-content\/uploads\/attachments\/a_025\/9038CA32E9A0B3AF2865F7DC06CB8582.pdf\" target=\"_blank\" rel=\"noopener\">PDF: Eigerlexikon &#8211; Leseprobe<\/a><\/li>\n<\/ul>","protected":false},"featured_media":162093,"template":"","meta":[],"product_brand":[],"product_cat":[21542],"product_tag":[],"class_list":{"0":"post-151019","1":"product","2":"type-product","3":"status-publish","4":"has-post-thumbnail","6":"product_cat-sachbuecher-dokumentationen","7":"pa_autor-auffermann","8":"pa_erscheinungsjahr-21568","9":"pa_region-schweiz","10":"pa_sprache-de","12":"first","13":"instock","14":"taxable","15":"shipping-taxable","16":"purchasable","17":"product-type-simple"},"_links":{"self":[{"href":"https:\/\/pizbube.ch\/en\/wp-json\/wp\/v2\/product\/151019","targetHints":{"allow":["GET"]}}],"collection":[{"href":"https:\/\/pizbube.ch\/en\/wp-json\/wp\/v2\/product"}],"about":[{"href":"https:\/\/pizbube.ch\/en\/wp-json\/wp\/v2\/types\/product"}],"wp:featuredmedia":[{"embeddable":true,"href":"https:\/\/pizbube.ch\/en\/wp-json\/wp\/v2\/media\/162093"}],"wp:attachment":[{"href":"https:\/\/pizbube.ch\/en\/wp-json\/wp\/v2\/media?parent=151019"}],"wp:term":[{"taxonomy":"product_brand","embeddable":true,"href":"https:\/\/pizbube.ch\/en\/wp-json\/wp\/v2\/product_brand?post=151019"},{"taxonomy":"product_cat","embeddable":true,"href":"https:\/\/pizbube.ch\/en\/wp-json\/wp\/v2\/product_cat?post=151019"},{"taxonomy":"product_tag","embeddable":true,"href":"https:\/\/pizbube.ch\/en\/wp-json\/wp\/v2\/product_tag?post=151019"}],"curies":[{"name":"wp","href":"https:\/\/api.w.org\/{rel}","templated":true}]}}