{"id":151020,"date":"2021-01-15T11:58:54","date_gmt":"2021-01-15T11:58:54","guid":{"rendered":"https:\/\/codengine3.ch\/?product=import-placeholder-for-207503"},"modified":"2022-05-07T15:12:12","modified_gmt":"2022-05-07T13:12:12","slug":"passion-eiger-legendaere-routen-damals-und-heute","status":"publish","type":"product","link":"https:\/\/pizbube.ch\/en\/shop\/passion-eiger-legendaere-routen-damals-und-heute\/","title":{"rendered":"Passion Eiger &#8211; Legend\u00e4re Routen damals und heute."},"content":{"rendered":"<p>Roger Sch\u00e4li, geboren 1978, ist einer der profi- liertesten Schweizer<br \/>\nAlpinisten der Gegenwart und der beste Kenner der Eiger-Nordwand. Bislang<br \/>\ndurchstieg er die \u00abWand der W\u00e4nde\u00bb rund 50 Mal auf \u00fcber 20 verschiedenen<br \/>\nRouten und auch als Bergf\u00fchrer mit G\u00e4sten. Oft ist er dabei legend\u00e4ren<br \/>\nAufstiegslinien gefolgt.<\/p>\n<p>Zu den spektakul\u00e4rsten Erfolgen Roger Sch\u00e4lis am Eiger z\u00e4hlen die ersten<br \/>\nfreien Begehungen der John-Harlin-Route (Winterdirettissima) und der Japaner-<br \/>\nRoute (Sommerdirettissima), die Erstbegehung der bislang schwierigsten Eiger-<br \/>\nNordwand-Route Odyssee, die Erstbegehung der Freikletterroute Magic Mushroom<br \/>\nund die zweitschnellste Seilschaftsbegehung der klassischen Heckmair-Route in<br \/>\nknapp 4,5 Stunden.<\/p>\n<p>Das Buch verbindet die Schilderung des goldenen Zeitalters am Eiger<br \/>\n(1966-1991: John-Harlin-Route, Japaner-Route, Tschechenpfeiler, Piola-Ghilini,<br \/>\nJeff Lowe &#8230;) mit den Aktivit\u00e4ten Roger Sch\u00e4lis in der Gegenwart: Grenzg\u00e4nge,<br \/>\nDramen und Triumphe &#8211; von monatelangen Nordwand-Expeditionen zu<br \/>\natemberaubenden Freikletterrouten und bahnbrechenden Alleing\u00e4ngen. Eine<br \/>\neinmalige Kombination aus pers\u00f6nlichen Erlebnissen, historischen Berichten und<br \/>\nPortr\u00e4ts &#8211; spannend wie ein Krimi, informativ wie ein Fachbuch.<\/p>\n<p>1. Auflage 2020; 200 S.; gebunden<\/p>","protected":false},"excerpt":{"rendered":"<p>Roger Sch\u00e4li, geboren 1978, ist einer der profi- liertesten Schweizer Alpinisten der Gegenwart und der beste Kenner der Eiger-Nordwand. Bislang durchstieg er die \u00abWand der W\u00e4nde\u00bb rund 50 Mal auf \u00fcber 20 verschiedenen Routen und auch als Bergf\u00fchrer mit G\u00e4sten. Oft ist er dabei legend\u00e4ren Aufstiegslinien gefolgt. Zu den spektakul\u00e4rsten Erfolgen Roger Sch\u00e4lis am Eiger [&#8230;]\n","protected":false},"featured_media":161893,"template":"","meta":[],"product_brand":[],"product_cat":[21542],"product_tag":[],"class_list":{"0":"post-151020","1":"product","2":"type-product","3":"status-publish","4":"has-post-thumbnail","6":"product_cat-sachbuecher-dokumentationen","7":"pa_autor-schaeli-rettner-hemmleb","8":"pa_erscheinungsjahr-21558","9":"pa_region-schweiz","10":"pa_sprache-de","12":"first","13":"instock","14":"taxable","15":"shipping-taxable","16":"purchasable","17":"product-type-simple"},"_links":{"self":[{"href":"https:\/\/pizbube.ch\/en\/wp-json\/wp\/v2\/product\/151020","targetHints":{"allow":["GET"]}}],"collection":[{"href":"https:\/\/pizbube.ch\/en\/wp-json\/wp\/v2\/product"}],"about":[{"href":"https:\/\/pizbube.ch\/en\/wp-json\/wp\/v2\/types\/product"}],"wp:featuredmedia":[{"embeddable":true,"href":"https:\/\/pizbube.ch\/en\/wp-json\/wp\/v2\/media\/161893"}],"wp:attachment":[{"href":"https:\/\/pizbube.ch\/en\/wp-json\/wp\/v2\/media?parent=151020"}],"wp:term":[{"taxonomy":"product_brand","embeddable":true,"href":"https:\/\/pizbube.ch\/en\/wp-json\/wp\/v2\/product_brand?post=151020"},{"taxonomy":"product_cat","embeddable":true,"href":"https:\/\/pizbube.ch\/en\/wp-json\/wp\/v2\/product_cat?post=151020"},{"taxonomy":"product_tag","embeddable":true,"href":"https:\/\/pizbube.ch\/en\/wp-json\/wp\/v2\/product_tag?post=151020"}],"curies":[{"name":"wp","href":"https:\/\/api.w.org\/{rel}","templated":true}]}}