{"id":151022,"date":"2021-01-15T11:58:55","date_gmt":"2021-01-15T11:58:55","guid":{"rendered":"https:\/\/codengine3.ch\/?product=import-placeholder-for-205833"},"modified":"2021-01-15T14:44:18","modified_gmt":"2021-01-15T14:44:18","slug":"die-alpenwanderer","status":"publish","type":"product","link":"https:\/\/pizbube.ch\/en\/shop\/die-alpenwanderer\/","title":{"rendered":"Die Alpenwanderer"},"content":{"rendered":"<p>Forscher, Schw\u00e4rmer, Vision\u00e4re. Gro\u00dfe Fu\u00dfreisen durch das Gebirge. Eine<br \/>\nWiederentdeckung  <\/p>\n<p>Es waren allesamt gebildete M\u00e4nner des 19. Jahrhunderts &#8211; Heinrich No\u00e9, Ludwig<br \/>\nSteub, Joseph Kyselak oder Hans Conrad Escher von der Linth -, die zu Fu\u00df<br \/>\naufgebrochen sind, um die touristisch gerade erwachende Alpenregion zu<br \/>\nerkunden. Sie waren keine Gipfelst\u00fcrmer! Nicht die alpinistische Tat reizte<br \/>\nsie. Sie kamen als Forscher, waren Sonderlinge, Vision\u00e4re. Ihr Augenmerk galt<br \/>\nden Talschaften und jener Halbh\u00f6he, wo die Zivilisation noch hinreicht, aber<br \/>\nan ihre Grenzen ger\u00e4t. Sie beobachteten das Leben in den Bergen mit scharfem<br \/>\nVerstand und beschrieben es genau. Ihre Reiseerz\u00e4hlungen, teils voll bissiger<br \/>\nIronie, teils hingerissen von romantischem Empfinden, wurden von den St\u00e4dtern<br \/>\nverschlungen, ihre B\u00fccher zu &#8218;Bestsellern&#8216;.  <\/p>\n<p>Stefan K\u00f6nig hat sich auf die Spuren dieser fr\u00fchen Alpenwanderer begeben. In<br \/>\nebenso spannenden wie am\u00fcsanten literarischen Portr\u00e4ts zeichnet er die Lebens-<br \/>\nund Reisewege dieser au\u00dfergew\u00f6hnlichen Menschen nach. Seine kurzweiligen<br \/>\nSchilderungen lassen uns die Alpen lange vor der Zeit des Massentourismus<br \/>\nentdecken und faszinierenden Pers\u00f6nlichkeiten begegnen, die das Gehen im<br \/>\nGebirge geformt und ver\u00e4ndert hat. Nicht zuletzt macht das Lesen ungeheure<br \/>\nLust, selbst wieder die Wanderschuhe zu schn\u00fcren und aufzubrechen, um die Welt<br \/>\nund sich selbst mit anderen Augen zu sehen.<\/p>","protected":false},"excerpt":{"rendered":"<p>Forscher, Schw\u00e4rmer, Vision\u00e4re. Gro\u00dfe Fu\u00dfreisen durch das Gebirge. Eine Wiederentdeckung Es waren allesamt gebildete M\u00e4nner des 19. Jahrhunderts &#8211; Heinrich No\u00e9, Ludwig Steub, Joseph Kyselak oder Hans Conrad Escher von der Linth -, die zu Fu\u00df aufgebrochen sind, um die touristisch gerade erwachende Alpenregion zu erkunden. Sie waren keine Gipfelst\u00fcrmer! Nicht die alpinistische Tat reizte [&#8230;]\n","protected":false},"featured_media":34664,"template":"","meta":[],"product_brand":[],"product_cat":[21542],"product_tag":[],"class_list":{"0":"post-151022","1":"product","2":"type-product","3":"status-publish","4":"has-post-thumbnail","6":"product_cat-sachbuecher-dokumentationen","7":"pa_autor-koenig","8":"pa_erscheinungsjahr-21693","9":"pa_region-oesterreich","10":"pa_sprache-de","12":"first","13":"instock","14":"taxable","15":"shipping-taxable","16":"purchasable","17":"product-type-simple"},"_links":{"self":[{"href":"https:\/\/pizbube.ch\/en\/wp-json\/wp\/v2\/product\/151022","targetHints":{"allow":["GET"]}}],"collection":[{"href":"https:\/\/pizbube.ch\/en\/wp-json\/wp\/v2\/product"}],"about":[{"href":"https:\/\/pizbube.ch\/en\/wp-json\/wp\/v2\/types\/product"}],"wp:featuredmedia":[{"embeddable":true,"href":"https:\/\/pizbube.ch\/en\/wp-json\/wp\/v2\/media\/34664"}],"wp:attachment":[{"href":"https:\/\/pizbube.ch\/en\/wp-json\/wp\/v2\/media?parent=151022"}],"wp:term":[{"taxonomy":"product_brand","embeddable":true,"href":"https:\/\/pizbube.ch\/en\/wp-json\/wp\/v2\/product_brand?post=151022"},{"taxonomy":"product_cat","embeddable":true,"href":"https:\/\/pizbube.ch\/en\/wp-json\/wp\/v2\/product_cat?post=151022"},{"taxonomy":"product_tag","embeddable":true,"href":"https:\/\/pizbube.ch\/en\/wp-json\/wp\/v2\/product_tag?post=151022"}],"curies":[{"name":"wp","href":"https:\/\/api.w.org\/{rel}","templated":true}]}}