{"id":151025,"date":"2021-01-15T11:58:55","date_gmt":"2021-01-15T11:58:55","guid":{"rendered":"https:\/\/codengine3.ch\/?product=import-placeholder-for-201527"},"modified":"2021-01-15T12:02:23","modified_gmt":"2021-01-15T12:02:23","slug":"eiszeit","status":"publish","type":"product","link":"https:\/\/pizbube.ch\/en\/shop\/eiszeit\/","title":{"rendered":"Eiszeit"},"content":{"rendered":"<p>Louis Agassiz, Charles Lyell und Elisha Kent Kane glaubten an die Eiszeit.<br \/>\nVoller Leidenschaft, Beharrlichkeit und Poesie k\u00e4mpften sie gegen den<br \/>\nWiderstand des wissenschaftlichen Establishments f\u00fcr ihre Idee. Dies ist ihre<br \/>\nGeschichte. Noch bis ins 19. Jahrhundert ahnte kein Mensch, dass gro\u00dfe Teile<br \/>\nder Erde einst von gigantischen Gletschern bedeckt waren. Unter<br \/>\nWissenschaftlern galt die Vorstellung als Scharlatanerie. Es waren drei<br \/>\nM\u00e4nner, die beharrlich f\u00fcr die Eiszeit-Theorie k\u00e4mpften &#8211; und schlie\u00dflich<br \/>\nRecht behielten. Bolles schildert die dramatischen Debatten um die Entdeckung<br \/>\nebenso eindringlich wie den \u00dcberlebenskampf der Expeditionsteilnehmer im<br \/>\nPolarmeer. Taschenbuchausgabe  <\/p>","protected":false},"excerpt":{"rendered":"<p>Louis Agassiz, Charles Lyell und Elisha Kent Kane glaubten an die Eiszeit. Voller Leidenschaft, Beharrlichkeit und Poesie k\u00e4mpften sie gegen den Widerstand des wissenschaftlichen Establishments f\u00fcr ihre Idee. Dies ist ihre Geschichte. Noch bis ins 19. Jahrhundert ahnte kein Mensch, dass gro\u00dfe Teile der Erde einst von gigantischen Gletschern bedeckt waren. Unter Wissenschaftlern galt die [&#8230;]\n","protected":false},"featured_media":28884,"template":"","meta":[],"product_brand":[],"product_cat":[21542],"product_tag":[],"class_list":{"0":"post-151025","1":"product","2":"type-product","3":"status-publish","4":"has-post-thumbnail","6":"product_cat-sachbuecher-dokumentationen","7":"pa_autor-bolles","8":"pa_erscheinungsjahr-22292","9":"pa_region-schweiz","10":"pa_sprache-de","12":"first","13":"outofstock","14":"taxable","15":"shipping-taxable","16":"purchasable","17":"product-type-simple"},"_links":{"self":[{"href":"https:\/\/pizbube.ch\/en\/wp-json\/wp\/v2\/product\/151025","targetHints":{"allow":["GET"]}}],"collection":[{"href":"https:\/\/pizbube.ch\/en\/wp-json\/wp\/v2\/product"}],"about":[{"href":"https:\/\/pizbube.ch\/en\/wp-json\/wp\/v2\/types\/product"}],"wp:featuredmedia":[{"embeddable":true,"href":"https:\/\/pizbube.ch\/en\/wp-json\/wp\/v2\/media\/28884"}],"wp:attachment":[{"href":"https:\/\/pizbube.ch\/en\/wp-json\/wp\/v2\/media?parent=151025"}],"wp:term":[{"taxonomy":"product_brand","embeddable":true,"href":"https:\/\/pizbube.ch\/en\/wp-json\/wp\/v2\/product_brand?post=151025"},{"taxonomy":"product_cat","embeddable":true,"href":"https:\/\/pizbube.ch\/en\/wp-json\/wp\/v2\/product_cat?post=151025"},{"taxonomy":"product_tag","embeddable":true,"href":"https:\/\/pizbube.ch\/en\/wp-json\/wp\/v2\/product_tag?post=151025"}],"curies":[{"name":"wp","href":"https:\/\/api.w.org\/{rel}","templated":true}]}}