{"id":151026,"date":"2021-01-15T11:58:55","date_gmt":"2021-01-15T11:58:55","guid":{"rendered":"https:\/\/codengine3.ch\/?product=import-placeholder-for-208449"},"modified":"2022-11-29T18:03:31","modified_gmt":"2022-11-29T17:03:31","slug":"das-multitalent-philipp-gosset-1838-1911","status":"publish","type":"product","link":"https:\/\/pizbube.ch\/en\/shop\/das-multitalent-philipp-gosset-1838-1911\/","title":{"rendered":"Das Multitalent Philipp Gosset 1838\u20131911"},"content":{"rendered":"<p>Alpinist, Gletscherforscher, Ingenieur, Landschaftsg\u00e4rtner, Topograf<\/p>\n<p>Philipp Charles Gosset, 1838 in Bern als Engl\u00e4nder geboren, 1911 als<br \/>\nBernburger gestorben, war ein Multitalent. \u00dcberregional bekannt wurde er durch<br \/>\nseine Gletscherforschungen. Sein T\u00e4tigkeitsgebiet war jedoch ungleich breiter.<br \/>\nEin Autorenteam gibt Einblick in sein spannungsreiches Leben.<br \/>\nGosset wuchs in Bern auf und liess sich in Paris zum Ingenieur ausbilden.<br \/>\nZur\u00fcck in der Schweiz bet\u00e4tigte er sich als Quartierplaner (Bern-Kirchenfeld<br \/>\nund Kirchenfeldbr\u00fccke), Eisenbahningenieur (Simplonstrecke zwischen Saint-<br \/>\nMaurice und Brig), Mitarbeiter des Eidgen\u00f6ssischen Stabsbureaus<br \/>\n(Siegfriedkarte, Seetiefenmessungen, Reliefbau, Schiessversuche), Lawinen- und<br \/>\nGletscherforscher (Rhonegletscher), freiberuflicher Vermessungsingenieur sowie<br \/>\nLeiter der vom Vater geerbten Canadischen Baumschule Wabern. Gosset<br \/>\nhinterliess Spuren. Nicht zuletzt, weil sein ausgepr\u00e4gter Gerechtigkeitssinn<br \/>\nihn mehrmals in Konflikt mit seinen Arbeit- und Auftraggebern brachte.<\/p>\n<p>Herausgegeben von Georg Germann, Kunst- und Architekturhistoriker in Bern und<br \/>\nlangj\u00e4hriger Direktor des Bernischen Historischen Museums. Mit Beitr\u00e4gen des<br \/>\nHistorikers Quirinus Reichen, des Ingenieurs und Kartenhistorikers Martin<br \/>\nRickenbacher, des Kunst- und Architekturhistorikers J\u00fcrg Schweizer sowie des<br \/>\nGartendenkmalpflegers Steffen Osoegawa.<\/p>\n<p>272 Seiten<br \/>\n30 farbige und 62 sw Abbildungen<br \/>\ngebunden; 16 \u00d7 24 cm<\/p>","protected":false},"excerpt":{"rendered":"<p>Alpinist, Gletscherforscher, Ingenieur, Landschaftsg\u00e4rtner, Topograf Philipp Charles Gosset, 1838 in Bern als Engl\u00e4nder geboren, 1911 als Bernburger gestorben, war ein Multitalent. \u00dcberregional bekannt wurde er durch seine Gletscherforschungen. Sein T\u00e4tigkeitsgebiet war jedoch ungleich breiter. Ein Autorenteam gibt Einblick in sein spannungsreiches Leben. Gosset wuchs in Bern auf und liess sich in Paris zum Ingenieur ausbilden. [&#8230;]\n","protected":false},"featured_media":164710,"template":"","meta":[],"product_brand":[],"product_cat":[21542],"product_tag":[],"class_list":{"0":"post-151026","1":"product","2":"type-product","3":"status-publish","4":"has-post-thumbnail","6":"product_cat-sachbuecher-dokumentationen","7":"pa_autor-germann-hrsg","8":"pa_erscheinungsjahr-21550","9":"pa_region-schweiz","10":"pa_sprache-de","12":"first","13":"instock","14":"taxable","15":"shipping-taxable","16":"purchasable","17":"product-type-simple"},"_links":{"self":[{"href":"https:\/\/pizbube.ch\/en\/wp-json\/wp\/v2\/product\/151026","targetHints":{"allow":["GET"]}}],"collection":[{"href":"https:\/\/pizbube.ch\/en\/wp-json\/wp\/v2\/product"}],"about":[{"href":"https:\/\/pizbube.ch\/en\/wp-json\/wp\/v2\/types\/product"}],"wp:featuredmedia":[{"embeddable":true,"href":"https:\/\/pizbube.ch\/en\/wp-json\/wp\/v2\/media\/164710"}],"wp:attachment":[{"href":"https:\/\/pizbube.ch\/en\/wp-json\/wp\/v2\/media?parent=151026"}],"wp:term":[{"taxonomy":"product_brand","embeddable":true,"href":"https:\/\/pizbube.ch\/en\/wp-json\/wp\/v2\/product_brand?post=151026"},{"taxonomy":"product_cat","embeddable":true,"href":"https:\/\/pizbube.ch\/en\/wp-json\/wp\/v2\/product_cat?post=151026"},{"taxonomy":"product_tag","embeddable":true,"href":"https:\/\/pizbube.ch\/en\/wp-json\/wp\/v2\/product_tag?post=151026"}],"curies":[{"name":"wp","href":"https:\/\/api.w.org\/{rel}","templated":true}]}}