{"id":151028,"date":"2021-01-15T11:58:55","date_gmt":"2021-01-15T11:58:55","guid":{"rendered":"https:\/\/codengine3.ch\/?product=import-placeholder-for-201311"},"modified":"2021-01-15T12:00:30","modified_gmt":"2021-01-15T12:00:30","slug":"bergdenken-eine-kulturgeschichte-der-hoehe","status":"publish","type":"product","link":"https:\/\/pizbube.ch\/en\/shop\/bergdenken-eine-kulturgeschichte-der-hoehe\/","title":{"rendered":"BergDenken-  Eine Kulturgeschichte der H\u00f6he"},"content":{"rendered":"<p>Ist es die Suche nach etwas H\u00f6herem oder nach sich selbst oder einfach blo\u00df<br \/>\nSucht, was immer mehr Menschen auf die Berge treibt? Kletterer setzen sich<br \/>\nextremen k\u00f6rperlichen Anstrengungen, extremen H\u00f6hen udn Gefahren aus. Die<br \/>\nTiroler Bergsteigerin Helga Peskoller geht in ihrer kulturanthropologischen<br \/>\nStudie diesem Ph\u00e4nomen nach.  <\/p>\n<p>Das Bergsteigen ist nicht mehr nur die Dom\u00e4ne von Alpinheroen, denen sich in<br \/>\nGipfelkampf und -sieg stets das markige Wort entringt. Statt der Luis-Trenker-<br \/>\nTypen gehen heute nachdenkliche Intellektuelle in die Berge. Reinhold Messner<br \/>\nund der 1982 im Himalaya umgekommene Reinhard Karl, dem Peskoller ihre<br \/>\neindringlichste Studie widmet, Thomas Bubendorfer oder Wolfgang G\u00fcllich<br \/>\nwissen, was sie tun, oder glauben es jedenfalls zu wissen. Mit dem &#8218;Thrill&#8216;,<br \/>\nder keineswegs \u00fcberspielten Angstlust, suchen sie Selbsterfahrung und<br \/>\nMeditation zugleich. Die neuere Diskurskritik hat Themen wie das Bergsteigen<br \/>\nf\u00fcr theoriew\u00fcrdig erkl\u00e4rt, die bislang eher als dezentral galten. Peskollers<br \/>\nBergDenken fasst beide Tendenzen zusammen. Auch in der Person der Autorin: Sie<br \/>\nist Extrembergsteigerin und Extremdenkerin zugleich, auf h\u00f6chstem Niveau,<br \/>\nAbsturzgefahr inbegriffen.  <\/p>\n<p>Alpinhistorisch und \u00fcber die aktuelle bergsteigerische Literatur ist Peskoller<br \/>\ngl\u00e4nzend informiert. Neben bekannten Exemplen wie Petrarcas Weg auf den Mont<br \/>\nVentoux oder de Saussures Erstbesteigung des Mont Blanc stehen unbekanntere<br \/>\nGrenzg\u00e4nge.  <\/p>","protected":false},"excerpt":{"rendered":"<p>Ist es die Suche nach etwas H\u00f6herem oder nach sich selbst oder einfach blo\u00df Sucht, was immer mehr Menschen auf die Berge treibt? Kletterer setzen sich extremen k\u00f6rperlichen Anstrengungen, extremen H\u00f6hen udn Gefahren aus. Die Tiroler Bergsteigerin Helga Peskoller geht in ihrer kulturanthropologischen Studie diesem Ph\u00e4nomen nach. Das Bergsteigen ist nicht mehr nur die Dom\u00e4ne [&#8230;]\n","protected":false},"featured_media":28623,"template":"","meta":[],"product_brand":[],"product_cat":[21542],"product_tag":[],"class_list":{"0":"post-151028","1":"product","2":"type-product","3":"status-publish","4":"has-post-thumbnail","6":"product_cat-sachbuecher-dokumentationen","7":"pa_autor-peskoller","8":"pa_erscheinungsjahr-22060","9":"pa_region-oesterreich","10":"pa_sprache-de","12":"first","13":"outofstock","14":"taxable","15":"shipping-taxable","16":"purchasable","17":"product-type-simple"},"_links":{"self":[{"href":"https:\/\/pizbube.ch\/en\/wp-json\/wp\/v2\/product\/151028","targetHints":{"allow":["GET"]}}],"collection":[{"href":"https:\/\/pizbube.ch\/en\/wp-json\/wp\/v2\/product"}],"about":[{"href":"https:\/\/pizbube.ch\/en\/wp-json\/wp\/v2\/types\/product"}],"wp:featuredmedia":[{"embeddable":true,"href":"https:\/\/pizbube.ch\/en\/wp-json\/wp\/v2\/media\/28623"}],"wp:attachment":[{"href":"https:\/\/pizbube.ch\/en\/wp-json\/wp\/v2\/media?parent=151028"}],"wp:term":[{"taxonomy":"product_brand","embeddable":true,"href":"https:\/\/pizbube.ch\/en\/wp-json\/wp\/v2\/product_brand?post=151028"},{"taxonomy":"product_cat","embeddable":true,"href":"https:\/\/pizbube.ch\/en\/wp-json\/wp\/v2\/product_cat?post=151028"},{"taxonomy":"product_tag","embeddable":true,"href":"https:\/\/pizbube.ch\/en\/wp-json\/wp\/v2\/product_tag?post=151028"}],"curies":[{"name":"wp","href":"https:\/\/api.w.org\/{rel}","templated":true}]}}