{"id":151030,"date":"2021-01-15T11:58:55","date_gmt":"2021-01-15T11:58:55","guid":{"rendered":"https:\/\/codengine3.ch\/?product=import-placeholder-for-203560"},"modified":"2024-10-30T15:17:39","modified_gmt":"2024-10-30T14:17:39","slug":"la-folie-du-k2","status":"publish","type":"product","link":"https:\/\/pizbube.ch\/en\/shop\/la-folie-du-k2\/","title":{"rendered":"La folie du K2"},"content":{"rendered":"<div id=\"product-description-short-283\" class=\"product-short-description\">\n<p>Un r\u00e9cit poignant sur celles et ceux qui se sont aventur\u00e9s \u00e0 gravir le K2.<\/p>\n<\/div>\n<div id=\"product-description-283\" class=\"product-long-description\">\n<p>On a appel\u00e9 \u00ab K2 \u00bb la montagne des montagnes. C\u2019est une pyramide de 5 km de large et 3,5 de haut, une masse de gneiss, de schistes et de granit \u00e9quivalente \u00e0 37 Cervin, flanqu\u00e9e \u00e0 l\u2019ouest d\u2019un pyramidion blanc : l\u2019Ang\u00e9lus. Il faut imaginer son sommet non comme un lieu physique, point de rencontre de cinq ar\u00eates montant de la Chine et du Pakistan mais comme une bulle. Un espace de non-vie aux confins de la stratosph\u00e8re o\u00f9 l\u2019air p\u00e8se trois fois moins qu\u2019au niveau de la mer, o\u00f9 le vent frappe avec la violence du jet-stream. Tous les alpinistes qui, plus tard, parviendront \u00e0 en redescendre exprimeront \u00e0 leur mani\u00e8re cette sensation que nulle montagne au monde, pas m\u00eame l\u2019Everest, ne procure avec cette intensit\u00e9.<\/p>\n<p>128 pages,<br \/>\n12 x 17 cm<\/p>\n<p>Mise \u00e0 jour 2024<\/p>\n<\/div>","protected":false},"excerpt":{"rendered":"<p>Un r\u00e9cit poignant sur celles et ceux qui se sont aventur\u00e9s \u00e0 gravir le K2. On a appel\u00e9 \u00ab K2 \u00bb la montagne des montagnes. C\u2019est une pyramide de 5 km de large et 3,5 de haut, une masse de gneiss, de schistes et de granit \u00e9quivalente \u00e0 37 Cervin, flanqu\u00e9e \u00e0 l\u2019ouest d\u2019un pyramidion [&#8230;]\n","protected":false},"featured_media":176974,"template":"","meta":[],"product_brand":[],"product_cat":[21542],"product_tag":[],"class_list":{"0":"post-151030","1":"product","2":"type-product","3":"status-publish","4":"has-post-thumbnail","6":"product_cat-sachbuecher-dokumentationen","7":"pa_autor-buffet","8":"pa_erscheinungsjahr-27339","9":"pa_region-asien","10":"pa_sprache-fr","12":"first","13":"instock","14":"taxable","15":"shipping-taxable","16":"purchasable","17":"product-type-simple"},"_links":{"self":[{"href":"https:\/\/pizbube.ch\/en\/wp-json\/wp\/v2\/product\/151030","targetHints":{"allow":["GET"]}}],"collection":[{"href":"https:\/\/pizbube.ch\/en\/wp-json\/wp\/v2\/product"}],"about":[{"href":"https:\/\/pizbube.ch\/en\/wp-json\/wp\/v2\/types\/product"}],"wp:featuredmedia":[{"embeddable":true,"href":"https:\/\/pizbube.ch\/en\/wp-json\/wp\/v2\/media\/176974"}],"wp:attachment":[{"href":"https:\/\/pizbube.ch\/en\/wp-json\/wp\/v2\/media?parent=151030"}],"wp:term":[{"taxonomy":"product_brand","embeddable":true,"href":"https:\/\/pizbube.ch\/en\/wp-json\/wp\/v2\/product_brand?post=151030"},{"taxonomy":"product_cat","embeddable":true,"href":"https:\/\/pizbube.ch\/en\/wp-json\/wp\/v2\/product_cat?post=151030"},{"taxonomy":"product_tag","embeddable":true,"href":"https:\/\/pizbube.ch\/en\/wp-json\/wp\/v2\/product_tag?post=151030"}],"curies":[{"name":"wp","href":"https:\/\/api.w.org\/{rel}","templated":true}]}}